{"id":2001,"date":"2026-01-06T03:47:10","date_gmt":"2026-01-06T03:47:10","guid":{"rendered":"https:\/\/vapealps.com\/?post_type=product&#038;p=2001"},"modified":"2026-01-21T07:39:30","modified_gmt":"2026-01-21T07:39:30","slug":"randm-digital-box-12000-wholesale","status":"publish","type":"product","link":"https:\/\/vapealps.com\/da\/vare\/randm-digital-box-12000-wholesale\/","title":{"rendered":"Randm Digital Box 12000 Puffs 0% 2% 3% 5% Nikotin LED Display Genopladelig K\u00f8b i Bulk Engangs Vape Engros"},"content":{"rendered":"<h2 data-path-to-node=\"0\">RandM Digital Box 12000 Puffs: En moderne engangsdamper<\/h2>\n<p data-path-to-node=\"1\">De <a href=\"https:\/\/vapealps.com\/da\/vare-kategori\/fumot\/\">FUMOT<\/a>\u00a0<b data-path-to-node=\"1\" data-index-in-node=\"4\">RandM Digital Box 12000 Puffs<\/b> er en h\u00f8jtydende engangsenhed fra Gleevape designet til dampere, der prioriterer lang levetid og smart teknologi. Den har et robust design og et integreret display, hvilket g\u00f8r den til et ideelt valg for flittige brugere.<\/p>\n<h3 data-path-to-node=\"2\">Kraftfuld ydeevne og smart design<\/h3>\n<p data-path-to-node=\"3\">Denne enhed er konstrueret til en problemfri og ensartet oplevelse:<\/p>\n<div class=\"___SFlex_n3dnq-red-team _use_primary_a2h7d-red-team __use_a2h7d-red-team __fixed_a2h7d-red-team ___SCell_a2h7d-red-team\" role=\"cell\" data-ui-name=\"Flex\">\n<div data-ui-name=\"Box\">\n<div class=\"___SFlex_n3dnq-red-team\" data-ui-name=\"Flex\">\n<div class=\"style-module__wrapper___cwu6x\" data-ui-name=\"Box\">\n<div class=\"style-module__inline___GLMW_\" data-ui-name=\"Box\"><span class=\"___SText_pr68d-red-team\" data-ui-name=\"Link.Text\">Fumot digitalboks 12000<\/span><\/div>\n<\/div>\n<\/div>\n<\/div>\n<\/div>\n<ul data-path-to-node=\"4\">\n<li>\n<p data-path-to-node=\"4,0,0\"><b data-path-to-node=\"4,0,0\" data-index-in-node=\"0\">Langvarig kraft<\/b>Den har en <b data-path-to-node=\"4,0,0\" data-index-in-node=\"35\">850mAh<\/b> genopladeligt batteri.<\/p>\n<\/li>\n<li>\n<p data-path-to-node=\"4,1,0\"><b data-path-to-node=\"4,1,0\" data-index-in-node=\"0\">Hurtig opladning<\/b>Batteriet kan genoplades via en <b data-path-to-node=\"4,1,0\" data-index-in-node=\"49\">Type-C<\/b> havn.<\/p>\n<\/li>\n<li>\n<p data-path-to-node=\"4,2,0\"><b data-path-to-node=\"4,2,0\" data-index-in-node=\"0\">H\u00f8jt sugeantal<\/b>Leverer op til <b data-path-to-node=\"4,2,0\" data-index-in-node=\"32\">12.000 sug<\/b> af damp.<\/p>\n<\/li>\n<li>\n<p data-path-to-node=\"4,3,0\"><b data-path-to-node=\"4,3,0\" data-index-in-node=\"0\">Stor kapacitet<\/b>Leveres med en <b data-path-to-node=\"4,3,0\" data-index-in-node=\"29\">20 ml<\/b> forfyldt tank for at reducere behovet for hyppige udskiftninger.<\/p>\n<\/li>\n<li>\n<p data-path-to-node=\"4,4,0\"><b data-path-to-node=\"4,4,0\" data-index-in-node=\"0\">Overv\u00e5gning i realtid<\/b>Inkluderer en indbygget sk\u00e6rm, der viser begge dele <b data-path-to-node=\"4,4,0\" data-index-in-node=\"68\">batteriniveau<\/b> og <b data-path-to-node=\"4,4,0\" data-index-in-node=\"86\">resterende e-v\u00e6ske<\/b>.<\/p>\n<\/li>\n<\/ul>\n<h3 data-path-to-node=\"5\">Nikotinmuligheder<\/h3>\n<p data-path-to-node=\"6\">Skr\u00e6ddersy din oplevelse med en r\u00e6kke nikotinstyrker:<\/p>\n<ul data-path-to-node=\"7\">\n<li>\n<p data-path-to-node=\"7,0,0\">V\u00e6lg mellem <b data-path-to-node=\"7,0,0\" data-index-in-node=\"12\">0%, 2%, 3% eller 5%<\/b> nikotinindhold.<\/p>\n<\/li>\n<\/ul>\n<h3 data-path-to-node=\"8\">Omfattende smagsudvalg<\/h3>\n<p data-path-to-node=\"9\">V\u00e6lg mellem et bredt udvalg af smagsvarianter fra de angivne lister:<\/p>\n<table data-path-to-node=\"10\">\n<thead>\n<tr>\n<td><strong>Iskold og forfriskende<\/strong><\/td>\n<td><strong>Frugtblandinger<\/strong><\/td>\n<td><strong>Slik og drikkevarer<\/strong><\/td>\n<\/tr>\n<\/thead>\n<tbody>\n<tr>\n<td><span data-path-to-node=\"10,1,0,0\">K\u00f8lig mynte<\/span><\/td>\n<td><span data-path-to-node=\"10,1,1,0\">Bl\u00e5b\u00e6r Hindb\u00e6r<\/span><\/td>\n<td><span data-path-to-node=\"10,1,2,0\">Jordb\u00e6rdonut<\/span><\/td>\n<\/tr>\n<tr>\n<td><span data-path-to-node=\"10,2,0,0\">Vandmelonis<\/span><\/td>\n<td><span data-path-to-node=\"10,2,1,0\">Jordb\u00e6r Vandmelon<\/span><\/td>\n<td><span data-path-to-node=\"10,2,2,0\">Kirseb\u00e6rcola<\/span><\/td>\n<\/tr>\n<tr>\n<td><span data-path-to-node=\"10,3,0,0\">Drueis<\/span><\/td>\n<td><span data-path-to-node=\"10,3,1,0\">Jordb\u00e6r Banan<\/span><\/td>\n<td><span data-path-to-node=\"10,3,2,0\">Lyser\u00f8d limonade<\/span><\/td>\n<\/tr>\n<tr>\n<td><span data-path-to-node=\"10,4,0,0\">Frodig is<\/span><\/td>\n<td><span data-path-to-node=\"10,4,1,0\">Blandede b\u00e6r<\/span><\/td>\n<td><span data-path-to-node=\"10,4,2,0\">Ispops<\/span><\/td>\n<\/tr>\n<tr>\n<td><span data-path-to-node=\"10,5,0,0\">Jordb\u00e6ris<\/span><\/td>\n<td><span data-path-to-node=\"10,5,1,0\">Jordb\u00e6r Drue<\/span><\/td>\n<td><span data-path-to-node=\"10,5,2,0\">Jordb\u00e6r Red Bull<\/span><\/td>\n<\/tr>\n<tr>\n<td><span data-path-to-node=\"10,6,0,0\">Mango p\u00e5 is<\/span><\/td>\n<td><span data-path-to-node=\"10,6,1,0\">Kiwi Passionsfrugt Guava<\/span><\/td>\n<td><span data-path-to-node=\"10,6,2,0\">B\u00e6rlimonade<\/span><\/td>\n<\/tr>\n<tr>\n<td><span data-path-to-node=\"10,7,0,0\">Bl\u00e5b\u00e6r p\u00e5 is<\/span><\/td>\n<td><span data-path-to-node=\"10,7,1,0\">Jordb\u00e6r Kiwi<\/span><\/td>\n<td><span data-path-to-node=\"10,7,2,0\">Bl\u00e5 Razz Lemonade<\/span><\/td>\n<\/tr>\n<tr>\n<td><span data-path-to-node=\"10,8,0,0\">Ferskenis<\/span><\/td>\n<td><span data-path-to-node=\"10,8,1,0\">Fersken Mango<\/span><\/td>\n<td><span data-path-to-node=\"10,8,2,0\">Iste Citron Is<\/span><\/td>\n<\/tr>\n<tr>\n<td><span data-path-to-node=\"10,9,0,0\">R\u00f8d \u00e6bleis<\/span><\/td>\n<td><span data-path-to-node=\"10,9,1,0\">\u00c6ble-b\u00e6r-eksplosion<\/span><\/td>\n<td><span data-path-to-node=\"10,9,2,0\">Iste Fersken Is<\/span><\/td>\n<\/tr>\n<tr>\n<td><span data-path-to-node=\"10,10,0,0\">Bananis<\/span><\/td>\n<td><span data-path-to-node=\"10,10,1,0\">Bl\u00e5b\u00e6r Kirseb\u00e6r Traneb\u00e6r<\/span><\/td>\n<td><span data-path-to-node=\"10,10,2,0\">Vimto<\/span><\/td>\n<\/tr>\n<tr>\n<td><span data-path-to-node=\"10,11,0,0\">Dragefrugt-is<\/span><\/td>\n<td><span data-path-to-node=\"10,11,1,0\">Hindb\u00e6r Vandmelon<\/span><\/td>\n<td><span data-path-to-node=\"10,11,2,0\">Cola-is<\/span><\/td>\n<\/tr>\n<tr>\n<td><span data-path-to-node=\"10,12,0,0\">Sort is<\/span><\/td>\n<td><span data-path-to-node=\"10,12,1,0\">Jordb\u00e6r Granat\u00e6ble<\/span><\/td>\n<td><span data-path-to-node=\"10,12,2,0\">Bingo-knus<\/span><\/td>\n<\/tr>\n<tr>\n<td><span data-path-to-node=\"10,13,0,0\">Ananasis<\/span><\/td>\n<td><span data-path-to-node=\"10,13,1,0\">Bl\u00e5b\u00e6r Kiwi<\/span><\/td>\n<td><span data-path-to-node=\"10,13,2,0\">K\u00e6rlighed 66<\/span><\/td>\n<\/tr>\n<tr>\n<td><span data-path-to-node=\"10,14,0,0\">R\u00f8d Energi Is<\/span><\/td>\n<td><span data-path-to-node=\"10,14,1,0\">Frugtagtig fusion<\/span><\/td>\n<td><span data-path-to-node=\"10,14,2,0\">Bl\u00e5b\u00e6r Bubblegum<\/span><\/td>\n<\/tr>\n<\/tbody>\n<\/table>\n<p data-path-to-node=\"11\"><i data-path-to-node=\"11\" data-index-in-node=\"0\">Bem\u00e6rk: Yderligere unikke smagsvarianter inkluderer <b data-path-to-node=\"11\" data-index-in-node=\"40\">Dr. Bl\u00e5<\/b>, <b data-path-to-node=\"11\" data-index-in-node=\"49\">Bl\u00e5 sur hindb\u00e6r<\/b>, og <b data-path-to-node=\"11\" data-index-in-node=\"74\">Druemynte<\/b>. For dem der ikke kan beslutte sig, en <b data-path-to-node=\"11\" data-index-in-node=\"116\">Tilf\u00e6ldig smag<\/b> mulighed for hurtig levering.<\/i><\/p>\n<p data-path-to-node=\"11\"><img loading=\"lazy\" decoding=\"async\" class=\"lazy-load-active alignnone wp-image-7439 size-full\" src=\"https:\/\/gleevape.com\/wp-content\/uploads\/2024\/05\/RANDM_DIGITAL_BOX_12000_puffs_1.webp\" alt=\"Randm Digital Box 12000 Puffs 0% 2% 3% 5% Nicotine LED Display Rechargeable Bulk Buy Disposable Vape Wholesale\" width=\"800\" height=\"800\" data-src=\"https:\/\/gleevape.com\/wp-content\/uploads\/2024\/05\/RANDM_DIGITAL_BOX_12000_puffs_1.webp\" data-srcset=\"https:\/\/i0.wp.com\/gleevape.com\/wp-content\/uploads\/2024\/05\/RANDM_DIGITAL_BOX_12000_puffs_1.webp?w=800&amp;ssl=1 800w, https:\/\/i0.wp.com\/gleevape.com\/wp-content\/uploads\/2024\/05\/RANDM_DIGITAL_BOX_12000_puffs_1.webp?resize=400%2C400&amp;ssl=1 400w, https:\/\/i0.wp.com\/gleevape.com\/wp-content\/uploads\/2024\/05\/RANDM_DIGITAL_BOX_12000_puffs_1.webp?resize=280%2C280&amp;ssl=1 280w, https:\/\/i0.wp.com\/gleevape.com\/wp-content\/uploads\/2024\/05\/RANDM_DIGITAL_BOX_12000_puffs_1.webp?resize=768%2C768&amp;ssl=1 768w, https:\/\/i0.wp.com\/gleevape.com\/wp-content\/uploads\/2024\/05\/RANDM_DIGITAL_BOX_12000_puffs_1.webp?resize=12%2C12&amp;ssl=1 12w, https:\/\/i0.wp.com\/gleevape.com\/wp-content\/uploads\/2024\/05\/RANDM_DIGITAL_BOX_12000_puffs_1.webp?resize=300%2C300&amp;ssl=1 300w, https:\/\/i0.wp.com\/gleevape.com\/wp-content\/uploads\/2024\/05\/RANDM_DIGITAL_BOX_12000_puffs_1.webp?resize=600%2C600&amp;ssl=1 600w, https:\/\/i0.wp.com\/gleevape.com\/wp-content\/uploads\/2024\/05\/RANDM_DIGITAL_BOX_12000_puffs_1.webp?resize=100%2C100&amp;ssl=1 100w\" data- title=\"\"><\/p>\n<div class=\"product-navigation\">\n<p>Previous Product: <a href=\"https:\/\/vapealps.com\/da\/vare\/elf-bar-bc5000-wholesale\/\">ELF BAR BC5000 5% Nikotin Genopladelig K\u00f8b Engangs Vape Engros<\/a><\/p>\n<p>Next Product: <a href=\"https:\/\/vapealps.com\/da\/vare\/randm-tornado-15000-wholesale\/\">RandM Tornado 15000 Puffs 0% 2% 3% 5% Nikotin K\u00f8b Engangs Vape Engros<\/a><\/p>\n<\/div>","protected":false},"excerpt":{"rendered":"<p>RandM Digital Box 12000 Puffs: A Modern Disposable Vape The FUMOT\u00a0RandM Digital Box 12000 Puffs is a high-performance disposable device<\/p>","protected":false},"featured_media":2004,"comment_status":"open","ping_status":"closed","template":"","meta":[],"product_brand":[1340],"product_cat":[408,411,412,410,409,416],"product_tag":[414,413,415],"class_list":{"0":"post-2001","1":"product","2":"type-product","3":"status-publish","4":"has-post-thumbnail","6":"product_brand-fumot","7":"product_cat-randm-digital-box-12000-puffs","8":"product_cat-fumot","9":"product_cat-fumot-12000","10":"product_cat-fumot-digital-box-12000","11":"product_cat-fumot-disposable-vapes","12":"product_cat-randm-disposable-vapes","13":"product_tag-fp-fumot","14":"product_tag-fumot-vape","15":"product_tag-randm-vape","17":"first","18":"instock","19":"shipping-taxable","20":"purchasable","21":"product-type-variable"},"tiered_pricing_type":"fixed","tiered_pricing_fixed_rules":{"30":"8.3","60":"7.57","100":"6.95","200":"6.47","500":"6.10","1000":"5.85"},"tiered_pricing_product_settings":{"layout":"default","base_unit_name":{"singular":null,"plural":null},"default_variation":{}},"tiered_pricing_minimum_quantity":10,"tiered_pricing_roles_data":[],"tiered_pricing_percentage_rules":[],"tiered_pricing_maximum_quantity":null,"tiered_pricing_quantity_step":"10","_links":{"self":[{"href":"https:\/\/vapealps.com\/da\/wp-json\/wp\/v2\/product\/2001","targetHints":{"allow":["GET"]}}],"collection":[{"href":"https:\/\/vapealps.com\/da\/wp-json\/wp\/v2\/product"}],"about":[{"href":"https:\/\/vapealps.com\/da\/wp-json\/wp\/v2\/types\/product"}],"replies":[{"embeddable":true,"href":"https:\/\/vapealps.com\/da\/wp-json\/wp\/v2\/comments?post=2001"}],"version-history":[{"count":4,"href":"https:\/\/vapealps.com\/da\/wp-json\/wp\/v2\/product\/2001\/revisions"}],"predecessor-version":[{"id":18441,"href":"https:\/\/vapealps.com\/da\/wp-json\/wp\/v2\/product\/2001\/revisions\/18441"}],"wp:featuredmedia":[{"embeddable":true,"href":"https:\/\/vapealps.com\/da\/wp-json\/wp\/v2\/media\/2004"}],"wp:attachment":[{"href":"https:\/\/vapealps.com\/da\/wp-json\/wp\/v2\/media?parent=2001"}],"wp:term":[{"taxonomy":"product_brand","embeddable":true,"href":"https:\/\/vapealps.com\/da\/wp-json\/wp\/v2\/product_brand?post=2001"},{"taxonomy":"product_cat","embeddable":true,"href":"https:\/\/vapealps.com\/da\/wp-json\/wp\/v2\/product_cat?post=2001"},{"taxonomy":"product_tag","embeddable":true,"href":"https:\/\/vapealps.com\/da\/wp-json\/wp\/v2\/product_tag?post=2001"}],"curies":[{"name":"wp","href":"https:\/\/api.w.org\/{rel}","templated":true}]}}