{"id":2001,"date":"2026-01-06T03:47:10","date_gmt":"2026-01-06T03:47:10","guid":{"rendered":"https:\/\/vapealps.com\/?post_type=product&#038;p=2001"},"modified":"2026-01-21T07:39:30","modified_gmt":"2026-01-21T07:39:30","slug":"randm-digital-box-12000-wholesale","status":"publish","type":"product","link":"https:\/\/vapealps.com\/de\/produkt\/randm-digital-box-12000-wholesale\/","title":{"rendered":"Randm Digital Box 12000 Z\u00fcge 0% 2% 3% 5% Nikotin LED-Anzeige Wiederaufladbar Gro\u00dfpackung Einweg-Vape Gro\u00dfhandel"},"content":{"rendered":"<h2 data-path-to-node=\"0\">RandM Digital Box 12000 Z\u00fcge: Eine moderne Einweg-E-Zigarette<\/h2>\n<p data-path-to-node=\"1\">Der <a href=\"https:\/\/vapealps.com\/de\/produkt-kategorie\/fumot\/\">FUMOT<\/a>\u00a0<b data-path-to-node=\"1\" data-index-in-node=\"4\">RandM Digital Box 12000 Z\u00fcge<\/b> ist ein leistungsstarkes Einwegger\u00e4t von Gleevape, das speziell f\u00fcr Dampfer entwickelt wurde, die Wert auf Langlebigkeit und intelligente Technologie legen. Es zeichnet sich durch ein robustes Design und ein integriertes Display aus und ist somit die ideale Wahl f\u00fcr Vielnutzer.<\/p>\n<h3 data-path-to-node=\"2\">Leistungsstarke Performance &amp; intelligentes Design<\/h3>\n<p data-path-to-node=\"3\">Dieses Ger\u00e4t wurde f\u00fcr ein nahtloses und konsistentes Benutzererlebnis entwickelt:<\/p>\n<div class=\"___SFlex_n3dnq-red-team _use_primary_a2h7d-red-team __use_a2h7d-red-team __fixed_a2h7d-red-team ___SCell_a2h7d-red-team\" role=\"cell\" data-ui-name=\"Flex\">\n<div data-ui-name=\"Box\">\n<div class=\"___SFlex_n3dnq-red-team\" data-ui-name=\"Flex\">\n<div class=\"style-module__wrapper___cwu6x\" data-ui-name=\"Box\">\n<div class=\"style-module__inline___GLMW_\" data-ui-name=\"Box\"><span class=\"___SText_pr68d-red-team\" data-ui-name=\"Link.Text\">Fumot Digitalbox 12000<\/span><\/div>\n<\/div>\n<\/div>\n<\/div>\n<\/div>\n<ul data-path-to-node=\"4\">\n<li>\n<p data-path-to-node=\"4,0,0\"><b data-path-to-node=\"4,0,0\" data-index-in-node=\"0\">Langanhaltende Leistung<\/b>Es beinhaltet ein <b data-path-to-node=\"4,0,0\" data-index-in-node=\"35\">850 mAh<\/b> wiederaufladbarer Akku.<\/p>\n<\/li>\n<li>\n<p data-path-to-node=\"4,1,0\"><b data-path-to-node=\"4,1,0\" data-index-in-node=\"0\">Schnellladen<\/b>Der Akku ist \u00fcber einen wiederaufladbaren Akku verf\u00fcgbar. <b data-path-to-node=\"4,1,0\" data-index-in-node=\"49\">Typ C<\/b> Hafen.<\/p>\n<\/li>\n<li>\n<p data-path-to-node=\"4,2,0\"><b data-path-to-node=\"4,2,0\" data-index-in-node=\"0\">Hohe Anzahl an Z\u00fcgen<\/b>Liefert bis zu <b data-path-to-node=\"4,2,0\" data-index-in-node=\"32\">12.000 Z\u00fcge<\/b> Dampf.<\/p>\n<\/li>\n<li>\n<p data-path-to-node=\"4,3,0\"><b data-path-to-node=\"4,3,0\" data-index-in-node=\"0\">Gro\u00dfe Kapazit\u00e4t<\/b>: Wird mitgeliefert <b data-path-to-node=\"4,3,0\" data-index-in-node=\"29\">20 ml<\/b> Der Tank ist vorgef\u00fcllt, um h\u00e4ufiges Nachf\u00fcllen zu vermeiden.<\/p>\n<\/li>\n<li>\n<p data-path-to-node=\"4,4,0\"><b data-path-to-node=\"4,4,0\" data-index-in-node=\"0\">Echtzeit\u00fcberwachung<\/b>: Beinhaltet einen eingebauten Bildschirm, der beides anzeigt <b data-path-to-node=\"4,4,0\" data-index-in-node=\"68\">Batteriestand<\/b> Und <b data-path-to-node=\"4,4,0\" data-index-in-node=\"86\">verbleibende E-Fl\u00fcssigkeit<\/b>.<\/p>\n<\/li>\n<\/ul>\n<h3 data-path-to-node=\"5\">Nikotinoptionen<\/h3>\n<p data-path-to-node=\"6\">Gestalten Sie Ihr Erlebnis individuell mit einer Vielzahl von Nikotinst\u00e4rken:<\/p>\n<ul data-path-to-node=\"7\">\n<li>\n<p data-path-to-node=\"7,0,0\">W\u00e4hlen Sie aus <b data-path-to-node=\"7,0,0\" data-index-in-node=\"12\">0%, 2%, 3% oder 5%<\/b> Nikotingehalt.<\/p>\n<\/li>\n<\/ul>\n<h3 data-path-to-node=\"8\">Umfangreiche Geschmacksauswahl<\/h3>\n<p data-path-to-node=\"9\">W\u00e4hlen Sie aus einer breiten Palette von Geschmacksrichtungen, die aus den bereitgestellten Listen entnommen wurden:<\/p>\n<table data-path-to-node=\"10\">\n<thead>\n<tr>\n<td><strong>Eisig und erfrischend<\/strong><\/td>\n<td><strong>Fruchtmischungen<\/strong><\/td>\n<td><strong>S\u00fc\u00dfigkeiten und Getr\u00e4nke<\/strong><\/td>\n<\/tr>\n<\/thead>\n<tbody>\n<tr>\n<td><span data-path-to-node=\"10,1,0,0\">K\u00fchle Minze<\/span><\/td>\n<td><span data-path-to-node=\"10,1,1,0\">Blaubeere Himbeere<\/span><\/td>\n<td><span data-path-to-node=\"10,1,2,0\">Erdbeer-Donut<\/span><\/td>\n<\/tr>\n<tr>\n<td><span data-path-to-node=\"10,2,0,0\">Wassermeloneneis<\/span><\/td>\n<td><span data-path-to-node=\"10,2,1,0\">Erdbeere Wassermelone<\/span><\/td>\n<td><span data-path-to-node=\"10,2,2,0\">Kirsch-Cola<\/span><\/td>\n<\/tr>\n<tr>\n<td><span data-path-to-node=\"10,3,0,0\">Traubeneis<\/span><\/td>\n<td><span data-path-to-node=\"10,3,1,0\">Erdbeer-Banane<\/span><\/td>\n<td><span data-path-to-node=\"10,3,2,0\">Rosa Limonade<\/span><\/td>\n<\/tr>\n<tr>\n<td><span data-path-to-node=\"10,4,0,0\">\u00dcppiges Eis<\/span><\/td>\n<td><span data-path-to-node=\"10,4,1,0\">Gemischte Beeren<\/span><\/td>\n<td><span data-path-to-node=\"10,4,2,0\">Eis am Stiel<\/span><\/td>\n<\/tr>\n<tr>\n<td><span data-path-to-node=\"10,5,0,0\">Erdbeereis<\/span><\/td>\n<td><span data-path-to-node=\"10,5,1,0\">Erdbeere Traube<\/span><\/td>\n<td><span data-path-to-node=\"10,5,2,0\">Erdbeer-Red Bull<\/span><\/td>\n<\/tr>\n<tr>\n<td><span data-path-to-node=\"10,6,0,0\">Mango auf Eis<\/span><\/td>\n<td><span data-path-to-node=\"10,6,1,0\">Kiwi, Passionsfrucht, Guave<\/span><\/td>\n<td><span data-path-to-node=\"10,6,2,0\">Beerenlimonade<\/span><\/td>\n<\/tr>\n<tr>\n<td><span data-path-to-node=\"10,7,0,0\">Blaubeere auf Eis<\/span><\/td>\n<td><span data-path-to-node=\"10,7,1,0\">Erdbeer-Kiwi<\/span><\/td>\n<td><span data-path-to-node=\"10,7,2,0\">Blaue Himbeerlimonade<\/span><\/td>\n<\/tr>\n<tr>\n<td><span data-path-to-node=\"10,8,0,0\">Pfirsicheis<\/span><\/td>\n<td><span data-path-to-node=\"10,8,1,0\">Pfirsich-Mango<\/span><\/td>\n<td><span data-path-to-node=\"10,8,2,0\">Eistee Zitrone Eis<\/span><\/td>\n<\/tr>\n<tr>\n<td><span data-path-to-node=\"10,9,0,0\">Rotes Apfeleis<\/span><\/td>\n<td><span data-path-to-node=\"10,9,1,0\">Apfel-Beeren-Explosion<\/span><\/td>\n<td><span data-path-to-node=\"10,9,2,0\">Eistee Pfirsich Eis<\/span><\/td>\n<\/tr>\n<tr>\n<td><span data-path-to-node=\"10,10,0,0\">Bananeneis<\/span><\/td>\n<td><span data-path-to-node=\"10,10,1,0\">Blaubeere, Kirsche, Cranberry<\/span><\/td>\n<td><span data-path-to-node=\"10,10,2,0\">Vimto<\/span><\/td>\n<\/tr>\n<tr>\n<td><span data-path-to-node=\"10,11,0,0\">Drachenfrucht-Eis<\/span><\/td>\n<td><span data-path-to-node=\"10,11,1,0\">Himbeer-Wassermelone<\/span><\/td>\n<td><span data-path-to-node=\"10,11,2,0\">Cola-Eis<\/span><\/td>\n<\/tr>\n<tr>\n<td><span data-path-to-node=\"10,12,0,0\">Glatteis<\/span><\/td>\n<td><span data-path-to-node=\"10,12,1,0\">Erdbeere Granatapfel<\/span><\/td>\n<td><span data-path-to-node=\"10,12,2,0\">Bingo Crush<\/span><\/td>\n<\/tr>\n<tr>\n<td><span data-path-to-node=\"10,13,0,0\">Ananas-Eis<\/span><\/td>\n<td><span data-path-to-node=\"10,13,1,0\">Blaubeere Kiwi<\/span><\/td>\n<td><span data-path-to-node=\"10,13,2,0\">Liebe 66<\/span><\/td>\n<\/tr>\n<tr>\n<td><span data-path-to-node=\"10,14,0,0\">Rotes Energieeis<\/span><\/td>\n<td><span data-path-to-node=\"10,14,1,0\">Fruchtige Fusion<\/span><\/td>\n<td><span data-path-to-node=\"10,14,2,0\">Blaubeer-Kaugummi<\/span><\/td>\n<\/tr>\n<\/tbody>\n<\/table>\n<p data-path-to-node=\"11\"><i data-path-to-node=\"11\" data-index-in-node=\"0\">Hinweis: Weitere einzigartige Geschmacksrichtungen umfassen <b data-path-to-node=\"11\" data-index-in-node=\"40\">Dr. Blue<\/b>, <b data-path-to-node=\"11\" data-index-in-node=\"49\">Blaue saure Himbeere<\/b>, Und <b data-path-to-node=\"11\" data-index-in-node=\"74\">Traubenminze<\/b>. F\u00fcr diejenigen, die sich nicht entscheiden k\u00f6nnen, ein <b data-path-to-node=\"11\" data-index-in-node=\"116\">Zuf\u00e4lliger Geschmack<\/b> Eine Option f\u00fcr schnelle Lieferung ist verf\u00fcgbar.<\/i><\/p>\n<p data-path-to-node=\"11\"><img loading=\"lazy\" decoding=\"async\" class=\"lazy-load-active alignnone wp-image-7439 size-full\" src=\"https:\/\/gleevape.com\/wp-content\/uploads\/2024\/05\/RANDM_DIGITAL_BOX_12000_puffs_1.webp\" alt=\"Randm Digital Box 12000 Puffs 0% 2% 3% 5% Nicotine LED Display Rechargeable Bulk Buy Disposable Vape Wholesale\" width=\"800\" height=\"800\" data-src=\"https:\/\/gleevape.com\/wp-content\/uploads\/2024\/05\/RANDM_DIGITAL_BOX_12000_puffs_1.webp\" data-srcset=\"https:\/\/i0.wp.com\/gleevape.com\/wp-content\/uploads\/2024\/05\/RANDM_DIGITAL_BOX_12000_puffs_1.webp?w=800&amp;ssl=1 800w, https:\/\/i0.wp.com\/gleevape.com\/wp-content\/uploads\/2024\/05\/RANDM_DIGITAL_BOX_12000_puffs_1.webp?resize=400%2C400&amp;ssl=1 400w, https:\/\/i0.wp.com\/gleevape.com\/wp-content\/uploads\/2024\/05\/RANDM_DIGITAL_BOX_12000_puffs_1.webp?resize=280%2C280&amp;ssl=1 280w, https:\/\/i0.wp.com\/gleevape.com\/wp-content\/uploads\/2024\/05\/RANDM_DIGITAL_BOX_12000_puffs_1.webp?resize=768%2C768&amp;ssl=1 768w, https:\/\/i0.wp.com\/gleevape.com\/wp-content\/uploads\/2024\/05\/RANDM_DIGITAL_BOX_12000_puffs_1.webp?resize=12%2C12&amp;ssl=1 12w, https:\/\/i0.wp.com\/gleevape.com\/wp-content\/uploads\/2024\/05\/RANDM_DIGITAL_BOX_12000_puffs_1.webp?resize=300%2C300&amp;ssl=1 300w, https:\/\/i0.wp.com\/gleevape.com\/wp-content\/uploads\/2024\/05\/RANDM_DIGITAL_BOX_12000_puffs_1.webp?resize=600%2C600&amp;ssl=1 600w, https:\/\/i0.wp.com\/gleevape.com\/wp-content\/uploads\/2024\/05\/RANDM_DIGITAL_BOX_12000_puffs_1.webp?resize=100%2C100&amp;ssl=1 100w\" data- title=\"\"><\/p>\n<div class=\"product-navigation\">\n<p>Previous Product: <a href=\"https:\/\/vapealps.com\/de\/produkt\/elf-bar-bc5000-wholesale\/\">ELF BAR BC5000 5% Nikotin-Akku-Einweg-Vape im Gro\u00dfhandel<\/a><\/p>\n<p>Next Product: <a href=\"https:\/\/vapealps.com\/de\/produkt\/randm-tornado-15000-wholesale\/\">RandM Tornado 15000 Z\u00fcge 0% 2% 3% 5% Nikotin Gro\u00dfpackung Einweg-Vape Gro\u00dfhandel<\/a><\/p>\n<\/div>","protected":false},"excerpt":{"rendered":"<p>RandM Digital Box 12000 Puffs: A Modern Disposable Vape The FUMOT\u00a0RandM Digital Box 12000 Puffs is a high-performance disposable device<\/p>","protected":false},"featured_media":2004,"comment_status":"open","ping_status":"closed","template":"","meta":[],"product_brand":[1340],"product_cat":[408,411,412,410,409,416],"product_tag":[414,413,415],"class_list":{"0":"post-2001","1":"product","2":"type-product","3":"status-publish","4":"has-post-thumbnail","6":"product_brand-fumot","7":"product_cat-randm-digital-box-12000-puffs","8":"product_cat-fumot","9":"product_cat-fumot-12000","10":"product_cat-fumot-digital-box-12000","11":"product_cat-fumot-disposable-vapes","12":"product_cat-randm-disposable-vapes","13":"product_tag-fp-fumot","14":"product_tag-fumot-vape","15":"product_tag-randm-vape","17":"first","18":"instock","19":"shipping-taxable","20":"purchasable","21":"product-type-variable"},"tiered_pricing_type":"fixed","tiered_pricing_fixed_rules":{"30":"8.3","60":"7.57","100":"6.95","200":"6.47","500":"6.10","1000":"5.85"},"tiered_pricing_product_settings":{"layout":"default","base_unit_name":{"singular":null,"plural":null},"default_variation":{}},"tiered_pricing_minimum_quantity":10,"tiered_pricing_roles_data":[],"tiered_pricing_percentage_rules":[],"tiered_pricing_maximum_quantity":null,"tiered_pricing_quantity_step":"10","_links":{"self":[{"href":"https:\/\/vapealps.com\/de\/wp-json\/wp\/v2\/product\/2001","targetHints":{"allow":["GET"]}}],"collection":[{"href":"https:\/\/vapealps.com\/de\/wp-json\/wp\/v2\/product"}],"about":[{"href":"https:\/\/vapealps.com\/de\/wp-json\/wp\/v2\/types\/product"}],"replies":[{"embeddable":true,"href":"https:\/\/vapealps.com\/de\/wp-json\/wp\/v2\/comments?post=2001"}],"version-history":[{"count":4,"href":"https:\/\/vapealps.com\/de\/wp-json\/wp\/v2\/product\/2001\/revisions"}],"predecessor-version":[{"id":18441,"href":"https:\/\/vapealps.com\/de\/wp-json\/wp\/v2\/product\/2001\/revisions\/18441"}],"wp:featuredmedia":[{"embeddable":true,"href":"https:\/\/vapealps.com\/de\/wp-json\/wp\/v2\/media\/2004"}],"wp:attachment":[{"href":"https:\/\/vapealps.com\/de\/wp-json\/wp\/v2\/media?parent=2001"}],"wp:term":[{"taxonomy":"product_brand","embeddable":true,"href":"https:\/\/vapealps.com\/de\/wp-json\/wp\/v2\/product_brand?post=2001"},{"taxonomy":"product_cat","embeddable":true,"href":"https:\/\/vapealps.com\/de\/wp-json\/wp\/v2\/product_cat?post=2001"},{"taxonomy":"product_tag","embeddable":true,"href":"https:\/\/vapealps.com\/de\/wp-json\/wp\/v2\/product_tag?post=2001"}],"curies":[{"name":"wp","href":"https:\/\/api.w.org\/{rel}","templated":true}]}}