{"id":11356,"date":"2026-01-14T03:39:56","date_gmt":"2026-01-14T03:39:56","guid":{"rendered":"https:\/\/vapealps.com\/product\/stag-bar-pulse-disposable-vape\/"},"modified":"2026-01-21T07:25:12","modified_gmt":"2026-01-21T07:25:12","slug":"stag-bar-pulse-disposable-vape","status":"publish","type":"product","link":"https:\/\/vapealps.com\/es\/producto\/stag-bar-pulse-disposable-vape\/","title":{"rendered":"Vape desechable Stag Bar Pulse 35000, 35\u00a0000 bocanadas, pantalla LED completa, almac\u00e9n en la UE"},"content":{"rendered":"<h2>Presentamos el Stag Bar Pulse 35000: la experiencia definitiva de vapeo desechable<\/h2>\n<p>Bienvenido a la pr\u00f3xima generaci\u00f3n de comodidad y rendimiento en vapeo. <strong>Barra de ciervo Pulse 35000<\/strong> No es solo otro vaporizador desechable; es una maravilla tecnol\u00f3gica dise\u00f1ada para brindar una experiencia inigualable desde la primera calada hasta la \u00faltima. Como nuevo producto en nuestra tienda WooCommerce, llega con la promesa de revolucionar tu rutina de vapeo. Con un precio incre\u00edble. <strong>$12.99<\/strong>, Este dispositivo ofrece un valor excepcional y un paquete de caracter\u00edsticas asombrosas. <strong>35.000 bocanadas<\/strong> Con un dise\u00f1o elegante y f\u00e1cil de usar. Procedente directamente de nuestro almac\u00e9n de la UE, te beneficias de un env\u00edo m\u00e1s r\u00e1pido, un stock fiable y el cumplimiento de las normas europeas. Tanto si eres un vapeador experimentado que busca un vaporizador duradero para uso diario como si buscas una alternativa sencilla al tabaco tradicional, el Stag Bar Pulse 35000 est\u00e1 dise\u00f1ado para superar tus expectativas.<\/p>\n<h2>Desempaquetado del Stag Bar Pulse 35000: Un an\u00e1lisis profundo de sus caracter\u00edsticas<\/h2>\n<p>El Stag Bar Pulse 35000 destaca en un mercado competitivo gracias a su inteligente integraci\u00f3n de alto rendimiento y tecnolog\u00eda inteligente. Exploremos las caracter\u00edsticas que lo convierten en un aut\u00e9ntico equipo.<\/p>\n<h3>1. La innovadora capacidad de 35.000 bocanadas<\/h3>\n<p>En el coraz\u00f3n de este dispositivo se encuentra una enorme capacidad de e-l\u00edquido precargado y un sistema de bobina de malla optimizado dise\u00f1ado para brindar una <strong>35.000 bocanadas<\/strong>. Esta extraordinaria vida \u00fatil significa que puede disfrutar de semanas, o incluso meses, de un vapeo satisfactorio sin la necesidad constante de reemplazos, recargas o recambios.<\/p>\n<h3>2. Pantalla LED completa revolucionaria<\/h3>\n<p>Aqu\u00ed es donde el &quot;Pulse&quot; cobra vida. A diferencia de cualquier desechable com\u00fan, el Stag Bar Pulse cuenta con... <strong>Pantalla LED completa e integrada<\/strong>. Esta pantalla inteligente proporciona informaci\u00f3n en tiempo real, de un vistazo, lo que le permite tener control total de su experiencia de vapeo.<\/p>\n<ul>\n<li><strong>Indicador de nivel de e-l\u00edquido:<\/strong> No te dejes sorprender por una calada seca. La pantalla muestra claramente el porcentaje de e-l\u00edquido restante, para que siempre sepas exactamente cu\u00e1nto queda.<\/li>\n<li><strong>Monitor de duraci\u00f3n de la bater\u00eda:<\/strong> Un \u00edcono de bater\u00eda preciso muestra la energ\u00eda restante, lo que garantiza que nunca te quedes sin carga inesperadamente.<\/li>\n<li><strong>Contador de bocanadas:<\/strong> Realice un seguimiento de su uso con un contador de bocanadas integrado, agregando una capa de informaci\u00f3n a sus h\u00e1bitos.<\/li>\n<\/ul>\n<h3>3. Tecnolog\u00eda avanzada de bobina de doble malla<\/h3>\n<p>Experimente el sabor y la producci\u00f3n de vapor como nunca antes. El dispositivo utiliza tecnolog\u00eda de vanguardia. <strong>bobina de malla doble<\/strong> Sistema. Esta tecnolog\u00eda calienta el e-l\u00edquido de forma m\u00e1s uniforme y eficiente que las resistencias est\u00e1ndar, lo que resulta en perfiles de sabor m\u00e1s ricos e intensos desde la primera inhalaci\u00f3n hasta la \u00faltima, y produce nubes de vapor incre\u00edblemente densas y satisfactorias.<\/p>\n<h3>4. E-l\u00edquido precargado de 20 ml y bater\u00eda recargable de 650 mAh<\/h3>\n<p>El Stag Bar Pulse 35000 est\u00e1 precargado con una generosa cantidad <strong>20 ml<\/strong> de e-l\u00edquido premium de sales de nicotina 5% (50 mg), perfectamente combinado con su sistema de resistencia para unas caladas suaves en la garganta. Este largo viaje se ve impulsado por un robusto sistema integrado. <strong>Bater\u00eda de 650 mAh<\/strong>. Si bien est\u00e1 dise\u00f1ado para durar toda la vida \u00fatil del e-l\u00edquido, tambi\u00e9n cuenta con un pr\u00e1ctico puerto de recarga USB-C, que ofrece tranquilidad y garantiza que se pueda disfrutar hasta la \u00faltima gota de e-l\u00edquido.<\/p>\n<h3>5. Activaci\u00f3n inteligente del tiro y flujo de aire ajustable<\/h3>\n<p>El funcionamiento es sencillo e intuitivo. <strong>disparo activado por extracci\u00f3n<\/strong>Sin botones ni configuraciones complicadas. Simplemente inhala para disfrutar. Adem\u00e1s, el dispositivo incluye un <strong>control de flujo de aire ajustable<\/strong> Dial. Cambia f\u00e1cilmente entre una inhalaci\u00f3n boca-pulm\u00f3n m\u00e1s apretada y restringida (similar a un cigarrillo) y una inhalaci\u00f3n directa al pulm\u00f3n m\u00e1s suelta para nubes masivas, lo que te permite personalizar tu estilo de vapeo sobre la marcha.<\/p>\n<h2>Experimente los beneficios: lo que el Stag Bar Pulse 35000 significa para usted<\/h2>\n<p>Estas impresionantes caracter\u00edsticas se traducen en beneficios tangibles y centrados en el usuario que mejoran su vida diaria.<\/p>\n<h3>Comodidad y rentabilidad inigualables<\/h3>\n<p>Olv\u00eddate de comprar resistencias, botellas de e-l\u00edquido o bater\u00edas por separado. El Stag Bar Pulse 35000 es una soluci\u00f3n integral. Su incre\u00edble n\u00famero de caladas ofrece la relaci\u00f3n coste-beneficio m\u00e1s baja del mercado, lo que lo convierte en un... <strong>opci\u00f3n extremadamente econ\u00f3mica<\/strong>. El precio de $12.99 representa un valor monumental para un dispositivo de esta capacidad.<\/p>\n<h3>Transparencia y control totales<\/h3>\n<p>Se elimina la ansiedad de no saber cu\u00e1ndo se acabar\u00e1 tu vaporizador. <strong>Pantalla LED completa<\/strong> Te empodera con conocimiento. Puedes planificar tu pr\u00f3xima compra sin conjeturas, gestionar tu consumo de nicotina de forma m\u00e1s eficaz con el contador de caladas y asegurar una experiencia consistente monitoreando la bater\u00eda. Siempre informado, siempre en control.<\/p>\n<h3>Sabor y rendimiento consistentes y de primera calidad<\/h3>\n<p>Gracias a la resistencia de doble malla y al e-l\u00edquido de sales de nicotina de alta calidad, cada calada ofrece el perfil de sabor completo y deseado con una consistencia excepcional. Sin degradaci\u00f3n del sabor ni caladas d\u00e9biles al final, simplemente... <strong>Rendimiento premium de principio a fin<\/strong>. El flujo de aire ajustable le permite ajustar este rendimiento seg\u00fan sus preferencias exactas.<\/p>\n<h3>Sin complicaciones y f\u00e1cil de usar<\/h3>\n<p>Dise\u00f1ado tanto para principiantes como para expertos, su funcionamiento es facil\u00edsimo. Est\u00e1 listo para usar nada m\u00e1s sacarlo de la caja. La bater\u00eda recargable por USB-C le aporta mayor practicidad, garantizando que el dispositivo nunca se agote antes de que se acabe el e-l\u00edquido.<\/p>\n<h2>Compromiso con la calidad y la seguridad<\/h2>\n<p>Como nuevo producto en nuestra tienda WooCommerce, el Stag Bar Pulse 35000 est\u00e1 dise\u00f1ado con un compromiso de excelencia. Procedente de nuestra <strong>Almac\u00e9n de la UE<\/strong>, Cumple con los estrictos est\u00e1ndares de calidad y seguridad del mercado europeo. El dispositivo est\u00e1 fabricado con materiales de alta calidad, utiliza ingredientes de e-l\u00edquido de grado alimenticio e incorpora m\u00faltiples protecciones de seguridad, como prevenci\u00f3n de cortocircuitos, protecci\u00f3n contra sobrecargas y advertencia de bajo voltaje. La pantalla LED es un testimonio de su ingenier\u00eda avanzada y confiable.<\/p>\n<h2>\u00bfPor qu\u00e9 elegir el vaporizador desechable Stag Bar Pulse 35000?<\/h2>\n<p>En el mundo de los vapeadores desechables, el Stag Bar Pulse 35000 es la opci\u00f3n definitiva. Aqu\u00ed tienes un resumen final de por qu\u00e9 destaca:<\/p>\n<ul>\n<li><strong>Valor inmejorable:<\/strong> 35.000 bocanadas por solo $12,99 es una oferta l\u00edder en el mercado.<\/li>\n<li><strong>Tecnolog\u00eda inteligente:<\/strong> La pantalla LED completa ofrece una transparencia inigualable y establece un nuevo est\u00e1ndar en la industria.<\/li>\n<li><strong>Experiencia superior:<\/strong> Las bobinas de malla doble y el flujo de aire ajustable garantizan un sabor rico y una producci\u00f3n de vapor perfecta.<\/li>\n<li><strong>M\u00e1xima comodidad:<\/strong> Un dispositivo todo en uno recargable, precargado y de larga duraci\u00f3n que simplifica el vapeo.<\/li>\n<li><strong>Abastecimiento confiable:<\/strong> Env\u00edo r\u00e1pido y confiable desde nuestro almac\u00e9n de la UE, lo que garantiza el cumplimiento y una entrega m\u00e1s r\u00e1pida.<\/li>\n<li><strong>Dise\u00f1o a prueba de futuro:<\/strong> Como producto nuevo, incorpora los \u00faltimos avances en tecnolog\u00eda de vapeo desechable.<\/li>\n<\/ul>\n<p><strong>\u00bfEst\u00e1s listo para transformar tu experiencia de vapeo?<\/strong> El Stag Bar Pulse 35000 es m\u00e1s que un simple vaporizador desechable; es un compa\u00f1ero inteligente y duradero tanto para los amantes del sabor como para los aficionados a las nubes. Haz clic en &quot;A\u00f1adir al carrito&quot; hoy mismo para conseguir este dispositivo revolucionario a precio de lanzamiento y descubre la combinaci\u00f3n perfecta de capacidad, tecnolog\u00eda y sabor. Experimenta el pulso del futuro con el Stag Bar Pulse 35000.<\/p>\n<div class=\"product-navigation\">\n<p>Producto anterior: <a href=\"https:\/\/vapealps.com\/es\/producto\/stag-bar-rechargeable-disposable-vape\/\">Vape desechable Stag Bar 4 en 1, 80.000 inhalaciones, recargable, original, con pantalla LCD, almac\u00e9n en la UE<\/a><\/p>\n<p>Siguiente producto: <a href=\"https:\/\/vapealps.com\/es\/producto\/vopk-four-flavors-disposable-vape\/\">Vopk - Vape desechable de cuatro sabores, 80.000 bocanadas, 4 en 1, recargable, original, con pantalla LCD<\/a><\/p>\n<\/div>","protected":false},"excerpt":{"rendered":"<p>Introducing the Stag Bar Pulse 35000: The Ultimate Disposable Vape Experience Welcome to the next generation of vaping convenience and<\/p>","protected":false},"featured_media":11344,"comment_status":"open","ping_status":"closed","template":"","meta":[],"product_brand":[],"product_cat":[898],"product_tag":[934],"class_list":{"0":"post-11356","1":"product","2":"type-product","3":"status-publish","4":"has-post-thumbnail","6":"product_cat-stag-bar","7":"product_tag-stag-bar","9":"first","10":"instock","11":"sale","12":"shipping-taxable","13":"purchasable","14":"product-type-variable"},"tiered_pricing_type":"fixed","tiered_pricing_fixed_rules":[],"tiered_pricing_product_settings":{"layout":"default","base_unit_name":{"singular":null,"plural":null},"default_variation":null},"tiered_pricing_minimum_quantity":null,"tiered_pricing_roles_data":[],"tiered_pricing_percentage_rules":[],"tiered_pricing_maximum_quantity":null,"tiered_pricing_quantity_step":null,"_links":{"self":[{"href":"https:\/\/vapealps.com\/es\/wp-json\/wp\/v2\/product\/11356","targetHints":{"allow":["GET"]}}],"collection":[{"href":"https:\/\/vapealps.com\/es\/wp-json\/wp\/v2\/product"}],"about":[{"href":"https:\/\/vapealps.com\/es\/wp-json\/wp\/v2\/types\/product"}],"replies":[{"embeddable":true,"href":"https:\/\/vapealps.com\/es\/wp-json\/wp\/v2\/comments?post=11356"}],"version-history":[{"count":1,"href":"https:\/\/vapealps.com\/es\/wp-json\/wp\/v2\/product\/11356\/revisions"}],"predecessor-version":[{"id":18535,"href":"https:\/\/vapealps.com\/es\/wp-json\/wp\/v2\/product\/11356\/revisions\/18535"}],"wp:featuredmedia":[{"embeddable":true,"href":"https:\/\/vapealps.com\/es\/wp-json\/wp\/v2\/media\/11344"}],"wp:attachment":[{"href":"https:\/\/vapealps.com\/es\/wp-json\/wp\/v2\/media?parent=11356"}],"wp:term":[{"taxonomy":"product_brand","embeddable":true,"href":"https:\/\/vapealps.com\/es\/wp-json\/wp\/v2\/product_brand?post=11356"},{"taxonomy":"product_cat","embeddable":true,"href":"https:\/\/vapealps.com\/es\/wp-json\/wp\/v2\/product_cat?post=11356"},{"taxonomy":"product_tag","embeddable":true,"href":"https:\/\/vapealps.com\/es\/wp-json\/wp\/v2\/product_tag?post=11356"}],"curies":[{"name":"wp","href":"https:\/\/api.w.org\/{rel}","templated":true}]}}