{"id":2001,"date":"2026-01-06T03:47:10","date_gmt":"2026-01-06T03:47:10","guid":{"rendered":"https:\/\/vapealps.com\/?post_type=product&#038;p=2001"},"modified":"2026-01-21T07:39:30","modified_gmt":"2026-01-21T07:39:30","slug":"randm-digital-box-12000-wholesale","status":"publish","type":"product","link":"https:\/\/vapealps.com\/es\/producto\/randm-digital-box-12000-wholesale\/","title":{"rendered":"Caja digital Randm de 12000 inhalaciones (0%, 2%, 3%, 5%), recargable con pantalla LED de nicotina, compra al por mayor de vaporizadores desechables."},"content":{"rendered":"<h2 data-path-to-node=\"0\">RandM Digital Box 12000 Puffs: Un vaporizador desechable moderno<\/h2>\n<p data-path-to-node=\"1\">El <a href=\"https:\/\/vapealps.com\/es\/categoria-producto\/fumot\/\">FUMOT<\/a>\u00a0<b data-path-to-node=\"1\" data-index-in-node=\"4\">Caja digital RandM 12000 inhalaciones<\/b> Es un dispositivo desechable de alto rendimiento de Gleevape, dise\u00f1ado para vapeadores que priorizan la durabilidad y la tecnolog\u00eda inteligente. Su dise\u00f1o robusto y pantalla integrada lo convierten en la opci\u00f3n ideal para usuarios frecuentes.<\/p>\n<h3 data-path-to-node=\"2\">Rendimiento potente y dise\u00f1o inteligente<\/h3>\n<p data-path-to-node=\"3\">Este dispositivo est\u00e1 dise\u00f1ado para brindar una experiencia fluida y consistente:<\/p>\n<div class=\"___SFlex_n3dnq-red-team _use_primary_a2h7d-red-team __use_a2h7d-red-team __fixed_a2h7d-red-team ___SCell_a2h7d-red-team\" role=\"cell\" data-ui-name=\"Flex\">\n<div data-ui-name=\"Box\">\n<div class=\"___SFlex_n3dnq-red-team\" data-ui-name=\"Flex\">\n<div class=\"style-module__wrapper___cwu6x\" data-ui-name=\"Box\">\n<div class=\"style-module__inline___GLMW_\" data-ui-name=\"Box\"><span class=\"___SText_pr68d-red-team\" data-ui-name=\"Link.Text\">Caja digital fumot 12000<\/span><\/div>\n<\/div>\n<\/div>\n<\/div>\n<\/div>\n<ul data-path-to-node=\"4\">\n<li>\n<p data-path-to-node=\"4,0,0\"><b data-path-to-node=\"4,0,0\" data-index-in-node=\"0\">Poder duradero<\/b>:Cuenta con una <b data-path-to-node=\"4,0,0\" data-index-in-node=\"35\">850 mAh<\/b> bater\u00eda recargable.<\/p>\n<\/li>\n<li>\n<p data-path-to-node=\"4,1,0\"><b data-path-to-node=\"4,1,0\" data-index-in-node=\"0\">Carga r\u00e1pida<\/b>:La bater\u00eda es recargable mediante un <b data-path-to-node=\"4,1,0\" data-index-in-node=\"49\">Tipo C<\/b> puerto.<\/p>\n<\/li>\n<li>\n<p data-path-to-node=\"4,2,0\"><b data-path-to-node=\"4,2,0\" data-index-in-node=\"0\">Alto recuento de bocanadas<\/b>:Entrega hasta <b data-path-to-node=\"4,2,0\" data-index-in-node=\"32\">12.000 bocanadas<\/b> de vapor.<\/p>\n<\/li>\n<li>\n<p data-path-to-node=\"4,3,0\"><b data-path-to-node=\"4,3,0\" data-index-in-node=\"0\">Gran capacidad<\/b>: Viene con un <b data-path-to-node=\"4,3,0\" data-index-in-node=\"29\">20 ml<\/b> Tanque prellenado para reducir la necesidad de reemplazos frecuentes.<\/p>\n<\/li>\n<li>\n<p data-path-to-node=\"4,4,0\"><b data-path-to-node=\"4,4,0\" data-index-in-node=\"0\">Monitoreo en tiempo real<\/b>:Incluye una pantalla incorporada que muestra ambos <b data-path-to-node=\"4,4,0\" data-index-in-node=\"68\">nivel de bater\u00eda<\/b> y <b data-path-to-node=\"4,4,0\" data-index-in-node=\"86\">e-l\u00edquido restante<\/b>.<\/p>\n<\/li>\n<\/ul>\n<h3 data-path-to-node=\"5\">Opciones de nicotina<\/h3>\n<p data-path-to-node=\"6\">Personalice su experiencia con una variedad de concentraciones de nicotina:<\/p>\n<ul data-path-to-node=\"7\">\n<li>\n<p data-path-to-node=\"7,0,0\">Elige entre <b data-path-to-node=\"7,0,0\" data-index-in-node=\"12\">0%, 2%, 3% o 5%<\/b> contenido de nicotina.<\/p>\n<\/li>\n<\/ul>\n<h3 data-path-to-node=\"8\">Amplia selecci\u00f3n de sabores<\/h3>\n<p data-path-to-node=\"9\">Elija entre una amplia gama de sabores extra\u00eddos de las listas proporcionadas:<\/p>\n<table data-path-to-node=\"10\">\n<thead>\n<tr>\n<td><strong>Helado y refrescante<\/strong><\/td>\n<td><strong>Mezclas de frutas<\/strong><\/td>\n<td><strong>Dulces y bebidas<\/strong><\/td>\n<\/tr>\n<\/thead>\n<tbody>\n<tr>\n<td><span data-path-to-node=\"10,1,0,0\">Menta fresca<\/span><\/td>\n<td><span data-path-to-node=\"10,1,1,0\">Ar\u00e1ndano Frambuesa<\/span><\/td>\n<td><span data-path-to-node=\"10,1,2,0\">Dona de fresa<\/span><\/td>\n<\/tr>\n<tr>\n<td><span data-path-to-node=\"10,2,0,0\">Helado de sand\u00eda<\/span><\/td>\n<td><span data-path-to-node=\"10,2,1,0\">Fresa Sand\u00eda<\/span><\/td>\n<td><span data-path-to-node=\"10,2,2,0\">Cola de cereza<\/span><\/td>\n<\/tr>\n<tr>\n<td><span data-path-to-node=\"10,3,0,0\">Hielo de uva<\/span><\/td>\n<td><span data-path-to-node=\"10,3,1,0\">Fresa y pl\u00e1tano<\/span><\/td>\n<td><span data-path-to-node=\"10,3,2,0\">Limonada rosa<\/span><\/td>\n<\/tr>\n<tr>\n<td><span data-path-to-node=\"10,4,0,0\">Hielo exuberante<\/span><\/td>\n<td><span data-path-to-node=\"10,4,1,0\">Bayas mixtas<\/span><\/td>\n<td><span data-path-to-node=\"10,4,2,0\">Paletas de hielo<\/span><\/td>\n<\/tr>\n<tr>\n<td><span data-path-to-node=\"10,5,0,0\">Helado de fresa<\/span><\/td>\n<td><span data-path-to-node=\"10,5,1,0\">Fresa Uva<\/span><\/td>\n<td><span data-path-to-node=\"10,5,2,0\">Red Bull de fresa<\/span><\/td>\n<\/tr>\n<tr>\n<td><span data-path-to-node=\"10,6,0,0\">Mango con hielo<\/span><\/td>\n<td><span data-path-to-node=\"10,6,1,0\">Kiwi Maracuy\u00e1 Guayaba<\/span><\/td>\n<td><span data-path-to-node=\"10,6,2,0\">Limonada de bayas<\/span><\/td>\n<\/tr>\n<tr>\n<td><span data-path-to-node=\"10,7,0,0\">Ar\u00e1ndanos con hielo<\/span><\/td>\n<td><span data-path-to-node=\"10,7,1,0\">Kiwi fresa<\/span><\/td>\n<td><span data-path-to-node=\"10,7,2,0\">Limonada Blue Razz<\/span><\/td>\n<\/tr>\n<tr>\n<td><span data-path-to-node=\"10,8,0,0\">Helado de melocot\u00f3n<\/span><\/td>\n<td><span data-path-to-node=\"10,8,1,0\">Melocot\u00f3n y mango<\/span><\/td>\n<td><span data-path-to-node=\"10,8,2,0\">T\u00e9 helado con lim\u00f3n y hielo<\/span><\/td>\n<\/tr>\n<tr>\n<td><span data-path-to-node=\"10,9,0,0\">Helado de manzana roja<\/span><\/td>\n<td><span data-path-to-node=\"10,9,1,0\">Explosi\u00f3n de manzana y bayas<\/span><\/td>\n<td><span data-path-to-node=\"10,9,2,0\">T\u00e9 helado de melocot\u00f3n<\/span><\/td>\n<\/tr>\n<tr>\n<td><span data-path-to-node=\"10,10,0,0\">Hielo de pl\u00e1tano<\/span><\/td>\n<td><span data-path-to-node=\"10,10,1,0\">Ar\u00e1ndano Cereza Ar\u00e1ndano Rojo<\/span><\/td>\n<td><span data-path-to-node=\"10,10,2,0\">Vimto<\/span><\/td>\n<\/tr>\n<tr>\n<td><span data-path-to-node=\"10,11,0,0\">Hielo de fruta del drag\u00f3n<\/span><\/td>\n<td><span data-path-to-node=\"10,11,1,0\">Frambuesa Sand\u00eda<\/span><\/td>\n<td><span data-path-to-node=\"10,11,2,0\">Hielo de cola<\/span><\/td>\n<\/tr>\n<tr>\n<td><span data-path-to-node=\"10,12,0,0\">Hielo negro<\/span><\/td>\n<td><span data-path-to-node=\"10,12,1,0\">Fresa y granada<\/span><\/td>\n<td><span data-path-to-node=\"10,12,2,0\">Bingo Crush<\/span><\/td>\n<\/tr>\n<tr>\n<td><span data-path-to-node=\"10,13,0,0\">Hielo de pi\u00f1a<\/span><\/td>\n<td><span data-path-to-node=\"10,13,1,0\">Ar\u00e1ndano y kiwi<\/span><\/td>\n<td><span data-path-to-node=\"10,13,2,0\">Amor 66<\/span><\/td>\n<\/tr>\n<tr>\n<td><span data-path-to-node=\"10,14,0,0\">Hielo de energ\u00eda roja<\/span><\/td>\n<td><span data-path-to-node=\"10,14,1,0\">Fusi\u00f3n afrutada<\/span><\/td>\n<td><span data-path-to-node=\"10,14,2,0\">Chicle de ar\u00e1ndanos<\/span><\/td>\n<\/tr>\n<\/tbody>\n<\/table>\n<p data-path-to-node=\"11\"><i data-path-to-node=\"11\" data-index-in-node=\"0\">Nota: Los sabores \u00fanicos adicionales incluyen <b data-path-to-node=\"11\" data-index-in-node=\"40\">Dr. Blue<\/b>, <b data-path-to-node=\"11\" data-index-in-node=\"49\">Frambuesa \u00e1cida azul<\/b>, y <b data-path-to-node=\"11\" data-index-in-node=\"74\">Menta de uva<\/b>. Para aquellos que no pueden decidirse, una <b data-path-to-node=\"11\" data-index-in-node=\"116\">Sabor aleatorio<\/b> Est\u00e1 disponible la opci\u00f3n de entrega r\u00e1pida.<\/i><\/p>\n<p data-path-to-node=\"11\"><img loading=\"lazy\" decoding=\"async\" class=\"lazy-load-active alignnone wp-image-7439 size-full\" src=\"https:\/\/gleevape.com\/wp-content\/uploads\/2024\/05\/RANDM_DIGITAL_BOX_12000_puffs_1.webp\" alt=\"Randm Digital Box 12000 Puffs 0% 2% 3% 5% Nicotine LED Display Rechargeable Bulk Buy Disposable Vape Wholesale\" width=\"800\" height=\"800\" data-src=\"https:\/\/gleevape.com\/wp-content\/uploads\/2024\/05\/RANDM_DIGITAL_BOX_12000_puffs_1.webp\" data-srcset=\"https:\/\/i0.wp.com\/gleevape.com\/wp-content\/uploads\/2024\/05\/RANDM_DIGITAL_BOX_12000_puffs_1.webp?w=800&amp;ssl=1 800w, https:\/\/i0.wp.com\/gleevape.com\/wp-content\/uploads\/2024\/05\/RANDM_DIGITAL_BOX_12000_puffs_1.webp?resize=400%2C400&amp;ssl=1 400w, https:\/\/i0.wp.com\/gleevape.com\/wp-content\/uploads\/2024\/05\/RANDM_DIGITAL_BOX_12000_puffs_1.webp?resize=280%2C280&amp;ssl=1 280w, https:\/\/i0.wp.com\/gleevape.com\/wp-content\/uploads\/2024\/05\/RANDM_DIGITAL_BOX_12000_puffs_1.webp?resize=768%2C768&amp;ssl=1 768w, https:\/\/i0.wp.com\/gleevape.com\/wp-content\/uploads\/2024\/05\/RANDM_DIGITAL_BOX_12000_puffs_1.webp?resize=12%2C12&amp;ssl=1 12w, https:\/\/i0.wp.com\/gleevape.com\/wp-content\/uploads\/2024\/05\/RANDM_DIGITAL_BOX_12000_puffs_1.webp?resize=300%2C300&amp;ssl=1 300w, https:\/\/i0.wp.com\/gleevape.com\/wp-content\/uploads\/2024\/05\/RANDM_DIGITAL_BOX_12000_puffs_1.webp?resize=600%2C600&amp;ssl=1 600w, https:\/\/i0.wp.com\/gleevape.com\/wp-content\/uploads\/2024\/05\/RANDM_DIGITAL_BOX_12000_puffs_1.webp?resize=100%2C100&amp;ssl=1 100w\" data- title=\"\"><\/p>\n<div class=\"product-navigation\">\n<p>Producto anterior: <a href=\"https:\/\/vapealps.com\/es\/producto\/elf-bar-bc5000-wholesale\/\">ELF BAR BC5000 5% - Vape desechable recargable de nicotina (venta al por mayor)<\/a><\/p>\n<p>Siguiente producto: <a href=\"https:\/\/vapealps.com\/es\/producto\/randm-tornado-15000-wholesale\/\">RandM Tornado 15000 Puffs 0% 2% 3% 5% Nicotina Compra al por mayor Vape desechable<\/a><\/p>\n<\/div>","protected":false},"excerpt":{"rendered":"<p>RandM Digital Box 12000 Puffs: A Modern Disposable Vape The FUMOT\u00a0RandM Digital Box 12000 Puffs is a high-performance disposable device<\/p>","protected":false},"featured_media":2004,"comment_status":"open","ping_status":"closed","template":"","meta":[],"product_brand":[1340],"product_cat":[408,411,412,410,409,416],"product_tag":[414,413,415],"class_list":{"0":"post-2001","1":"product","2":"type-product","3":"status-publish","4":"has-post-thumbnail","6":"product_brand-fumot","7":"product_cat-randm-digital-box-12000-puffs","8":"product_cat-fumot","9":"product_cat-fumot-12000","10":"product_cat-fumot-digital-box-12000","11":"product_cat-fumot-disposable-vapes","12":"product_cat-randm-disposable-vapes","13":"product_tag-fp-fumot","14":"product_tag-fumot-vape","15":"product_tag-randm-vape","17":"first","18":"instock","19":"shipping-taxable","20":"purchasable","21":"product-type-variable"},"tiered_pricing_type":"fixed","tiered_pricing_fixed_rules":{"30":"8.3","60":"7.57","100":"6.95","200":"6.47","500":"6.10","1000":"5.85"},"tiered_pricing_product_settings":{"layout":"default","base_unit_name":{"singular":null,"plural":null},"default_variation":{}},"tiered_pricing_minimum_quantity":10,"tiered_pricing_roles_data":[],"tiered_pricing_percentage_rules":[],"tiered_pricing_maximum_quantity":null,"tiered_pricing_quantity_step":"10","_links":{"self":[{"href":"https:\/\/vapealps.com\/es\/wp-json\/wp\/v2\/product\/2001","targetHints":{"allow":["GET"]}}],"collection":[{"href":"https:\/\/vapealps.com\/es\/wp-json\/wp\/v2\/product"}],"about":[{"href":"https:\/\/vapealps.com\/es\/wp-json\/wp\/v2\/types\/product"}],"replies":[{"embeddable":true,"href":"https:\/\/vapealps.com\/es\/wp-json\/wp\/v2\/comments?post=2001"}],"version-history":[{"count":4,"href":"https:\/\/vapealps.com\/es\/wp-json\/wp\/v2\/product\/2001\/revisions"}],"predecessor-version":[{"id":18441,"href":"https:\/\/vapealps.com\/es\/wp-json\/wp\/v2\/product\/2001\/revisions\/18441"}],"wp:featuredmedia":[{"embeddable":true,"href":"https:\/\/vapealps.com\/es\/wp-json\/wp\/v2\/media\/2004"}],"wp:attachment":[{"href":"https:\/\/vapealps.com\/es\/wp-json\/wp\/v2\/media?parent=2001"}],"wp:term":[{"taxonomy":"product_brand","embeddable":true,"href":"https:\/\/vapealps.com\/es\/wp-json\/wp\/v2\/product_brand?post=2001"},{"taxonomy":"product_cat","embeddable":true,"href":"https:\/\/vapealps.com\/es\/wp-json\/wp\/v2\/product_cat?post=2001"},{"taxonomy":"product_tag","embeddable":true,"href":"https:\/\/vapealps.com\/es\/wp-json\/wp\/v2\/product_tag?post=2001"}],"curies":[{"name":"wp","href":"https:\/\/api.w.org\/{rel}","templated":true}]}}