{"id":2180,"date":"2026-01-06T11:57:21","date_gmt":"2026-01-06T11:57:21","guid":{"rendered":"https:\/\/vapealps.com\/?post_type=product&#038;p=2180"},"modified":"2026-01-21T07:39:30","modified_gmt":"2026-01-21T07:39:30","slug":"randm-tornado-9000-wholesale","status":"publish","type":"product","link":"https:\/\/vapealps.com\/es\/producto\/randm-tornado-9000-wholesale\/","title":{"rendered":"Vape desechable de nicotina RandM Tornado 9000 Puffs 0% 2% 3% 5% al por mayor"},"content":{"rendered":"<h2 data-path-to-node=\"2\">RandM Tornado 9000 Puffs: Tu experiencia definitiva de vapeo desechable<\/h2>\n<p data-path-to-node=\"3\">El <b data-path-to-node=\"3\" data-index-in-node=\"4\">RandM Tornado 9000 bocanadas (<a href=\"https:\/\/vapealps.com\/es\/categoria-producto\/fumot\/\">Haga clic para ver m\u00e1s Fumot Vape<\/a>)<\/b> Es un vaporizador desechable muy popular y f\u00e1cil de usar, dise\u00f1ado para consumidores adultos que buscan durabilidad, comodidad y un sabor excepcional. Este dispositivo establece un nuevo est\u00e1ndar en la categor\u00eda de desechables.<\/p>\n<h3 data-path-to-node=\"4\">\u00a0Caracter\u00edsticas y tecnolog\u00eda clave<\/h3>\n<ul data-path-to-node=\"5\">\n<li>\n<p data-path-to-node=\"5,0,0\"><b data-path-to-node=\"5,0,0\" data-index-in-node=\"0\">Capacidad masiva:<\/b> Prellenado con una generosa cantidad <b data-path-to-node=\"5,0,0\" data-index-in-node=\"45\">18 ml<\/b> de e-l\u00edquido, proporcionando una impresionante vida \u00fatil de hasta <b data-path-to-node=\"5,0,0\" data-index-in-node=\"105\">9000 bocanadas<\/b>.<\/p>\n<\/li>\n<li>\n<p data-path-to-node=\"5,1,0\"><b data-path-to-node=\"5,1,0\" data-index-in-node=\"0\">Sabor optimizado:<\/b> Cuenta con una tecnolog\u00eda de vanguardia <b data-path-to-node=\"5,1,0\" data-index-in-node=\"42\">bobina de malla<\/b> Elemento calefactor que garantiza un sabor consistente, rico y puro desde la primera bocanada hasta la \u00faltima.<\/p>\n<\/li>\n<li>\n<p data-path-to-node=\"5,2,0\"><b data-path-to-node=\"5,2,0\" data-index-in-node=\"0\">Opciones de nicotina:<\/b> Disponible en una variedad de concentraciones de nicotina: <b data-path-to-node=\"5,2,0\" data-index-in-node=\"64\">0%, 2%, 3% o 5%<\/b>.<\/p>\n<\/li>\n<li>\n<p data-path-to-node=\"5,3,0\"><b data-path-to-node=\"5,3,0\" data-index-in-node=\"0\">Energ\u00eda recargable:<\/b> Equipado con un duradero <b data-path-to-node=\"5,3,0\" data-index-in-node=\"44\">Bater\u00eda recargable de 850 mAh<\/b>. Se recarga r\u00e1pidamente usando una bater\u00eda est\u00e1ndar. <b data-path-to-node=\"5,3,0\" data-index-in-node=\"111\">Tipo C<\/b> cable.<\/p>\n<\/li>\n<li>\n<p data-path-to-node=\"5,4,0\"><b data-path-to-node=\"5,4,0\" data-index-in-node=\"0\">Flujo de aire personalizable:<\/b> Incluye un <b data-path-to-node=\"5,4,0\" data-index-in-node=\"34\">flujo de aire ajustable<\/b> sistema que le brinda control sobre la producci\u00f3n de vapor y la resistencia a la inhalaci\u00f3n.<\/p>\n<\/li>\n<li>\n<p data-path-to-node=\"5,5,0\"><b data-path-to-node=\"5,5,0\" data-index-in-node=\"0\">Dise\u00f1o moderno:<\/b> Presenta un atractivo <b data-path-to-node=\"5,5,0\" data-index-in-node=\"38\">Luz RGB<\/b> que se ilumina mientras est\u00e1 en uso, agregando un toque elegante y moderno.<\/p>\n<\/li>\n<\/ul>\n<hr data-path-to-node=\"6\" \/>\n<h3 data-path-to-node=\"7\">33 sabores excepcionales<\/h3>\n<p data-path-to-node=\"8\">Explora nuestra amplia selecci\u00f3n de sabores. Cada opci\u00f3n est\u00e1 dise\u00f1ada para brindar una experiencia suave y satisfactoria.<\/p>\n<table data-path-to-node=\"9\">\n<thead>\n<tr>\n<td><strong>Afrutado y dulce<\/strong><\/td>\n<td><strong>Hielo y refrescante<\/strong><\/td>\n<td><strong>Dulces y postres<\/strong><\/td>\n<\/tr>\n<\/thead>\n<tbody>\n<tr>\n<td><span data-path-to-node=\"9,1,0,0\">Ar\u00e1ndano Frambuesa<\/span><\/td>\n<td><span data-path-to-node=\"9,1,1,0\">Hielo exuberante<\/span><\/td>\n<td><span data-path-to-node=\"9,1,2,0\">Chicle de sand\u00eda<\/span><\/td>\n<\/tr>\n<tr>\n<td><span data-path-to-node=\"9,2,0,0\">Se\u00f1or Azul<\/span><\/td>\n<td><span data-path-to-node=\"9,2,1,0\">Drag\u00f3n Negro de Hielo<\/span><\/td>\n<td><span data-path-to-node=\"9,2,2,0\">Caramelos arco\u00edris<\/span><\/td>\n<\/tr>\n<tr>\n<td><span data-path-to-node=\"9,3,0,0\">Fresa Sand\u00eda<\/span><\/td>\n<td><span data-path-to-node=\"9,3,1,0\">Hielo de frambuesa azul<\/span><\/td>\n<td><span data-path-to-node=\"9,3,2,0\">Osito de goma<\/span><\/td>\n<\/tr>\n<tr>\n<td><span data-path-to-node=\"9,4,0,0\">Refresco de naranja<\/span><\/td>\n<td><span data-path-to-node=\"9,4,1,0\">Hielo de guayaba<\/span><\/td>\n<td><span data-path-to-node=\"9,4,2,0\">Natillas de pl\u00e1tano<\/span><\/td>\n<\/tr>\n<tr>\n<td><span data-path-to-node=\"9,5,0,0\">Melocot\u00f3n, mango y pi\u00f1a<\/span><\/td>\n<td><span data-path-to-node=\"9,5,1,0\">Sand\u00eda Frambuesa Helado<\/span><\/td>\n<td><span data-path-to-node=\"9,5,2,0\">Crema de fresa<\/span><\/td>\n<\/tr>\n<tr>\n<td><span data-path-to-node=\"9,6,0,0\">Fresa y pl\u00e1tano<\/span><\/td>\n<td><span data-path-to-node=\"9,6,1,0\">Hielo negro<\/span><\/td>\n<td><span data-path-to-node=\"9,6,2,0\">Caramelos \u00e1cidos<\/span><\/td>\n<\/tr>\n<tr>\n<td><span data-path-to-node=\"9,7,0,0\">Aloe uva<\/span><\/td>\n<td><span data-path-to-node=\"9,7,1,0\">Menta fresca<\/span><\/td>\n<td><span data-path-to-node=\"9,7,2,0\">Juego de bolos<\/span><\/td>\n<\/tr>\n<tr>\n<td><span data-path-to-node=\"9,8,0,0\">Kiwi Maracuy\u00e1 Guayaba<\/span><\/td>\n<td><\/td>\n<td><\/td>\n<\/tr>\n<tr>\n<td><span data-path-to-node=\"9,9,0,0\">Frambuesa Sand\u00eda<\/span><\/td>\n<td><\/td>\n<td><\/td>\n<\/tr>\n<tr>\n<td><span data-path-to-node=\"9,10,0,0\">Bayas mixtas<\/span><\/td>\n<td><\/td>\n<td><\/td>\n<\/tr>\n<tr>\n<td><span data-path-to-node=\"9,11,0,0\">Limonada de melocot\u00f3n<\/span><\/td>\n<td><\/td>\n<td><\/td>\n<\/tr>\n<tr>\n<td><span data-path-to-node=\"9,12,0,0\">Limonada de fresa<\/span><\/td>\n<td><\/td>\n<td><\/td>\n<\/tr>\n<tr>\n<td><span data-path-to-node=\"9,13,0,0\">Melocot\u00f3n y bayas<\/span><\/td>\n<td><\/td>\n<td><\/td>\n<\/tr>\n<tr>\n<td><span data-path-to-node=\"9,14,0,0\">Cereza \/ Cereza con gas<\/span><\/td>\n<td><\/td>\n<td><\/td>\n<\/tr>\n<tr>\n<td><span data-path-to-node=\"9,15,0,0\">Lim\u00f3n y lima<\/span><\/td>\n<td><\/td>\n<td><\/td>\n<\/tr>\n<tr>\n<td><span data-path-to-node=\"9,16,0,0\">Ar\u00e1ndano Cereza Ar\u00e1ndano Rojo<\/span><\/td>\n<td><\/td>\n<td><\/td>\n<\/tr>\n<tr>\n<td><span data-path-to-node=\"9,17,0,0\">Vimto<\/span><\/td>\n<td><\/td>\n<td><\/td>\n<\/tr>\n<tr>\n<td><span data-path-to-node=\"9,18,0,0\">Limonada rosa<\/span><\/td>\n<td><\/td>\n<td><\/td>\n<\/tr>\n<\/tbody>\n<\/table>\n<hr data-path-to-node=\"10\" \/>\n<h3 data-path-to-node=\"11\">Pedidos al por mayor y al por mayor<\/h3>\n<p data-path-to-node=\"12\">El RandM Tornado 9000 ofrece un valor incre\u00edble, especialmente para propietarios de empresas.<b data-path-to-node=\"3\" data-index-in-node=\"4\">(<a href=\"https:\/\/vapealps.com\/es\/categoria-producto\/fumot\/\">Haga clic para ver m\u00e1s Fumot Vape<\/a>)<\/b>.<\/p>\n<ul data-path-to-node=\"13\">\n<li>\n<p data-path-to-node=\"13,0,0\"><b data-path-to-node=\"13,0,0\" data-index-in-node=\"0\">Embalaje a granel:<\/b> Disponible en cajas de <b data-path-to-node=\"13,0,0\" data-index-in-node=\"38\">10 unidades<\/b>.<\/p>\n<\/li>\n<li>\n<p data-path-to-node=\"13,1,0\"><b data-path-to-node=\"13,1,0\" data-index-in-node=\"0\">Rentable:<\/b> Ideal para comercios minoristas o gran distribuci\u00f3n.<\/p>\n<\/li>\n<li>\n<p data-path-to-node=\"13,2,0\"><b data-path-to-node=\"13,2,0\" data-index-in-node=\"0\">Eco-consciente:<\/b> La bater\u00eda recargable extiende la vida \u00fatil del dispositivo, reduciendo el desperdicio en comparaci\u00f3n con los desechables tradicionales.<\/p>\n<\/li>\n<\/ul>\n<div id=\"attachment_3195\" style=\"width: 740px\" class=\"wp-caption alignleft\"><img loading=\"lazy\" decoding=\"async\" aria-describedby=\"caption-attachment-3195\" class=\"lazy-load-active wp-image-3195 size-full\" src=\"https:\/\/gleevape.com\/wp-content\/uploads\/2024\/04\/RandM-Tornado-9000-Puffs-14.webp\" alt=\"RandM Tornado 9000\" width=\"730\" height=\"730\" data-src=\"https:\/\/gleevape.com\/wp-content\/uploads\/2024\/04\/RandM-Tornado-9000-Puffs-14.webp\" data-srcset=\"https:\/\/i0.wp.com\/gleevape.com\/wp-content\/uploads\/2024\/04\/RandM-Tornado-9000-Puffs-14.webp?w=730&amp;ssl=1 730w, https:\/\/i0.wp.com\/gleevape.com\/wp-content\/uploads\/2024\/04\/RandM-Tornado-9000-Puffs-14.webp?resize=400%2C400&amp;ssl=1 400w, https:\/\/i0.wp.com\/gleevape.com\/wp-content\/uploads\/2024\/04\/RandM-Tornado-9000-Puffs-14.webp?resize=280%2C280&amp;ssl=1 280w, https:\/\/i0.wp.com\/gleevape.com\/wp-content\/uploads\/2024\/04\/RandM-Tornado-9000-Puffs-14.webp?resize=12%2C12&amp;ssl=1 12w, https:\/\/i0.wp.com\/gleevape.com\/wp-content\/uploads\/2024\/04\/RandM-Tornado-9000-Puffs-14.webp?resize=300%2C300&amp;ssl=1 300w, https:\/\/i0.wp.com\/gleevape.com\/wp-content\/uploads\/2024\/04\/RandM-Tornado-9000-Puffs-14.webp?resize=600%2C600&amp;ssl=1 600w, https:\/\/i0.wp.com\/gleevape.com\/wp-content\/uploads\/2024\/04\/RandM-Tornado-9000-Puffs-14.webp?resize=100%2C100&amp;ssl=1 100w\" data- title=\"\"><\/p>\n<p id=\"caption-attachment-3195\" class=\"wp-caption-text\">Tornado 9000 de RandM<\/p>\n<\/div>\n<p>&nbsp;<\/p>\n<div class=\"product-navigation\">\n<p>Producto anterior: <a href=\"https:\/\/vapealps.com\/es\/producto\/randm-tornado-15000-wholesale\/\">RandM Tornado 15000 Puffs 0% 2% 3% 5% Nicotina Compra al por mayor Vape desechable<\/a><\/p>\n<p>Siguiente producto: <a href=\"https:\/\/vapealps.com\/es\/producto\/fumot-tornado-20000-wholesale\/\">Randm Fumot Tornado 20000 Puffs Pantalla digital de doble malla 20K 0% 2% 3% 5% Bajo en nicotina Compra al por mayor Pluma vaporizadora desechable recargable<\/a><\/p>\n<\/div>","protected":false},"excerpt":{"rendered":"<p>RandM Tornado 9000 Puffs: Your Ultimate Disposable Vaping Experience The RandM Tornado 9000 Puffs (Click to view more Fumot Vape)<\/p>","protected":false},"featured_media":2229,"comment_status":"open","ping_status":"closed","template":"","meta":[],"product_brand":[1340],"product_cat":[411,498,497,409,496,458,416,324,495,494],"product_tag":[499,501,503,502,500],"class_list":{"0":"post-2180","1":"product","2":"type-product","3":"status-publish","4":"has-post-thumbnail","6":"product_brand-fumot","7":"product_cat-fumot","8":"product_cat-fumot-9000","9":"product_cat-fumot-9000-puffs","10":"product_cat-fumot-disposable-vapes","11":"product_cat-fumot-tornado-9000","12":"product_cat-randm","13":"product_cat-randm-disposable-vapes","14":"product_cat-randm-tornado","15":"product_cat-randm-tornado-9000","16":"product_cat-randm-tornado-9000-puffs","17":"product_tag-9000-tornado","18":"product_tag-puff-9000-tornado","19":"product_tag-puff-randm-tornado-9000","20":"product_tag-puff-tornado-9000","21":"product_tag-tornado-9000","23":"first","24":"instock","25":"shipping-taxable","26":"purchasable","27":"product-type-variable"},"tiered_pricing_type":"fixed","tiered_pricing_fixed_rules":{"30":"7.92","60":"7.52","100":"6.63","200":"6.16","500":"5.81","1000":"5.58"},"tiered_pricing_product_settings":{"layout":"default","base_unit_name":{"singular":null,"plural":null},"default_variation":{}},"tiered_pricing_minimum_quantity":10,"tiered_pricing_roles_data":[],"tiered_pricing_percentage_rules":[],"tiered_pricing_maximum_quantity":null,"tiered_pricing_quantity_step":null,"_links":{"self":[{"href":"https:\/\/vapealps.com\/es\/wp-json\/wp\/v2\/product\/2180","targetHints":{"allow":["GET"]}}],"collection":[{"href":"https:\/\/vapealps.com\/es\/wp-json\/wp\/v2\/product"}],"about":[{"href":"https:\/\/vapealps.com\/es\/wp-json\/wp\/v2\/types\/product"}],"replies":[{"embeddable":true,"href":"https:\/\/vapealps.com\/es\/wp-json\/wp\/v2\/comments?post=2180"}],"version-history":[{"count":5,"href":"https:\/\/vapealps.com\/es\/wp-json\/wp\/v2\/product\/2180\/revisions"}],"predecessor-version":[{"id":18443,"href":"https:\/\/vapealps.com\/es\/wp-json\/wp\/v2\/product\/2180\/revisions\/18443"}],"wp:featuredmedia":[{"embeddable":true,"href":"https:\/\/vapealps.com\/es\/wp-json\/wp\/v2\/media\/2229"}],"wp:attachment":[{"href":"https:\/\/vapealps.com\/es\/wp-json\/wp\/v2\/media?parent=2180"}],"wp:term":[{"taxonomy":"product_brand","embeddable":true,"href":"https:\/\/vapealps.com\/es\/wp-json\/wp\/v2\/product_brand?post=2180"},{"taxonomy":"product_cat","embeddable":true,"href":"https:\/\/vapealps.com\/es\/wp-json\/wp\/v2\/product_cat?post=2180"},{"taxonomy":"product_tag","embeddable":true,"href":"https:\/\/vapealps.com\/es\/wp-json\/wp\/v2\/product_tag?post=2180"}],"curies":[{"name":"wp","href":"https:\/\/api.w.org\/{rel}","templated":true}]}}