{"id":1949,"date":"2026-01-05T07:27:38","date_gmt":"2026-01-05T07:27:38","guid":{"rendered":"https:\/\/vapealps.com\/?post_type=product&#038;p=1949"},"modified":"2026-01-21T07:22:35","modified_gmt":"2026-01-21T07:22:35","slug":"elf-bar-bc5000-wholesale","status":"publish","type":"product","link":"https:\/\/vapealps.com\/fr\/produit\/elf-bar-bc5000-wholesale\/","title":{"rendered":"ELF BAR BC5000 5% Cigarette \u00e9lectronique rechargeable \u00e0 la nicotine, achat en gros"},"content":{"rendered":"<p>D\u00e9couvrez la cigarette \u00e9lectronique jetable haut de gamme Elf Bar BC5000 chez Gleevape, con\u00e7ue avec une technologie avanc\u00e9e \u00e0 double bobine, une batterie rechargeable de 650 mAh, une capacit\u00e9 de 13 ml d&#039;e-liquide et une large s\u00e9lection de saveurs riches pour une exp\u00e9rience de vapotage sup\u00e9rieure.<\/p>\n<h5>Caract\u00e9ristiques du ELF BAR BC5000<\/h5>\n<p>Bouff\u00e9es : 5000 bouff\u00e9es par appareil.<br \/>\nLiquide : 13 ml de liquide avec choix de nicotine 5%.<br \/>\nBatterie : batterie rechargeable de 650 mAh avec port USB-C.<br \/>\nTechnologie : Double bobine pour une vapeur douce.<\/p>\n<h2>ELF BAR BC5000 Saveurs.<\/h2>\n<p>Choisissez parmi ces saveurs :<\/p>\n<p>Glace \u00e0 la framboise bleue (framboise bleue avec de la glace)<br \/>\nGlace aux myrtilles (myrtilles avec de la glace)<br \/>\nRaisin aux canneberges (canneberges et raisins)<br \/>\n\u00c9nergie (saveur boisson \u00e9nergisante)<br \/>\nKiwi, fruit de la passion et goyave (kiwi, fruit de la passion et goyave)<br \/>\nMangue P\u00eache (mangue et p\u00eache)<br \/>\nP\u00eache Mangue Past\u00e8que (p\u00eache, mangue et past\u00e8que)<br \/>\nAnanas Coco (ananas et noix de coco)<br \/>\nBonbons arc-en-ciel (bonbons arc-en-ciel)<br \/>\nMojito rouge (mojito rouge \u00e0 la menthe)<br \/>\nRaisin Sakura (fleur de cerisier et raisin)<br \/>\nPomme verte (pomme verte)<br \/>\nFraise Banane (fraise et banane)<br \/>\nFraise Kiwi (fraise et kiwi)<br \/>\nFraise Mangue (fraise et mangue)<br \/>\nMenthol sucr\u00e9<br \/>\nExplosion arc-en-ciel tropicale (m\u00e9lange arc-en-ciel tropical)<br \/>\nTriple Baie (trois baies)<br \/>\nTriple Mangue (triple mangue)<br \/>\nTriple Melon (trois melons)<br \/>\nChewing-gum \u00e0 la past\u00e8que (saveur past\u00e8que et chewing-gum)<br \/>\nGlace \u00e0 la past\u00e8que (past\u00e8que avec de la glace)<br \/>\nPast\u00e8que glac\u00e9e (past\u00e8que avec beaucoup de glace)<\/p>\n<p data-start=\"60\" data-end=\"102\"><strong data-start=\"60\" data-end=\"102\">Vente en gros de cigarettes \u00e9lectroniques \u2013 Commandes en gros disponibles<\/strong><\/p>\n<p data-start=\"104\" data-end=\"381\">Le <a href=\"https:\/\/vapealps.com\/fr\/categorie-produit\/elf-bar\/\">BAR ELF<\/a> Le BC5000 est un choix de pr\u00e9dilection pour les acheteurs en gros de cigarettes \u00e9lectroniques. Approvisionnez-vous en grande quantit\u00e9 chez Glidevape \u00e0 des prix tr\u00e8s comp\u00e9titifs. Reconnu pour ses performances constantes et sa large gamme de saveurs, cet appareil est id\u00e9al pour les d\u00e9taillants soucieux de qualit\u00e9, de fiabilit\u00e9 et de satisfaction client.<\/p>\n<p><img loading=\"lazy\" decoding=\"async\" class=\"aligncenter wp-image-1997 size-full\" src=\"https:\/\/vapealps.com\/wp-content\/uploads\/2026\/01\/elf-bar-bc5000-disposable_700x70.webp\" alt=\"elf-bar-bc5000-disposable vape\" width=\"700\" height=\"700\" title=\"\" srcset=\"https:\/\/vapealps.com\/wp-content\/uploads\/2026\/01\/elf-bar-bc5000-disposable_700x70.webp 700w, https:\/\/vapealps.com\/wp-content\/uploads\/2026\/01\/elf-bar-bc5000-disposable_700x70-300x300.webp 300w, https:\/\/vapealps.com\/wp-content\/uploads\/2026\/01\/elf-bar-bc5000-disposable_700x70-150x150.webp 150w, https:\/\/vapealps.com\/wp-content\/uploads\/2026\/01\/elf-bar-bc5000-disposable_700x70-430x430.webp 430w\" sizes=\"auto, (max-width: 700px) 100vw, 700px\" \/><\/p>\n<p>&nbsp;<\/p>\n<div class=\"product-navigation\">\n<p>Next Product: <a href=\"https:\/\/vapealps.com\/fr\/produit\/randm-digital-box-12000-wholesale\/\">Bo\u00eete num\u00e9rique Randm 12000 bouff\u00e9es 0% 2% 3% 5% Nicotine Affichage LED Rechargeable Achat en gros Vape jetable<\/a><\/p>\n<\/div>","protected":false},"excerpt":{"rendered":"<p>Discover the premium Elf Bar BC5000 disposable vape at Gleevape, designed with advanced dual-coil technology, a rechargeable 650mAh battery, 13ml<\/p>","protected":false},"featured_media":1974,"comment_status":"open","ping_status":"closed","template":"","meta":[],"product_brand":[903],"product_cat":[352,353,354],"product_tag":[356,355,357],"class_list":{"0":"post-1949","1":"product","2":"type-product","3":"status-publish","4":"has-post-thumbnail","6":"product_brand-elf-bar","7":"product_cat-elf-bar","8":"product_cat-elf-bar-5000","9":"product_cat-elf-bar-bc5000","10":"product_tag-elf-bar-vape","11":"product_tag-elfbaar","12":"product_tag-elfbar-vape","14":"first","15":"instock","16":"shipping-taxable","17":"purchasable","18":"product-type-variable"},"tiered_pricing_type":"fixed","tiered_pricing_fixed_rules":[],"tiered_pricing_product_settings":{"layout":"default","base_unit_name":{"singular":null,"plural":null},"default_variation":null},"tiered_pricing_minimum_quantity":null,"tiered_pricing_roles_data":[],"tiered_pricing_percentage_rules":[],"tiered_pricing_maximum_quantity":null,"tiered_pricing_quantity_step":null,"_links":{"self":[{"href":"https:\/\/vapealps.com\/fr\/wp-json\/wp\/v2\/product\/1949","targetHints":{"allow":["GET"]}}],"collection":[{"href":"https:\/\/vapealps.com\/fr\/wp-json\/wp\/v2\/product"}],"about":[{"href":"https:\/\/vapealps.com\/fr\/wp-json\/wp\/v2\/types\/product"}],"replies":[{"embeddable":true,"href":"https:\/\/vapealps.com\/fr\/wp-json\/wp\/v2\/comments?post=1949"}],"version-history":[{"count":5,"href":"https:\/\/vapealps.com\/fr\/wp-json\/wp\/v2\/product\/1949\/revisions"}],"predecessor-version":[{"id":18440,"href":"https:\/\/vapealps.com\/fr\/wp-json\/wp\/v2\/product\/1949\/revisions\/18440"}],"wp:featuredmedia":[{"embeddable":true,"href":"https:\/\/vapealps.com\/fr\/wp-json\/wp\/v2\/media\/1974"}],"wp:attachment":[{"href":"https:\/\/vapealps.com\/fr\/wp-json\/wp\/v2\/media?parent=1949"}],"wp:term":[{"taxonomy":"product_brand","embeddable":true,"href":"https:\/\/vapealps.com\/fr\/wp-json\/wp\/v2\/product_brand?post=1949"},{"taxonomy":"product_cat","embeddable":true,"href":"https:\/\/vapealps.com\/fr\/wp-json\/wp\/v2\/product_cat?post=1949"},{"taxonomy":"product_tag","embeddable":true,"href":"https:\/\/vapealps.com\/fr\/wp-json\/wp\/v2\/product_tag?post=1949"}],"curies":[{"name":"wp","href":"https:\/\/api.w.org\/{rel}","templated":true}]}}