{"id":4405,"date":"2026-01-09T08:44:44","date_gmt":"2026-01-09T08:44:44","guid":{"rendered":"https:\/\/vapealps.com\/product\/vozol-vista-plug-akku\/"},"modified":"2026-01-21T07:30:19","modified_gmt":"2026-01-21T07:30:19","slug":"vozol-vista-plug-batterie","status":"publish","type":"product","link":"https:\/\/vapealps.com\/fr\/produit\/vozol-vista-plug-batterie\/","title":{"rendered":"Prise Vozol Vista | Batterie"},"content":{"rendered":"<h2 data-start=\"151\" data-end=\"204\"><strong data-start=\"154\" data-end=\"204\">Vozol Vista Plug | Batterie \u2013 Une autonomie longue dur\u00e9e<\/strong><\/h2>\n<p data-start=\"206\" data-end=\"487\">Con\u00e7u pour la performance et la fiabilit\u00e9, le <strong data-start=\"252\" data-end=\"283\">Prise Vozol Vista | Batterie<\/strong> Elle fournit une puissance constante pour une exp\u00e9rience de vapotage fluide et sans interruption. Con\u00e7ue pour s&#039;adapter parfaitement \u00e0 la gamme Vista Plug, cette batterie offre une autonomie longue dur\u00e9e dans un format compact et portable.<br \/>\n<a href=\"https:\/\/vapealps.com\/fr\/categorie-produit\/vozol-disposable-vapes\/\">(Cliquez pour s\u00e9lectionner d&#039;autres cigarettes \u00e9lectroniques jetables Vozol)<\/a><\/p>\n<h3 data-start=\"489\" data-end=\"509\"><strong data-start=\"493\" data-end=\"509\">Caract\u00e9ristiques principales<\/strong><\/h3>\n<p data-start=\"511\" data-end=\"661\">\ud83d\udd0b <strong data-start=\"514\" data-end=\"552\">Batterie rechargeable haute capacit\u00e9<\/strong><br data-start=\"552\" data-end=\"555\" \/>Dot\u00e9 d&#039;une puissante batterie interne permettant de longues s\u00e9ances de vapotage sans recharges fr\u00e9quentes.<\/p>\n<p data-start=\"663\" data-end=\"786\">\u26a1 <strong data-start=\"665\" data-end=\"688\">Charge rapide USB-C<\/strong><br data-start=\"688\" data-end=\"691\" \/>La recharge moderne via USB-C assure des recharges plus rapides et plus pratiques, pour que vous soyez toujours pr\u00eat \u00e0 vapoter.<\/p>\n<p data-start=\"788\" data-end=\"919\">\ud83d\udca8 <strong data-start=\"791\" data-end=\"817\">Sortie stable et r\u00e9guli\u00e8re<\/strong><br data-start=\"817\" data-end=\"820\" \/>Fournit une puissance constante pour une production de vapeur \u00e9quilibr\u00e9e et une saveur riche et pure \u00e0 chaque utilisation.<\/p>\n<p data-start=\"921\" data-end=\"1029\">\ud83e\udeb6 <strong data-start=\"924\" data-end=\"949\">Compact et l\u00e9ger<\/strong><br data-start=\"949\" data-end=\"952\" \/>\u00c9l\u00e9gant et compact, id\u00e9al pour une utilisation quotidienne, les voyages et le vapotage en d\u00e9placement.<\/p>\n<h3 data-start=\"1031\" data-end=\"1050\"><strong data-start=\"1035\" data-end=\"1050\">Parfait pour<\/strong><\/h3>\n<ul data-start=\"1051\" data-end=\"1180\">\n<li data-start=\"1051\" data-end=\"1089\">\n<p data-start=\"1053\" data-end=\"1089\">Les utilisateurs qui souhaitent une autonomie de batterie plus longue<\/p>\n<\/li>\n<li data-start=\"1090\" data-end=\"1135\">\n<p data-start=\"1092\" data-end=\"1135\">Les vapoteurs qui pr\u00e9f\u00e8rent une charge rapide et facile<\/p>\n<\/li>\n<li data-start=\"1136\" data-end=\"1180\">\n<p data-start=\"1138\" data-end=\"1180\">Toute personne utilisant le syst\u00e8me Vozol Vista Plug<\/p>\n<\/li>\n<\/ul>\n<p data-start=\"1182\" data-end=\"1301\" data-is-last-node=\"\" data-is-only-node=\"\"><strong data-start=\"1182\" data-end=\"1213\">Prise Vozol Vista | Batterie<\/strong> est la source d&#039;alimentation fiable qui assure le bon fonctionnement de votre appareil, n&#039;importe o\u00f9 et n&#039;importe quand.<\/p>\n<div class=\"product-navigation\">\n<p>Previous Product: <a href=\"https:\/\/vapealps.com\/fr\/produit\/waspe-digital-box-disposable-vape\/\">WASPE Digital Box 12000 bouff\u00e9es \u00c9dition Originale Vape Jetable<\/a><\/p>\n<p>Next Product: <a href=\"https:\/\/vapealps.com\/fr\/produit\/vozol-vista-plug-kit-menthol-mojito\/\">Kit Vozol Vista Plug | Menthol Mojito | 15\u00a0000 bouff\u00e9es<\/a><\/p>\n<\/div>","protected":false},"excerpt":{"rendered":"<p>Vozol Vista Plug | Batterie \u2013 Power That Lasts Designed for performance and reliability, the Vozol Vista Plug | Batterie<\/p>","protected":false},"featured_media":4404,"comment_status":"open","ping_status":"closed","template":"","meta":[],"product_brand":[897],"product_cat":[889,782,888],"product_tag":[841,840],"class_list":{"0":"post-4405","1":"product","2":"type-product","3":"status-publish","4":"has-post-thumbnail","6":"product_brand-vozol","7":"product_cat-vozol","8":"product_cat-vozol-disposable-vapes","9":"product_cat-vozol-vista-plug","10":"product_tag-rechargeable-vape-device","11":"product_tag-vozol-vista-plug-disposable-vape","13":"first","14":"instock","15":"sale","16":"shipping-taxable","17":"purchasable","18":"product-type-simple"},"tiered_pricing_type":"fixed","tiered_pricing_fixed_rules":[],"tiered_pricing_product_settings":{"layout":"default","base_unit_name":{"singular":null,"plural":null},"default_variation":null},"tiered_pricing_minimum_quantity":10,"tiered_pricing_roles_data":[],"tiered_pricing_percentage_rules":[],"tiered_pricing_maximum_quantity":null,"tiered_pricing_quantity_step":"10","_links":{"self":[{"href":"https:\/\/vapealps.com\/fr\/wp-json\/wp\/v2\/product\/4405","targetHints":{"allow":["GET"]}}],"collection":[{"href":"https:\/\/vapealps.com\/fr\/wp-json\/wp\/v2\/product"}],"about":[{"href":"https:\/\/vapealps.com\/fr\/wp-json\/wp\/v2\/types\/product"}],"replies":[{"embeddable":true,"href":"https:\/\/vapealps.com\/fr\/wp-json\/wp\/v2\/comments?post=4405"}],"version-history":[{"count":5,"href":"https:\/\/vapealps.com\/fr\/wp-json\/wp\/v2\/product\/4405\/revisions"}],"predecessor-version":[{"id":18489,"href":"https:\/\/vapealps.com\/fr\/wp-json\/wp\/v2\/product\/4405\/revisions\/18489"}],"wp:featuredmedia":[{"embeddable":true,"href":"https:\/\/vapealps.com\/fr\/wp-json\/wp\/v2\/media\/4404"}],"wp:attachment":[{"href":"https:\/\/vapealps.com\/fr\/wp-json\/wp\/v2\/media?parent=4405"}],"wp:term":[{"taxonomy":"product_brand","embeddable":true,"href":"https:\/\/vapealps.com\/fr\/wp-json\/wp\/v2\/product_brand?post=4405"},{"taxonomy":"product_cat","embeddable":true,"href":"https:\/\/vapealps.com\/fr\/wp-json\/wp\/v2\/product_cat?post=4405"},{"taxonomy":"product_tag","embeddable":true,"href":"https:\/\/vapealps.com\/fr\/wp-json\/wp\/v2\/product_tag?post=4405"}],"curies":[{"name":"wp","href":"https:\/\/api.w.org\/{rel}","templated":true}]}}