{"id":19225,"date":"2026-01-26T05:48:05","date_gmt":"2026-01-26T05:48:05","guid":{"rendered":"https:\/\/vapealps.com\/?page_id=19225"},"modified":"2026-01-26T05:51:10","modified_gmt":"2026-01-26T05:51:10","slug":"age-verification","status":"publish","type":"page","link":"https:\/\/vapealps.com\/hu\/age-verification\/","title":{"rendered":"Korhat\u00e1r-ellen\u0151rz\u00e9s"},"content":{"rendered":"<div data-elementor-type=\"wp-page\" data-elementor-id=\"19225\" class=\"elementor elementor-19225\" data-elementor-post-type=\"page\">\n\t\t\t\t<div class=\"wd-negative-gap elementor-element elementor-element-6792597 e-flex e-con-boxed e-con e-parent\" data-id=\"6792597\" data-element_type=\"container\">\n\t\t\t\t\t<div class=\"e-con-inner\">\n\t\t\t\t<div class=\"elementor-element elementor-element-020646e elementor-widget elementor-widget-html\" data-id=\"020646e\" data-element_type=\"widget\" data-widget_type=\"html.default\">\n\t\t\t\t\t<div class=\"glidevape-age-gate-content\" style=\"max-width: 600px; margin: 0 auto; text-align: center; padding: 40px 20px; background-color: #ffffff; border-radius: 8px;\">\r\n    \r\n    <div class=\"age-icon-wrapper\" style=\"margin-bottom: 25px;\">\r\n        <svg width=\"60\" height=\"60\" viewbox=\"0 0 24 24\" fill=\"none\" xmlns=\"http:\/\/www.w3.org\/2000\/svg\">\r\n            <path d=\"M12 2C6.48 2 2 6.48 2 12C2 17.52 6.48 22 12 22C17.52 22 22 17.52 22 12C22 6.48 17.52 2 12 2ZM13 17H11V15H13V17ZM13 13H11V7H13V13Z\" fill=\"#D32F2F\"\/>\r\n        <\/svg>\r\n    <\/div>\r\n\r\n    <h2 style=\"font-size: 28px; font-weight: 700; color: #333; margin-bottom: 15px; text-transform: uppercase;\">\r\n        Age Verification Required\r\n    <\/h2>\r\n\r\n    <div class=\"age-disclaimer\" style=\"font-size: 16px; line-height: 1.6; color: #555; margin-bottom: 30px;\">\r\n        <p style=\"margin-bottom: 15px;\">\r\n            <strong>Warning:<\/strong> The products on this website contain nicotine, which is a highly addictive substance.\r\n        <\/p>\r\n        <p>\r\n            To browse <strong>GlideVape<\/strong> and purchase our premium <strong style=\"color: #333;\">disposable vapes<\/strong> \u00e9s <strong style=\"color: #333;\">e-liquids<\/strong>, you must be of legal smoking age (18+) in your jurisdiction.\r\n        <\/p>\r\n        <p style=\"font-size: 14px; color: #777;\">\r\n            By entering, you verify that you are at least 18 years old and consent to our age verification process in accordance with <strong>European Vape Regulations<\/strong>.\r\n        <\/p>\r\n    <\/div>\r\n\r\n    <div class=\"age-gate-buttons\" style=\"display: flex; gap: 15px; justify-content: center; flex-wrap: wrap;\">\r\n        <a href=\"#\" class=\"btn btn-color-primary btn-style-default btn-shape-round btn-size-medium wd-age-verify-allowed\" style=\"min-width: 160px; font-weight: 600;\">\r\n            I AM 18+ OR OLDER\r\n        <\/a>\r\n        \r\n        <a href=\"https:\/\/google.com\" class=\"btn btn-color-grey btn-style-default btn-shape-round btn-size-medium wd-age-verify-forbidden\" style=\"min-width: 160px; font-weight: 600;\" rel=\"nofollow noopener\" target=\"_blank\">\r\n            I AM UNDER 18\r\n        <\/a>\r\n    <\/div>\r\n\r\n    <div class=\"age-footer-note\" style=\"margin-top: 30px; border-top: 1px solid #eee; padding-top: 20px; font-size: 12px; color: #999;\">\r\n        <p>We strictly enforce age limits on all <strong>vaping kits<\/strong> and accessories sold across Europe.<\/p>\r\n    <\/div>\r\n\r\n<\/div>\t\t\t\t<\/div>\n\t\t\t\t\t<\/div>\n\t\t\t\t<\/div>\n\t\t\t\t<\/div>","protected":false},"excerpt":{"rendered":"<p>Age Verification Required Warning: The products on this website contain nicotine, which is a highly addictive substance. To browse GlideVape<\/p>","protected":false},"author":1,"featured_media":0,"parent":0,"menu_order":0,"comment_status":"closed","ping_status":"closed","template":"","meta":{"footnotes":""},"class_list":["post-19225","page","type-page","status-publish","hentry"],"_links":{"self":[{"href":"https:\/\/vapealps.com\/hu\/wp-json\/wp\/v2\/pages\/19225","targetHints":{"allow":["GET"]}}],"collection":[{"href":"https:\/\/vapealps.com\/hu\/wp-json\/wp\/v2\/pages"}],"about":[{"href":"https:\/\/vapealps.com\/hu\/wp-json\/wp\/v2\/types\/page"}],"author":[{"embeddable":true,"href":"https:\/\/vapealps.com\/hu\/wp-json\/wp\/v2\/users\/1"}],"replies":[{"embeddable":true,"href":"https:\/\/vapealps.com\/hu\/wp-json\/wp\/v2\/comments?post=19225"}],"version-history":[{"count":4,"href":"https:\/\/vapealps.com\/hu\/wp-json\/wp\/v2\/pages\/19225\/revisions"}],"predecessor-version":[{"id":19229,"href":"https:\/\/vapealps.com\/hu\/wp-json\/wp\/v2\/pages\/19225\/revisions\/19229"}],"wp:attachment":[{"href":"https:\/\/vapealps.com\/hu\/wp-json\/wp\/v2\/media?parent=19225"}],"curies":[{"name":"wp","href":"https:\/\/api.w.org\/{rel}","templated":true}]}}