{"id":2001,"date":"2026-01-06T03:47:10","date_gmt":"2026-01-06T03:47:10","guid":{"rendered":"https:\/\/vapealps.com\/?post_type=product&#038;p=2001"},"modified":"2026-01-21T07:39:30","modified_gmt":"2026-01-21T07:39:30","slug":"randm-digital-box-12000-wholesale","status":"publish","type":"product","link":"https:\/\/vapealps.com\/hu\/termek\/randm-digital-box-12000-wholesale\/","title":{"rendered":"Randm digit\u00e1lis doboz 12000 szippant\u00e1s 0% 2% 3% 5% Nikotin LED kijelz\u0151 \u00dajrat\u00f6lthet\u0151 T\u00f6meges Eldobhat\u00f3 Vape Nagykereskedelemben V\u00e1s\u00e1rolhat\u00f3"},"content":{"rendered":"<h2 data-path-to-node=\"0\">RandM Digital Box 12000 Puffs: Modern Eldobhat\u00f3 Vape<\/h2>\n<p data-path-to-node=\"1\">A <a href=\"https:\/\/vapealps.com\/hu\/termekkategoria\/fumot\/\">FUMOT<\/a>\u00a0<b data-path-to-node=\"1\" data-index-in-node=\"4\">RandM digit\u00e1lis doboz 12000 puff<\/b> egy nagy teljes\u00edtm\u00e9ny\u0171, eldobhat\u00f3 eszk\u00f6z a Gleevape-t\u0151l, amelyet a hossz\u00fa \u00e9lettartamot \u00e9s az intelligens technol\u00f3gi\u00e1t el\u0151t\u00e9rbe helyez\u0151 vaperek sz\u00e1m\u00e1ra terveztek. Robusztus kialak\u00edt\u00e1s\u00e1nak \u00e9s integr\u00e1lt kijelz\u0151j\u00e9nek k\u00f6sz\u00f6nhet\u0151en ide\u00e1lis v\u00e1laszt\u00e1s a rendszeres vaperek sz\u00e1m\u00e1ra.<\/p>\n<h3 data-path-to-node=\"2\">Er\u0151teljes teljes\u00edtm\u00e9ny \u00e9s intelligens kialak\u00edt\u00e1s<\/h3>\n<p data-path-to-node=\"3\">Ez az eszk\u00f6z z\u00f6kken\u0151mentes \u00e9s k\u00f6vetkezetes \u00e9lm\u00e9nyt ny\u00fajt:<\/p>\n<div class=\"___SFlex_n3dnq-red-team _use_primary_a2h7d-red-team __use_a2h7d-red-team __fixed_a2h7d-red-team ___SCell_a2h7d-red-team\" role=\"cell\" data-ui-name=\"Flex\">\n<div data-ui-name=\"Box\">\n<div class=\"___SFlex_n3dnq-red-team\" data-ui-name=\"Flex\">\n<div class=\"style-module__wrapper___cwu6x\" data-ui-name=\"Box\">\n<div class=\"style-module__inline___GLMW_\" data-ui-name=\"Box\"><span class=\"___SText_pr68d-red-team\" data-ui-name=\"Link.Text\">fumot digit\u00e1lis doboz 12000<\/span><\/div>\n<\/div>\n<\/div>\n<\/div>\n<\/div>\n<ul data-path-to-node=\"4\">\n<li>\n<p data-path-to-node=\"4,0,0\"><b data-path-to-node=\"4,0,0\" data-index-in-node=\"0\">Hosszan tart\u00f3 teljes\u00edtm\u00e9ny<\/b>Jellemz\u0151je egy <b data-path-to-node=\"4,0,0\" data-index-in-node=\"35\">850mAh<\/b> \u00fajrat\u00f6lthet\u0151 akkumul\u00e1tor.<\/p>\n<\/li>\n<li>\n<p data-path-to-node=\"4,1,0\"><b data-path-to-node=\"4,1,0\" data-index-in-node=\"0\">Gyors t\u00f6lt\u00e9s<\/b>Az akkumul\u00e1tor \u00fajrat\u00f6lthet\u0151 egy <b data-path-to-node=\"4,1,0\" data-index-in-node=\"49\">C t\u00edpus\u00fa<\/b> kik\u00f6t\u0151.<\/p>\n<\/li>\n<li>\n<p data-path-to-node=\"4,2,0\"><b data-path-to-node=\"4,2,0\" data-index-in-node=\"0\">Magas szippant\u00e1ssz\u00e1m<\/b>Ak\u00e1r <b data-path-to-node=\"4,2,0\" data-index-in-node=\"32\">12 000 slukk<\/b> g\u0151zb\u0151l.<\/p>\n<\/li>\n<li>\n<p data-path-to-node=\"4,3,0\"><b data-path-to-node=\"4,3,0\" data-index-in-node=\"0\">Nagy kapacit\u00e1s<\/b>: Tartalmaz egy <b data-path-to-node=\"4,3,0\" data-index-in-node=\"29\">20 ml<\/b> el\u0151re felt\u00f6lt\u00f6tt tart\u00e1ly a gyakori csere sz\u00fcks\u00e9gess\u00e9g\u00e9nek cs\u00f6kkent\u00e9se \u00e9rdek\u00e9ben.<\/p>\n<\/li>\n<li>\n<p data-path-to-node=\"4,4,0\"><b data-path-to-node=\"4,4,0\" data-index-in-node=\"0\">Val\u00f3s idej\u0171 monitoroz\u00e1s<\/b>: Be\u00e9p\u00edtett k\u00e9perny\u0151vel rendelkezik, amely mindkett\u0151t megjelen\u00edti <b data-path-to-node=\"4,4,0\" data-index-in-node=\"68\">akkumul\u00e1tor t\u00f6lt\u00f6tts\u00e9gi szintje<\/b> \u00e9s <b data-path-to-node=\"4,4,0\" data-index-in-node=\"86\">marad\u00e9k e-folyad\u00e9k<\/b>.<\/p>\n<\/li>\n<\/ul>\n<h3 data-path-to-node=\"5\">Nikotin opci\u00f3k<\/h3>\n<p data-path-to-node=\"6\">Szabja testre \u00e9lm\u00e9ny\u00e9t a k\u00fcl\u00f6nb\u00f6z\u0151 nikotiner\u0151ss\u00e9gekkel:<\/p>\n<ul data-path-to-node=\"7\">\n<li>\n<p data-path-to-node=\"7,0,0\">V\u00e1lasszon a k\u00f6vetkez\u0151k k\u00f6z\u00fcl <b data-path-to-node=\"7,0,0\" data-index-in-node=\"12\">0%, 2%, 3% vagy 5%<\/b> nikotintartalom.<\/p>\n<\/li>\n<\/ul>\n<h3 data-path-to-node=\"8\">Sz\u00e9les \u00edzv\u00e1laszt\u00e9k<\/h3>\n<p data-path-to-node=\"9\">V\u00e1lasszon a list\u00e1kon tal\u00e1lhat\u00f3 \u00edzek sz\u00e9les v\u00e1laszt\u00e9k\u00e1b\u00f3l:<\/p>\n<table data-path-to-node=\"10\">\n<thead>\n<tr>\n<td><strong>Jeges \u00e9s friss\u00edt\u0151<\/strong><\/td>\n<td><strong>Gy\u00fcm\u00f6lcskever\u00e9kek<\/strong><\/td>\n<td><strong>\u00c9dess\u00e9gek \u00e9s italok<\/strong><\/td>\n<\/tr>\n<\/thead>\n<tbody>\n<tr>\n<td><span data-path-to-node=\"10,1,0,0\">H\u0171s menta<\/span><\/td>\n<td><span data-path-to-node=\"10,1,1,0\">\u00c1fonya \u00e9s m\u00e1lna<\/span><\/td>\n<td><span data-path-to-node=\"10,1,2,0\">Epres f\u00e1nk<\/span><\/td>\n<\/tr>\n<tr>\n<td><span data-path-to-node=\"10,2,0,0\">G\u00f6r\u00f6gdinnye j\u00e9g<\/span><\/td>\n<td><span data-path-to-node=\"10,2,1,0\">Eper g\u00f6r\u00f6gdinnye<\/span><\/td>\n<td><span data-path-to-node=\"10,2,2,0\">Cseresznye k\u00f3la<\/span><\/td>\n<\/tr>\n<tr>\n<td><span data-path-to-node=\"10,3,0,0\">Sz\u0151l\u0151fagylalt<\/span><\/td>\n<td><span data-path-to-node=\"10,3,1,0\">Eper-ban\u00e1n<\/span><\/td>\n<td><span data-path-to-node=\"10,3,2,0\">R\u00f3zsasz\u00edn limon\u00e1d\u00e9<\/span><\/td>\n<\/tr>\n<tr>\n<td><span data-path-to-node=\"10,4,0,0\">Buja j\u00e9g<\/span><\/td>\n<td><span data-path-to-node=\"10,4,1,0\">Vegyes bogy\u00f3s gy\u00fcm\u00f6lcs\u00f6k<\/span><\/td>\n<td><span data-path-to-node=\"10,4,2,0\">J\u00e9gkr\u00e9m<\/span><\/td>\n<\/tr>\n<tr>\n<td><span data-path-to-node=\"10,5,0,0\">Eperfagylalt<\/span><\/td>\n<td><span data-path-to-node=\"10,5,1,0\">Eper sz\u0151l\u0151<\/span><\/td>\n<td><span data-path-to-node=\"10,5,2,0\">Epres V\u00f6r\u00f6s Bika<\/span><\/td>\n<\/tr>\n<tr>\n<td><span data-path-to-node=\"10,6,0,0\">Mang\u00f3 j\u00e9gen<\/span><\/td>\n<td><span data-path-to-node=\"10,6,1,0\">Kiwi maracuja guava<\/span><\/td>\n<td><span data-path-to-node=\"10,6,2,0\">Bogy\u00f3s limon\u00e1d\u00e9<\/span><\/td>\n<\/tr>\n<tr>\n<td><span data-path-to-node=\"10,7,0,0\">\u00c1fonya a j\u00e9gen<\/span><\/td>\n<td><span data-path-to-node=\"10,7,1,0\">Eper-kivi<\/span><\/td>\n<td><span data-path-to-node=\"10,7,2,0\">K\u00e9k Razz Limon\u00e1d\u00e9<\/span><\/td>\n<\/tr>\n<tr>\n<td><span data-path-to-node=\"10,8,0,0\">\u0150szibarack j\u00e9g<\/span><\/td>\n<td><span data-path-to-node=\"10,8,1,0\">\u0150szibarack-mang\u00f3<\/span><\/td>\n<td><span data-path-to-node=\"10,8,2,0\">Jeges tea citromos j\u00e9ggel<\/span><\/td>\n<\/tr>\n<tr>\n<td><span data-path-to-node=\"10,9,0,0\">Piros alm\u00e1s j\u00e9g<\/span><\/td>\n<td><span data-path-to-node=\"10,9,1,0\">Alm\u00e1s bogy\u00f3s robban\u00e1s<\/span><\/td>\n<td><span data-path-to-node=\"10,9,2,0\">Jeges tea \u0151szibarack j\u00e9g<\/span><\/td>\n<\/tr>\n<tr>\n<td><span data-path-to-node=\"10,10,0,0\">Ban\u00e1nfagylalt<\/span><\/td>\n<td><span data-path-to-node=\"10,10,1,0\">\u00c1fonya, cseresznye, \u00e1fonya<\/span><\/td>\n<td><span data-path-to-node=\"10,10,2,0\">Vimto<\/span><\/td>\n<\/tr>\n<tr>\n<td><span data-path-to-node=\"10,11,0,0\">S\u00e1rk\u00e1nygy\u00fcm\u00f6lcs j\u00e9g<\/span><\/td>\n<td><span data-path-to-node=\"10,11,1,0\">M\u00e1lna g\u00f6r\u00f6gdinnye<\/span><\/td>\n<td><span data-path-to-node=\"10,11,2,0\">K\u00f3la j\u00e9g<\/span><\/td>\n<\/tr>\n<tr>\n<td><span data-path-to-node=\"10,12,0,0\">Fekete j\u00e9g<\/span><\/td>\n<td><span data-path-to-node=\"10,12,1,0\">Eper-gr\u00e1n\u00e1talma<\/span><\/td>\n<td><span data-path-to-node=\"10,12,2,0\">Bing\u00f3 \u00f6sszet\u00f6r\u00e9s<\/span><\/td>\n<\/tr>\n<tr>\n<td><span data-path-to-node=\"10,13,0,0\">Anan\u00e1sz j\u00e9g<\/span><\/td>\n<td><span data-path-to-node=\"10,13,1,0\">\u00c1fony\u00e1s kivi<\/span><\/td>\n<td><span data-path-to-node=\"10,13,2,0\">Szerelem 66<\/span><\/td>\n<\/tr>\n<tr>\n<td><span data-path-to-node=\"10,14,0,0\">V\u00f6r\u00f6s Energiaj\u00e9g<\/span><\/td>\n<td><span data-path-to-node=\"10,14,1,0\">Gy\u00fcm\u00f6lcs\u00f6s f\u00fazi\u00f3<\/span><\/td>\n<td><span data-path-to-node=\"10,14,2,0\">\u00c1fony\u00e1s r\u00e1g\u00f3gumi<\/span><\/td>\n<\/tr>\n<\/tbody>\n<\/table>\n<p data-path-to-node=\"11\"><i data-path-to-node=\"11\" data-index-in-node=\"0\">Megjegyz\u00e9s: Tov\u00e1bbi egyedi \u00edzek a k\u00f6vetkez\u0151k: <b data-path-to-node=\"11\" data-index-in-node=\"40\">Dr. Blue<\/b>, <b data-path-to-node=\"11\" data-index-in-node=\"49\">K\u00e9k savany\u00fa m\u00e1lna<\/b>, \u00e9s <b data-path-to-node=\"11\" data-index-in-node=\"74\">Sz\u0151l\u0151menta<\/b>. Azoknak, akik nem tudnak d\u00f6nteni, egy <b data-path-to-node=\"11\" data-index-in-node=\"116\">V\u00e9letlenszer\u0171 \u00edz<\/b> gyors sz\u00e1ll\u00edt\u00e1si opci\u00f3 el\u00e9rhet\u0151.<\/i><\/p>\n<p data-path-to-node=\"11\"><img loading=\"lazy\" decoding=\"async\" class=\"lazy-load-active alignnone wp-image-7439 size-full\" src=\"https:\/\/gleevape.com\/wp-content\/uploads\/2024\/05\/RANDM_DIGITAL_BOX_12000_puffs_1.webp\" alt=\"Randm Digital Box 12000 Puffs 0% 2% 3% 5% Nicotine LED Display Rechargeable Bulk Buy Disposable Vape Wholesale\" width=\"800\" height=\"800\" data-src=\"https:\/\/gleevape.com\/wp-content\/uploads\/2024\/05\/RANDM_DIGITAL_BOX_12000_puffs_1.webp\" data-srcset=\"https:\/\/i0.wp.com\/gleevape.com\/wp-content\/uploads\/2024\/05\/RANDM_DIGITAL_BOX_12000_puffs_1.webp?w=800&amp;ssl=1 800w, https:\/\/i0.wp.com\/gleevape.com\/wp-content\/uploads\/2024\/05\/RANDM_DIGITAL_BOX_12000_puffs_1.webp?resize=400%2C400&amp;ssl=1 400w, https:\/\/i0.wp.com\/gleevape.com\/wp-content\/uploads\/2024\/05\/RANDM_DIGITAL_BOX_12000_puffs_1.webp?resize=280%2C280&amp;ssl=1 280w, https:\/\/i0.wp.com\/gleevape.com\/wp-content\/uploads\/2024\/05\/RANDM_DIGITAL_BOX_12000_puffs_1.webp?resize=768%2C768&amp;ssl=1 768w, https:\/\/i0.wp.com\/gleevape.com\/wp-content\/uploads\/2024\/05\/RANDM_DIGITAL_BOX_12000_puffs_1.webp?resize=12%2C12&amp;ssl=1 12w, https:\/\/i0.wp.com\/gleevape.com\/wp-content\/uploads\/2024\/05\/RANDM_DIGITAL_BOX_12000_puffs_1.webp?resize=300%2C300&amp;ssl=1 300w, https:\/\/i0.wp.com\/gleevape.com\/wp-content\/uploads\/2024\/05\/RANDM_DIGITAL_BOX_12000_puffs_1.webp?resize=600%2C600&amp;ssl=1 600w, https:\/\/i0.wp.com\/gleevape.com\/wp-content\/uploads\/2024\/05\/RANDM_DIGITAL_BOX_12000_puffs_1.webp?resize=100%2C100&amp;ssl=1 100w\" data- title=\"\"><\/p>\n<div class=\"product-navigation\">\n<p>Previous Product: <a href=\"https:\/\/vapealps.com\/hu\/termek\/elf-bar-bc5000-wholesale\/\">ELF BAR BC5000 5% Nikotinos \u00dajrat\u00f6lthet\u0151 T\u00f6meges Eldobhat\u00f3 Vape Nagykereskedelemben V\u00e1s\u00e1rolhat\u00f3<\/a><\/p>\n<p>Next Product: <a href=\"https:\/\/vapealps.com\/hu\/termek\/randm-tornado-15000-wholesale\/\">RandM Tornado 15000 F\u00faj\u00e1s 0% 2% 3% 5% Nikotin T\u00f6meges Eldobhat\u00f3 Vape Nagykereskedelemben V\u00e1s\u00e1rolhat\u00f3<\/a><\/p>\n<\/div>","protected":false},"excerpt":{"rendered":"<p>RandM Digital Box 12000 Puffs: A Modern Disposable Vape The FUMOT\u00a0RandM Digital Box 12000 Puffs is a high-performance disposable device<\/p>","protected":false},"featured_media":2004,"comment_status":"open","ping_status":"closed","template":"","meta":[],"product_brand":[1340],"product_cat":[408,411,412,410,409,416],"product_tag":[414,413,415],"class_list":{"0":"post-2001","1":"product","2":"type-product","3":"status-publish","4":"has-post-thumbnail","6":"product_brand-fumot","7":"product_cat-randm-digital-box-12000-puffs","8":"product_cat-fumot","9":"product_cat-fumot-12000","10":"product_cat-fumot-digital-box-12000","11":"product_cat-fumot-disposable-vapes","12":"product_cat-randm-disposable-vapes","13":"product_tag-fp-fumot","14":"product_tag-fumot-vape","15":"product_tag-randm-vape","17":"first","18":"instock","19":"shipping-taxable","20":"purchasable","21":"product-type-variable"},"tiered_pricing_type":"fixed","tiered_pricing_fixed_rules":{"30":"8.3","60":"7.57","100":"6.95","200":"6.47","500":"6.10","1000":"5.85"},"tiered_pricing_product_settings":{"layout":"default","base_unit_name":{"singular":null,"plural":null},"default_variation":{}},"tiered_pricing_minimum_quantity":10,"tiered_pricing_roles_data":[],"tiered_pricing_percentage_rules":[],"tiered_pricing_maximum_quantity":null,"tiered_pricing_quantity_step":"10","_links":{"self":[{"href":"https:\/\/vapealps.com\/hu\/wp-json\/wp\/v2\/product\/2001","targetHints":{"allow":["GET"]}}],"collection":[{"href":"https:\/\/vapealps.com\/hu\/wp-json\/wp\/v2\/product"}],"about":[{"href":"https:\/\/vapealps.com\/hu\/wp-json\/wp\/v2\/types\/product"}],"replies":[{"embeddable":true,"href":"https:\/\/vapealps.com\/hu\/wp-json\/wp\/v2\/comments?post=2001"}],"version-history":[{"count":4,"href":"https:\/\/vapealps.com\/hu\/wp-json\/wp\/v2\/product\/2001\/revisions"}],"predecessor-version":[{"id":18441,"href":"https:\/\/vapealps.com\/hu\/wp-json\/wp\/v2\/product\/2001\/revisions\/18441"}],"wp:featuredmedia":[{"embeddable":true,"href":"https:\/\/vapealps.com\/hu\/wp-json\/wp\/v2\/media\/2004"}],"wp:attachment":[{"href":"https:\/\/vapealps.com\/hu\/wp-json\/wp\/v2\/media?parent=2001"}],"wp:term":[{"taxonomy":"product_brand","embeddable":true,"href":"https:\/\/vapealps.com\/hu\/wp-json\/wp\/v2\/product_brand?post=2001"},{"taxonomy":"product_cat","embeddable":true,"href":"https:\/\/vapealps.com\/hu\/wp-json\/wp\/v2\/product_cat?post=2001"},{"taxonomy":"product_tag","embeddable":true,"href":"https:\/\/vapealps.com\/hu\/wp-json\/wp\/v2\/product_tag?post=2001"}],"curies":[{"name":"wp","href":"https:\/\/api.w.org\/{rel}","templated":true}]}}