{"id":2180,"date":"2026-01-06T11:57:21","date_gmt":"2026-01-06T11:57:21","guid":{"rendered":"https:\/\/vapealps.com\/?post_type=product&#038;p=2180"},"modified":"2026-01-21T07:39:30","modified_gmt":"2026-01-21T07:39:30","slug":"randm-tornado-9000-wholesale","status":"publish","type":"product","link":"https:\/\/vapealps.com\/hu\/termek\/randm-tornado-9000-wholesale\/","title":{"rendered":"RandM Tornado 9000 szippant\u00e1s 0% 2% 3% 5% Nikotinos Eldobhat\u00f3 Vape Nagykereskedelem"},"content":{"rendered":"<h2 data-path-to-node=\"2\">RandM Tornado 9000 Puffs: A t\u00f6k\u00e9letes eldobhat\u00f3 g\u0151z\u00f6l\u00e9si \u00e9lm\u00e9nyed<\/h2>\n<p data-path-to-node=\"3\">A <b data-path-to-node=\"3\" data-index-in-node=\"4\">RandM Tornado 9000 Puff (<a href=\"https:\/\/vapealps.com\/hu\/termekkategoria\/fumot\/\">Kattintson ide a Fumot Vape tov\u00e1bbi term\u00e9keinek megtekint\u00e9s\u00e9hez<\/a>)<\/b> egy rendk\u00edv\u00fcl n\u00e9pszer\u0171, felhaszn\u00e1l\u00f3bar\u00e1t, eldobhat\u00f3 vape, amelyet feln\u0151tt fogyaszt\u00f3k sz\u00e1m\u00e1ra terveztek, akik hossz\u00fa \u00e9lettartamot, k\u00e9nyelmet \u00e9s kiv\u00e1l\u00f3 \u00edz\u00e9lm\u00e9nyt keresnek. Ez az eszk\u00f6z \u00faj m\u00e9rc\u00e9t \u00e1ll\u00edt fel az eldobhat\u00f3 kateg\u00f3ri\u00e1ban.<\/p>\n<h3 data-path-to-node=\"4\">\u00a0F\u0151bb jellemz\u0151k \u00e9s technol\u00f3gia<\/h3>\n<ul data-path-to-node=\"5\">\n<li>\n<p data-path-to-node=\"5,0,0\"><b data-path-to-node=\"5,0,0\" data-index-in-node=\"0\">Hatalmas kapacit\u00e1s:<\/b> El\u0151re felt\u00f6ltve egy nagy adaggal <b data-path-to-node=\"5,0,0\" data-index-in-node=\"45\">18 ml<\/b> e-folyad\u00e9kb\u00f3l, leny\u0171g\u00f6z\u0151, ak\u00e1r <b data-path-to-node=\"5,0,0\" data-index-in-node=\"105\">9000 f\u00faj\u00e1s<\/b>.<\/p>\n<\/li>\n<li>\n<p data-path-to-node=\"5,1,0\"><b data-path-to-node=\"5,1,0\" data-index-in-node=\"0\">Optimaliz\u00e1lt \u00edz:<\/b> \u00c9lvonalbeli jellemz\u0151kkel rendelkezik <b data-path-to-node=\"5,1,0\" data-index-in-node=\"42\">h\u00e1l\u00f3s tekercs<\/b> f\u0171t\u0151elem, amely biztos\u00edtja az \u00e1lland\u00f3, gazdag \u00e9s tiszta \u00edzt az els\u0151 szippant\u00e1st\u00f3l az utols\u00f3ig.<\/p>\n<\/li>\n<li>\n<p data-path-to-node=\"5,2,0\"><b data-path-to-node=\"5,2,0\" data-index-in-node=\"0\">Nikotin opci\u00f3k:<\/b> K\u00fcl\u00f6nb\u00f6z\u0151 nikotiner\u0151ss\u00e9gekben kaphat\u00f3: <b data-path-to-node=\"5,2,0\" data-index-in-node=\"64\">0%, 2%, 3% vagy 5%<\/b>.<\/p>\n<\/li>\n<li>\n<p data-path-to-node=\"5,3,0\"><b data-path-to-node=\"5,3,0\" data-index-in-node=\"0\">\u00dajrat\u00f6lthet\u0151 t\u00e1pegys\u00e9g:<\/b> Tart\u00f3s <b data-path-to-node=\"5,3,0\" data-index-in-node=\"44\">850 mAh-s \u00fajrat\u00f6lthet\u0151 akkumul\u00e1tor<\/b>. Gyorsan felt\u00f6lthet\u0151 egy szabv\u00e1nyos akkumul\u00e1torral. <b data-path-to-node=\"5,3,0\" data-index-in-node=\"111\">C t\u00edpus\u00fa<\/b> k\u00e1bel.<\/p>\n<\/li>\n<li>\n<p data-path-to-node=\"5,4,0\"><b data-path-to-node=\"5,4,0\" data-index-in-node=\"0\">Testreszabhat\u00f3 l\u00e9g\u00e1raml\u00e1s:<\/b> Tartalmaz egy <b data-path-to-node=\"5,4,0\" data-index-in-node=\"34\">\u00e1ll\u00edthat\u00f3 l\u00e9g\u00e1raml\u00e1s<\/b> rendszer, amely lehet\u0151v\u00e9 teszi a g\u0151ztermel\u00e9s \u00e9s a sz\u00edv\u00e1si ellen\u00e1ll\u00e1s feletti kontrollt.<\/p>\n<\/li>\n<li>\n<p data-path-to-node=\"5,5,0\"><b data-path-to-node=\"5,5,0\" data-index-in-node=\"0\">Modern diz\u00e1jn:<\/b> Vonz\u00f3 megjelen\u00e9s\u0171 <b data-path-to-node=\"5,5,0\" data-index-in-node=\"38\">RGB f\u00e9ny<\/b> amely haszn\u00e1lat k\u00f6zben vil\u00e1g\u00edt, eleg\u00e1ns, modern megjelen\u00e9st k\u00f6lcs\u00f6n\u00f6zve neki.<\/p>\n<\/li>\n<\/ul>\n<hr data-path-to-node=\"6\" \/>\n<h3 data-path-to-node=\"7\">33 kiv\u00e9teles \u00edz<\/h3>\n<p data-path-to-node=\"8\">Fedezze fel sz\u00e9les \u00edzv\u00e1laszt\u00e9kunkat. Minden egyes opci\u00f3t \u00fagy alkottunk meg, hogy z\u00f6kken\u0151mentes \u00e9s kiel\u00e9g\u00edt\u0151 \u00e9lm\u00e9nyt ny\u00fajtson:<\/p>\n<table data-path-to-node=\"9\">\n<thead>\n<tr>\n<td><strong>Gy\u00fcm\u00f6lcs\u00f6s \u00e9s \u00e9des<\/strong><\/td>\n<td><strong>J\u00e9g \u00e9s friss\u00edt\u0151<\/strong><\/td>\n<td><strong>\u00c9dess\u00e9g \u00e9s desszert<\/strong><\/td>\n<\/tr>\n<\/thead>\n<tbody>\n<tr>\n<td><span data-path-to-node=\"9,1,0,0\">\u00c1fonya \u00e9s m\u00e1lna<\/span><\/td>\n<td><span data-path-to-node=\"9,1,1,0\">Buja j\u00e9g<\/span><\/td>\n<td><span data-path-to-node=\"9,1,2,0\">G\u00f6r\u00f6gdinnye r\u00e1g\u00f3gumi<\/span><\/td>\n<\/tr>\n<tr>\n<td><span data-path-to-node=\"9,2,0,0\">K\u00e9k \u00far<\/span><\/td>\n<td><span data-path-to-node=\"9,2,1,0\">Fekete S\u00e1rk\u00e1ny J\u00e9g<\/span><\/td>\n<td><span data-path-to-node=\"9,2,2,0\">Sziv\u00e1rv\u00e1ny cukorka<\/span><\/td>\n<\/tr>\n<tr>\n<td><span data-path-to-node=\"9,3,0,0\">Eper g\u00f6r\u00f6gdinnye<\/span><\/td>\n<td><span data-path-to-node=\"9,3,1,0\">K\u00e9k Razz j\u00e9g<\/span><\/td>\n<td><span data-path-to-node=\"9,3,2,0\">Gumimaci<\/span><\/td>\n<\/tr>\n<tr>\n<td><span data-path-to-node=\"9,4,0,0\">Narancsos sz\u00f3da<\/span><\/td>\n<td><span data-path-to-node=\"9,4,1,0\">Guava j\u00e9g<\/span><\/td>\n<td><span data-path-to-node=\"9,4,2,0\">Ban\u00e1nkr\u00e9m<\/span><\/td>\n<\/tr>\n<tr>\n<td><span data-path-to-node=\"9,5,0,0\">Barackos mang\u00f3 anan\u00e1sz<\/span><\/td>\n<td><span data-path-to-node=\"9,5,1,0\">G\u00f6r\u00f6gdinnye Razz Ice<\/span><\/td>\n<td><span data-path-to-node=\"9,5,2,0\">Epres kr\u00e9m<\/span><\/td>\n<\/tr>\n<tr>\n<td><span data-path-to-node=\"9,6,0,0\">Eper-ban\u00e1n<\/span><\/td>\n<td><span data-path-to-node=\"9,6,1,0\">Fekete j\u00e9g<\/span><\/td>\n<td><span data-path-to-node=\"9,6,2,0\">Savany\u00fa cukorka<\/span><\/td>\n<\/tr>\n<tr>\n<td><span data-path-to-node=\"9,7,0,0\">Aloe sz\u0151l\u0151<\/span><\/td>\n<td><span data-path-to-node=\"9,7,1,0\">H\u0171s menta<\/span><\/td>\n<td><span data-path-to-node=\"9,7,2,0\">Teke<\/span><\/td>\n<\/tr>\n<tr>\n<td><span data-path-to-node=\"9,8,0,0\">Kiwi maracuja guava<\/span><\/td>\n<td><\/td>\n<td><\/td>\n<\/tr>\n<tr>\n<td><span data-path-to-node=\"9,9,0,0\">M\u00e1lna g\u00f6r\u00f6gdinnye<\/span><\/td>\n<td><\/td>\n<td><\/td>\n<\/tr>\n<tr>\n<td><span data-path-to-node=\"9,10,0,0\">Vegyes bogy\u00f3s gy\u00fcm\u00f6lcs\u00f6k<\/span><\/td>\n<td><\/td>\n<td><\/td>\n<\/tr>\n<tr>\n<td><span data-path-to-node=\"9,11,0,0\">\u0150szibarack limon\u00e1d\u00e9<\/span><\/td>\n<td><\/td>\n<td><\/td>\n<\/tr>\n<tr>\n<td><span data-path-to-node=\"9,12,0,0\">Epres limon\u00e1d\u00e9<\/span><\/td>\n<td><\/td>\n<td><\/td>\n<\/tr>\n<tr>\n<td><span data-path-to-node=\"9,13,0,0\">\u0150szibarack bogy\u00f3<\/span><\/td>\n<td><\/td>\n<td><\/td>\n<\/tr>\n<tr>\n<td><span data-path-to-node=\"9,14,0,0\">Cseresznye \/ Sz\u00e9nsavas cseresznye<\/span><\/td>\n<td><\/td>\n<td><\/td>\n<\/tr>\n<tr>\n<td><span data-path-to-node=\"9,15,0,0\">Citrom-lime<\/span><\/td>\n<td><\/td>\n<td><\/td>\n<\/tr>\n<tr>\n<td><span data-path-to-node=\"9,16,0,0\">\u00c1fonya, cseresznye, \u00e1fonya<\/span><\/td>\n<td><\/td>\n<td><\/td>\n<\/tr>\n<tr>\n<td><span data-path-to-node=\"9,17,0,0\">Vimto<\/span><\/td>\n<td><\/td>\n<td><\/td>\n<\/tr>\n<tr>\n<td><span data-path-to-node=\"9,18,0,0\">R\u00f3zsasz\u00edn limon\u00e1d\u00e9<\/span><\/td>\n<td><\/td>\n<td><\/td>\n<\/tr>\n<\/tbody>\n<\/table>\n<hr data-path-to-node=\"10\" \/>\n<h3 data-path-to-node=\"11\">Nagykereskedelmi \u00e9s t\u00f6meges megrendel\u00e9sek<\/h3>\n<p data-path-to-node=\"12\">A RandM Tornado 9000 hihetetlen \u00e9rt\u00e9ket k\u00edn\u00e1l, k\u00fcl\u00f6n\u00f6sen a v\u00e1llalkoz\u00f3k sz\u00e1m\u00e1ra.<b data-path-to-node=\"3\" data-index-in-node=\"4\">(<a href=\"https:\/\/vapealps.com\/hu\/termekkategoria\/fumot\/\">Kattintson ide a Fumot Vape tov\u00e1bbi term\u00e9keinek megtekint\u00e9s\u00e9hez<\/a>)<\/b>.<\/p>\n<ul data-path-to-node=\"13\">\n<li>\n<p data-path-to-node=\"13,0,0\"><b data-path-to-node=\"13,0,0\" data-index-in-node=\"0\">T\u00f6meges csomagol\u00e1s:<\/b> Dobozokban kaphat\u00f3 <b data-path-to-node=\"13,0,0\" data-index-in-node=\"38\">10 egys\u00e9g<\/b>.<\/p>\n<\/li>\n<li>\n<p data-path-to-node=\"13,1,0\"><b data-path-to-node=\"13,1,0\" data-index-in-node=\"0\">K\u00f6lts\u00e9ghat\u00e9kony:<\/b> Ide\u00e1lis kiskereskedelmi \u00fczletek vagy nagym\u00e9ret\u0171 disztrib\u00faci\u00f3 sz\u00e1m\u00e1ra.<\/p>\n<\/li>\n<li>\n<p data-path-to-node=\"13,2,0\"><b data-path-to-node=\"13,2,0\" data-index-in-node=\"0\">K\u00f6rnyezettudatos:<\/b> Az \u00fajrat\u00f6lthet\u0151 akkumul\u00e1tor meghosszabb\u00edtja a k\u00e9sz\u00fcl\u00e9k \u00e9lettartam\u00e1t, cs\u00f6kkentve a hullad\u00e9kot a hagyom\u00e1nyos eldobhat\u00f3 akkumul\u00e1torokhoz k\u00e9pest.<\/p>\n<\/li>\n<\/ul>\n<div id=\"attachment_3195\" style=\"width: 740px\" class=\"wp-caption alignleft\"><img loading=\"lazy\" decoding=\"async\" aria-describedby=\"caption-attachment-3195\" class=\"lazy-load-active wp-image-3195 size-full\" src=\"https:\/\/gleevape.com\/wp-content\/uploads\/2024\/04\/RandM-Tornado-9000-Puffs-14.webp\" alt=\"RandM Tornado 9000\" width=\"730\" height=\"730\" data-src=\"https:\/\/gleevape.com\/wp-content\/uploads\/2024\/04\/RandM-Tornado-9000-Puffs-14.webp\" data-srcset=\"https:\/\/i0.wp.com\/gleevape.com\/wp-content\/uploads\/2024\/04\/RandM-Tornado-9000-Puffs-14.webp?w=730&amp;ssl=1 730w, https:\/\/i0.wp.com\/gleevape.com\/wp-content\/uploads\/2024\/04\/RandM-Tornado-9000-Puffs-14.webp?resize=400%2C400&amp;ssl=1 400w, https:\/\/i0.wp.com\/gleevape.com\/wp-content\/uploads\/2024\/04\/RandM-Tornado-9000-Puffs-14.webp?resize=280%2C280&amp;ssl=1 280w, https:\/\/i0.wp.com\/gleevape.com\/wp-content\/uploads\/2024\/04\/RandM-Tornado-9000-Puffs-14.webp?resize=12%2C12&amp;ssl=1 12w, https:\/\/i0.wp.com\/gleevape.com\/wp-content\/uploads\/2024\/04\/RandM-Tornado-9000-Puffs-14.webp?resize=300%2C300&amp;ssl=1 300w, https:\/\/i0.wp.com\/gleevape.com\/wp-content\/uploads\/2024\/04\/RandM-Tornado-9000-Puffs-14.webp?resize=600%2C600&amp;ssl=1 600w, https:\/\/i0.wp.com\/gleevape.com\/wp-content\/uploads\/2024\/04\/RandM-Tornado-9000-Puffs-14.webp?resize=100%2C100&amp;ssl=1 100w\" data- title=\"\"><\/p>\n<p id=\"caption-attachment-3195\" class=\"wp-caption-text\">RandM Torn\u00e1d\u00f3 9000<\/p>\n<\/div>\n<p>&nbsp;<\/p>\n<div class=\"product-navigation\">\n<p>Previous Product: <a href=\"https:\/\/vapealps.com\/hu\/termek\/randm-tornado-15000-wholesale\/\">RandM Tornado 15000 F\u00faj\u00e1s 0% 2% 3% 5% Nikotin T\u00f6meges Eldobhat\u00f3 Vape Nagykereskedelemben V\u00e1s\u00e1rolhat\u00f3<\/a><\/p>\n<p>Next Product: <a href=\"https:\/\/vapealps.com\/hu\/termek\/fumot-tornado-20000-wholesale\/\">Randm Fumot Tornado 20000 f\u00faj\u00e1s kett\u0151s h\u00e1l\u00f3s digit\u00e1lis k\u00e9perny\u0151vel 20K 0% 2% 3% 5% Alacsony nikotintartalm\u00fa, nagykereskedelmi \u00fajrat\u00f6lthet\u0151, eldobhat\u00f3 vape tollt v\u00e1s\u00e1rolhat<\/a><\/p>\n<\/div>","protected":false},"excerpt":{"rendered":"<p>RandM Tornado 9000 Puffs: Your Ultimate Disposable Vaping Experience The RandM Tornado 9000 Puffs (Click to view more Fumot Vape)<\/p>","protected":false},"featured_media":2229,"comment_status":"open","ping_status":"closed","template":"","meta":[],"product_brand":[1340],"product_cat":[411,498,497,409,496,458,416,324,495,494],"product_tag":[499,501,503,502,500],"class_list":{"0":"post-2180","1":"product","2":"type-product","3":"status-publish","4":"has-post-thumbnail","6":"product_brand-fumot","7":"product_cat-fumot","8":"product_cat-fumot-9000","9":"product_cat-fumot-9000-puffs","10":"product_cat-fumot-disposable-vapes","11":"product_cat-fumot-tornado-9000","12":"product_cat-randm","13":"product_cat-randm-disposable-vapes","14":"product_cat-randm-tornado","15":"product_cat-randm-tornado-9000","16":"product_cat-randm-tornado-9000-puffs","17":"product_tag-9000-tornado","18":"product_tag-puff-9000-tornado","19":"product_tag-puff-randm-tornado-9000","20":"product_tag-puff-tornado-9000","21":"product_tag-tornado-9000","23":"first","24":"instock","25":"shipping-taxable","26":"purchasable","27":"product-type-variable"},"tiered_pricing_type":"fixed","tiered_pricing_fixed_rules":{"30":"7.92","60":"7.52","100":"6.63","200":"6.16","500":"5.81","1000":"5.58"},"tiered_pricing_product_settings":{"layout":"default","base_unit_name":{"singular":null,"plural":null},"default_variation":{}},"tiered_pricing_minimum_quantity":10,"tiered_pricing_roles_data":[],"tiered_pricing_percentage_rules":[],"tiered_pricing_maximum_quantity":null,"tiered_pricing_quantity_step":null,"_links":{"self":[{"href":"https:\/\/vapealps.com\/hu\/wp-json\/wp\/v2\/product\/2180","targetHints":{"allow":["GET"]}}],"collection":[{"href":"https:\/\/vapealps.com\/hu\/wp-json\/wp\/v2\/product"}],"about":[{"href":"https:\/\/vapealps.com\/hu\/wp-json\/wp\/v2\/types\/product"}],"replies":[{"embeddable":true,"href":"https:\/\/vapealps.com\/hu\/wp-json\/wp\/v2\/comments?post=2180"}],"version-history":[{"count":5,"href":"https:\/\/vapealps.com\/hu\/wp-json\/wp\/v2\/product\/2180\/revisions"}],"predecessor-version":[{"id":18443,"href":"https:\/\/vapealps.com\/hu\/wp-json\/wp\/v2\/product\/2180\/revisions\/18443"}],"wp:featuredmedia":[{"embeddable":true,"href":"https:\/\/vapealps.com\/hu\/wp-json\/wp\/v2\/media\/2229"}],"wp:attachment":[{"href":"https:\/\/vapealps.com\/hu\/wp-json\/wp\/v2\/media?parent=2180"}],"wp:term":[{"taxonomy":"product_brand","embeddable":true,"href":"https:\/\/vapealps.com\/hu\/wp-json\/wp\/v2\/product_brand?post=2180"},{"taxonomy":"product_cat","embeddable":true,"href":"https:\/\/vapealps.com\/hu\/wp-json\/wp\/v2\/product_cat?post=2180"},{"taxonomy":"product_tag","embeddable":true,"href":"https:\/\/vapealps.com\/hu\/wp-json\/wp\/v2\/product_tag?post=2180"}],"curies":[{"name":"wp","href":"https:\/\/api.w.org\/{rel}","templated":true}]}}