{"id":4411,"date":"2026-01-09T08:48:43","date_gmt":"2026-01-09T08:48:43","guid":{"rendered":"https:\/\/vapealps.com\/product\/vozol-vista-plug-pod-rainbow-candy\/"},"modified":"2026-01-21T07:30:18","modified_gmt":"2026-01-21T07:30:18","slug":"vozol-vista-plug-pod-rainbow-candy","status":"publish","type":"product","link":"https:\/\/vapealps.com\/hu\/termek\/vozol-vista-plug-pod-rainbow-candy\/","title":{"rendered":"Vozol Vista Dug\u00f3 | POD | Sziv\u00e1rv\u00e1nycukorka | 15 000 F\u00faj\u00e1s"},"content":{"rendered":"<h2 data-path-to-node=\"0\">Vozol Vista Plug | Sziv\u00e1rv\u00e1nycukorka: 15 000 slukk \u00edzvil\u00e1ga<\/h2>\n<p data-path-to-node=\"1\"><b data-path-to-node=\"1\" data-index-in-node=\"0\">A nosztalgikus \u00e9dess\u00e9g \u00e9s a cs\u00facstechnol\u00f3gi\u00e1s kitart\u00e1s t\u00f6k\u00e9letes f\u00fazi\u00f3ja.<\/b><\/p>\n<p data-path-to-node=\"2\">\u00dcdv\u00f6zl\u00fcnk az eldobhat\u00f3 vape-ek cs\u00facs\u00e1n. <b data-path-to-node=\"2\" data-index-in-node=\"50\">Vozol Vista plug in Rainbow Candy<\/b> t\u00f6bb mint egy eszk\u00f6z; egy apr\u00f3l\u00e9kosan megtervezett \u00edzrendszer, amelyet az ig\u00e9nyes g\u0151z\u00f6l\u0151k sz\u00e1m\u00e1ra terveztek. Hatalmas m\u00e9rt\u00e9kben rombolja az ipar\u00e1gi norm\u00e1kat. <b data-path-to-node=\"2\" data-index-in-node=\"229\">15 000 slukk kapacit\u00e1s<\/b>, ez a k\u00e9szlet kik\u00fcsz\u00f6b\u00f6li a gyakori cser\u00e9k \u00e9s az inkonzisztens teljes\u00edtm\u00e9ny \u00f6rd\u00f6gi k\u00f6r\u00e9t.<\/p>\n<p data-path-to-node=\"3\">A Rainbow Candy kiad\u00e1s egy vibr\u00e1l\u00f3 remekm\u0171 \u2013 a l\u00e9d\u00fas bogy\u00f3s gy\u00fcm\u00f6lcs\u00f6k, a pik\u00e1ns citrusf\u00e9l\u00e9k \u00e9s az \u00e9des, cukros jegyek cukros, t\u00f6bbr\u00e9teg\u0171 szimf\u00f3ni\u00e1ja, amely a 15 000. slukkon is ugyanolyan intenz\u00edv marad, mint az els\u0151n.<\/p>\n<hr data-path-to-node=\"4\" \/>\n<h3 data-path-to-node=\"5\">Az innov\u00e1ci\u00f3 kibont\u00e1sa: M\u0171szaki kiv\u00e1l\u00f3s\u00e1g<\/h3>\n<p data-path-to-node=\"6\">A Vista Plug a modern m\u00e9rn\u00f6ki tudom\u00e1nyok mesterkurzusa, amelyet \u00fagy terveztek, hogy nagy teljes\u00edtm\u00e9ny\u0171 \u00e9lm\u00e9nyt ny\u00fajtson hordozhat\u00f3 form\u00e1ban.<\/p>\n<ul data-path-to-node=\"7\">\n<li>\n<p data-path-to-node=\"7,0,0\"><b data-path-to-node=\"7,0,0\" data-index-in-node=\"0\">Rendk\u00edv\u00fcli, 15 000 slukkos \u00e9lettartam:<\/b> Egy t\u00falm\u00e9retezett e-folyad\u00e9k tart\u00e1lynak \u00e9s nagy s\u0171r\u0171s\u00e9g\u0171 akkumul\u00e1torkezel\u00e9snek k\u00f6sz\u00f6nhet\u0151en ez az eszk\u00f6z hetekig tart\u00f3 megszak\u00edt\u00e1s n\u00e9lk\u00fcli haszn\u00e1latot biztos\u00edt, \u00edgy a piacon el\u00e9rhet\u0151 legtart\u00f3sabb v\u00e1laszt\u00e1s.<\/p>\n<\/li>\n<li>\n<p data-path-to-node=\"7,1,0\"><b data-path-to-node=\"7,1,0\" data-index-in-node=\"0\">Sziv\u00e1rv\u00e1nycukorka \u00edzprofil:<\/b> Tapasztald meg a gy\u00fcm\u00f6lcs\u00f6s-\u00e9des kever\u00e9k nosztalgikus \u00edz\u00e9t. Ez a szak\u00e9rt\u0151k \u00e1ltal kiegyens\u00falyozott kever\u00e9k megragadja a \u201csziv\u00e1rv\u00e1ny \u00edz\u00e9nek\u201d l\u00e9nyeg\u00e9t, egy \u00e1lland\u00f3, fanyar-\u00e9des g\u0151zt biztos\u00edtva, amely soha nem m\u00falik el.<\/p>\n<\/li>\n<li>\n<p data-path-to-node=\"7,2,0\"><b data-path-to-node=\"7,2,0\" data-index-in-node=\"0\">Fejlett h\u00e1l\u00f3s tekercs technol\u00f3gia:<\/b> A l\u00e9nyege egy pr\u00e9mium h\u00e1l\u00f3s f\u0171t\u0151elem. Ez biztos\u00edtja a gyors felf\u0171t\u00e9st, az egyenletes h\u0151eloszl\u00e1st \u00e9s a gazdagabb \u00edzt, ami figyelemre m\u00e9lt\u00f3an sima \u00e9s s\u0171r\u0171 torok\u00edzt eredm\u00e9nyez.<\/p>\n<\/li>\n<li>\n<p data-path-to-node=\"7,3,0\"><b data-path-to-node=\"7,3,0\" data-index-in-node=\"0\">Integr\u00e1lt t\u00e1pell\u00e1t\u00e1s \u00e9s USB-C t\u00f6lt\u00e9s:<\/b> M\u00edg el\u0151re felt\u00f6ltve \u00e9s azonnal haszn\u00e1latra k\u00e9sz, a Vista egy <b data-path-to-node=\"7,3,0\" data-index-in-node=\"102\">USB-C port<\/b> hogy minden csepp e-folyad\u00e9kot felhaszn\u00e1lhass. A nagy kapacit\u00e1s\u00fa akkumul\u00e1tor megb\u00edzhat\u00f3 energi\u00e1t biztos\u00edt a cs\u00facsg\u0151ztermel\u00e9s fenntart\u00e1s\u00e1hoz.<\/p>\n<\/li>\n<li>\n<p data-path-to-node=\"7,4,0\"><b data-path-to-node=\"7,4,0\" data-index-in-node=\"0\">Eleg\u00e1ns \u00e9s ergonomikus forma:<\/b> Az ipar\u00e1gban vezet\u0151 kapacit\u00e1sa ellen\u00e9re a Vista p\u00e9nzt\u00e1rcabar\u00e1t, ergonomikus kialak\u00edt\u00e1s\u00fa. Tart\u00f3s h\u00e1za ellen\u00e1ll a rohan\u00f3, rohan\u00f3 \u00e9letm\u00f3d megpr\u00f3b\u00e1ltat\u00e1sainak.<\/p>\n<\/li>\n<\/ul>\n<hr data-path-to-node=\"8\" \/>\n<h3 data-path-to-node=\"9\">K\u00e9zzelfoghat\u00f3 el\u0151ny\u00f6k: Mi\u00e9rt fogja im\u00e1dni a Vist\u00e1t?<\/h3>\n<p data-path-to-node=\"10\">A sz\u00e1mokon t\u00fal a Vozol Vista Plug val\u00f3s el\u0151ny\u00f6ket is k\u00edn\u00e1l, amelyek jav\u00edtj\u00e1k a mindennapi rutint.<a href=\"https:\/\/vapealps.com\/hu\/termekkategoria\/vozol-disposable-vapes\/\">Kattintson ide tov\u00e1bbi Vozol eldobhat\u00f3 vape-ek kiv\u00e1laszt\u00e1s\u00e1hoz<\/a>).<\/p>\n<table data-path-to-node=\"11\">\n<thead>\n<tr>\n<td><strong>Az el\u0151ny<\/strong><\/td>\n<td><strong>Mit jelent ez sz\u00e1modra?<\/strong><\/td>\n<\/tr>\n<\/thead>\n<tbody>\n<tr>\n<td><span data-path-to-node=\"11,1,0,0\"><b data-path-to-node=\"11,1,0,0\" data-index-in-node=\"0\">Kiv\u00e1l\u00f3 \u00e1r-\u00e9rt\u00e9k ar\u00e1ny<\/b><\/span><\/td>\n<td><span data-path-to-node=\"11,1,1,0\">Egyetlen 15 000 f\u00faj\u00e1sra elegend\u0151 egys\u00e9g t\u00f6bb tucat hagyom\u00e1nyos eldobhat\u00f3 eszk\u00f6zt helyettes\u00edt, drasztikusan cs\u00f6kkentve a hossz\u00fa t\u00e1v\u00fa kiad\u00e1sokat.<\/span><\/td>\n<\/tr>\n<tr>\n<td><span data-path-to-node=\"11,2,0,0\"><b data-path-to-node=\"11,2,0,0\" data-index-in-node=\"0\">Probl\u00e9mamentes egyszer\u0171s\u00e9g<\/b><\/span><\/td>\n<td><span data-path-to-node=\"11,2,1,0\">Karbantart\u00e1smentes. Nincs tekercscsere, ut\u00e1nt\u00f6lt\u00e9s \u00e9s bonyolult be\u00e1ll\u00edt\u00e1sok. Csak rajzolj \u00e9s \u00e9lvezd.<\/span><\/td>\n<\/tr>\n<tr>\n<td><span data-path-to-node=\"11,3,0,0\"><b data-path-to-node=\"11,3,0,0\" data-index-in-node=\"0\">\u00c1lland\u00f3 teljes\u00edtm\u00e9ny<\/b><\/span><\/td>\n<td><span data-path-to-node=\"11,3,1,0\">A fejlett m\u00e9rn\u00f6ki tervez\u00e9s megakad\u00e1lyozza a nagy szippant\u00e1s\u00fa k\u00e9sz\u00fcl\u00e9kekben megszokott \u201c\u00e9gett \u00edzt\u201d, amikor azok kimer\u00fclnek.<\/span><\/td>\n<\/tr>\n<tr>\n<td><span data-path-to-node=\"11,4,0,0\"><b data-path-to-node=\"11,4,0,0\" data-index-in-node=\"0\">K\u00f6rnyezettudatos hat\u00e1s<\/b><\/span><\/td>\n<td><span data-path-to-node=\"11,4,1,0\">A hullad\u00e9kkezel\u00e9s gyakoris\u00e1g\u00e1nak cs\u00f6kkent\u00e9s\u00e9vel akt\u00edvan minimaliz\u00e1lod a m\u0171anyag- \u00e9s akkumul\u00e1torhullad\u00e9k \u00f6kosziszt\u00e9m\u00e1ba jut\u00e1s\u00e1t.<\/span><\/td>\n<\/tr>\n<\/tbody>\n<\/table>\n<hr data-path-to-node=\"12\" \/>\n<h3 data-path-to-node=\"13\">Elk\u00f6telezetts\u00e9g a biztons\u00e1g \u00e9s a min\u0151s\u00e9g ir\u00e1nt<\/h3>\n<p data-path-to-node=\"14\">Az \u00d6n eg\u00e9szs\u00e9ge \u00e9s el\u00e9gedetts\u00e9ge nem k\u00e9pezheti vita t\u00e1rgy\u00e1t. A Vozol Vista csatlakoz\u00f3 szigor\u00fa min\u0151s\u00e9gellen\u0151rz\u00e9sen alapul:<\/p>\n<ul data-path-to-node=\"15\">\n<li>\n<p data-path-to-node=\"15,0,0\"><b data-path-to-node=\"15,0,0\" data-index-in-node=\"0\">Pr\u00e9mium anyagok:<\/b> \u00c9lelmiszeripari min\u0151s\u00e9g\u0171 anyagokb\u00f3l k\u00e9sz\u00fclt a tart\u00e1ly \u00e9s a sz\u00e1jr\u00e9sz a tiszta \u00e9lm\u00e9ny biztos\u00edt\u00e1sa \u00e9rdek\u00e9ben.<\/p>\n<\/li>\n<li>\n<p data-path-to-node=\"15,1,0\"><b data-path-to-node=\"15,1,0\" data-index-in-node=\"0\">Tan\u00fas\u00edtott gy\u00e1rt\u00e1s:<\/b> A Rainbow Candy e-liquid minden egyes t\u00e9tel\u00e9t tan\u00fas\u00edtott l\u00e9tes\u00edtm\u00e9nyekben gy\u00e1rtj\u00e1k, nagy tisztas\u00e1g\u00fa \u00f6sszetev\u0151kb\u0151l.<\/p>\n<\/li>\n<li>\n<p data-path-to-node=\"15,2,0\"><b data-path-to-node=\"15,2,0\" data-index-in-node=\"0\">Intelligens \u00e1ramk\u00f6r v\u00e9delem:<\/b> Be\u00e9p\u00edtett v\u00e9delemmel rendelkezik a t\u00falt\u00f6lt\u00e9s, r\u00f6vidz\u00e1rlat \u00e9s t\u00falzott kis\u00fct\u00e9s ellen a teljes nyugalom \u00e9rdek\u00e9ben.<\/p>\n<\/li>\n<\/ul>\n<h3 data-path-to-node=\"16\">Mi\u00e9rt v\u00e1lassza a Rainbow Candy Vist\u00e1t?<\/h3>\n<p data-path-to-node=\"17\">A t\u00f6meggy\u00e1rt\u00e1s\u00fa k\u00f6z\u00e9pszer\u0171s\u00e9g piac\u00e1n a Vozol Vista Plug egyed\u00fcl\u00e1ll\u00f3. Azoknak a felhaszn\u00e1l\u00f3knak k\u00e9sz\u00fclt, akik belef\u00e1radtak az eldobhat\u00f3 dolgok k\u00f6rforg\u00e1s\u00e1ba, \u00e9s egy olyan eszk\u00f6zt szeretn\u00e9nek, amely ugyanolyan leny\u0171g\u00f6z\u0151en teljes\u00edt, mint amilyen j\u00f3l n\u00e9z ki. <b data-path-to-node=\"17\" data-index-in-node=\"208\">$1250<\/b>, ez strat\u00e9giai befektet\u00e9st jelent a min\u0151s\u00e9gbe, az \u00edzbe \u00e9s a megb\u00edzhat\u00f3s\u00e1gba(<a href=\"https:\/\/vapealps.com\/hu\/termekkategoria\/vozol-disposable-vapes\/\">Kattintson ide tov\u00e1bbi Vozol eldobhat\u00f3 vape-ek kiv\u00e1laszt\u00e1s\u00e1hoz<\/a>).<\/p>\n<p>K\u00e9szen \u00e1llsz arra, hogy t\u00fall\u00e9pj a h\u00e9tk\u00f6znapokon?<\/p>\n<p>V\u00e1laszd azt a k\u00e9sz\u00fcl\u00e9ket, amely betartja az \u00edg\u00e9reteit. V\u00e1laszd a Vozol Vista Plug in Rainbow Candy-t, \u00e9s tapasztald meg az eldobhat\u00f3 vape technol\u00f3gia abszol\u00fat cs\u00facs\u00e1t.<\/p>\n<div class=\"product-navigation\">\n<p>Previous Product: <a href=\"https:\/\/vapealps.com\/hu\/termek\/vozol-vista-plug-kit-mr-blue\/\">Vozol Vista szippant\u00f3k\u00e9szlet | Mr Blue | 15 000 slukk<\/a><\/p>\n<p>Next Product: <a href=\"https:\/\/vapealps.com\/hu\/termek\/vozol-vista-plug-kit-kiwi-passion-fruit-guava\/\">Vozol Vista Plug Kit | Kiwi \u00e9s maracuja \u00edz\u0171 guava | 15 000 slukk<\/a><\/p>\n<\/div>","protected":false},"excerpt":{"rendered":"<p>Vozol Vista Plug | Rainbow Candy: A 15,000-Puff Spectrum of Flavor The Ultimate Fusion of Nostalgic Sweetness and Cutting-Edge Endurance.<\/p>","protected":false},"featured_media":4410,"comment_status":"open","ping_status":"closed","template":"","meta":[],"product_brand":[897],"product_cat":[835,889,782,888,893],"product_tag":[848,847],"class_list":{"0":"post-4411","1":"product","2":"type-product","3":"status-publish","4":"has-post-thumbnail","6":"product_brand-vozol","7":"product_cat-15k-puffs","8":"product_cat-vozol","9":"product_cat-vozol-disposable-vapes","10":"product_cat-vozol-vista-plug","11":"product_cat-vozol-vista-plug-pod","12":"product_tag-rainbow-candy-vape-device","13":"product_tag-vozol-vista-plug-pod","15":"first","16":"instock","17":"shipping-taxable","18":"purchasable","19":"product-type-simple"},"tiered_pricing_type":"fixed","tiered_pricing_fixed_rules":[],"tiered_pricing_product_settings":{"layout":"default","base_unit_name":{"singular":null,"plural":null},"default_variation":null},"tiered_pricing_minimum_quantity":null,"tiered_pricing_roles_data":[],"tiered_pricing_percentage_rules":[],"tiered_pricing_maximum_quantity":null,"tiered_pricing_quantity_step":null,"_links":{"self":[{"href":"https:\/\/vapealps.com\/hu\/wp-json\/wp\/v2\/product\/4411","targetHints":{"allow":["GET"]}}],"collection":[{"href":"https:\/\/vapealps.com\/hu\/wp-json\/wp\/v2\/product"}],"about":[{"href":"https:\/\/vapealps.com\/hu\/wp-json\/wp\/v2\/types\/product"}],"replies":[{"embeddable":true,"href":"https:\/\/vapealps.com\/hu\/wp-json\/wp\/v2\/comments?post=4411"}],"version-history":[{"count":4,"href":"https:\/\/vapealps.com\/hu\/wp-json\/wp\/v2\/product\/4411\/revisions"}],"predecessor-version":[{"id":18492,"href":"https:\/\/vapealps.com\/hu\/wp-json\/wp\/v2\/product\/4411\/revisions\/18492"}],"wp:featuredmedia":[{"embeddable":true,"href":"https:\/\/vapealps.com\/hu\/wp-json\/wp\/v2\/media\/4410"}],"wp:attachment":[{"href":"https:\/\/vapealps.com\/hu\/wp-json\/wp\/v2\/media?parent=4411"}],"wp:term":[{"taxonomy":"product_brand","embeddable":true,"href":"https:\/\/vapealps.com\/hu\/wp-json\/wp\/v2\/product_brand?post=4411"},{"taxonomy":"product_cat","embeddable":true,"href":"https:\/\/vapealps.com\/hu\/wp-json\/wp\/v2\/product_cat?post=4411"},{"taxonomy":"product_tag","embeddable":true,"href":"https:\/\/vapealps.com\/hu\/wp-json\/wp\/v2\/product_tag?post=4411"}],"curies":[{"name":"wp","href":"https:\/\/api.w.org\/{rel}","templated":true}]}}