{"id":1949,"date":"2026-01-05T07:27:38","date_gmt":"2026-01-05T07:27:38","guid":{"rendered":"https:\/\/vapealps.com\/?post_type=product&#038;p=1949"},"modified":"2026-01-21T07:22:35","modified_gmt":"2026-01-21T07:22:35","slug":"elf-bar-bc5000-wholesale","status":"publish","type":"product","link":"https:\/\/vapealps.com\/it\/prodotto\/elf-bar-bc5000-wholesale\/","title":{"rendered":"ELF BAR BC5000 5% Nicotina Ricaricabile Acquista all&#039;ingrosso Vape monouso"},"content":{"rendered":"<p>Scopri la sigaretta elettronica usa e getta premium Elf Bar BC5000 su Gleevape, progettata con tecnologia avanzata a doppia bobina, una batteria ricaricabile da 650 mAh, una capacit\u00e0 di e-liquid di 13 ml e un&#039;ampia selezione di aromi intensi per un&#039;esperienza di svapo superiore.<\/p>\n<h5>Caratteristiche ELF BAR BC5000<\/h5>\n<p>Sbuffi: 5000 sbuffi per dispositivo.<br \/>\nLiquido: liquido da 13 ml con nicotina a scelta 5%.<br \/>\nBatteria: batteria ricaricabile da 650 mAh con USB-C.<br \/>\nTecnologia: Doppia bobina per un vapore morbido.<\/p>\n<h2>Aromi ELF BAR BC5000.<\/h2>\n<p>Scegli tra questi gusti:<\/p>\n<p>Blue Razz Ice (lampone blu con gelato)<br \/>\nBlueberry Ice (mirtillo con ghiaccio)<br \/>\nCranberry Grape (mirtillo rosso e uva)<br \/>\nEnergia (gusto bevanda energetica)<br \/>\nKiwi, frutto della passione e guava (kiwi, frutto della passione e guava)<br \/>\nMango Peach (mango e pesca)<br \/>\nPesca, mango e anguria (pesca, mango e anguria)<br \/>\nAnanas e cocco (ananas e cocco)<br \/>\nCaramelle arcobaleno (caramelle arcobaleno)<br \/>\nMojito rosso (mojito rosso alla menta)<br \/>\nSakura Grape (fiori di ciliegio e uva)<br \/>\nMela acerba (mela acerba)<br \/>\nFragola e banana (fragola e banana)<br \/>\nFragola e kiwi (fragola e kiwi)<br \/>\nFragola e mango (fragola e mango)<br \/>\nMentolo dolce<br \/>\nTropical Rainbow Blast (mix di arcobaleno tropicale)<br \/>\nTriple Berry (tre bacche)<br \/>\nTriple Mango (triplo mango)<br \/>\nTriplo Melone (tre meloni)<br \/>\nWatermelon Bubblegum (gusto anguria e gomma da masticare)<br \/>\nWatermelon Ice (anguria con ghiaccio)<br \/>\nAnguria Lce (anguria con ghiaccio extra)<\/p>\n<p data-start=\"60\" data-end=\"102\"><strong data-start=\"60\" data-end=\"102\">Vendita all&#039;ingrosso di sigarette elettroniche - Ordini all&#039;ingrosso disponibili<\/strong><\/p>\n<p data-start=\"104\" data-end=\"381\">IL <a href=\"https:\/\/vapealps.com\/it\/categoria-prodotto\/elf-bar\/\">BARRA DEGLI ELFI<\/a> Il BC5000 \u00e8 la scelta ideale per gli acquirenti all&#039;ingrosso di sigarette elettroniche. Acquistabile all&#039;ingrosso da Glidevape a prezzi altamente competitivi. Noto per le sue prestazioni costanti e l&#039;ampia selezione di aromi, questo dispositivo \u00e8 ideale per i rivenditori che cercano qualit\u00e0, affidabilit\u00e0 e soddisfazione del cliente.<\/p>\n<p><img loading=\"lazy\" decoding=\"async\" class=\"aligncenter wp-image-1997 size-full\" src=\"https:\/\/vapealps.com\/wp-content\/uploads\/2026\/01\/elf-bar-bc5000-disposable_700x70.webp\" alt=\"elf-bar-bc5000-disposable vape\" width=\"700\" height=\"700\" title=\"\" srcset=\"https:\/\/vapealps.com\/wp-content\/uploads\/2026\/01\/elf-bar-bc5000-disposable_700x70.webp 700w, https:\/\/vapealps.com\/wp-content\/uploads\/2026\/01\/elf-bar-bc5000-disposable_700x70-300x300.webp 300w, https:\/\/vapealps.com\/wp-content\/uploads\/2026\/01\/elf-bar-bc5000-disposable_700x70-150x150.webp 150w, https:\/\/vapealps.com\/wp-content\/uploads\/2026\/01\/elf-bar-bc5000-disposable_700x70-430x430.webp 430w\" sizes=\"auto, (max-width: 700px) 100vw, 700px\" \/><\/p>\n<p>&nbsp;<\/p>\n<div class=\"product-navigation\">\n<p>Prodotto successivo: <a href=\"https:\/\/vapealps.com\/it\/prodotto\/randm-digital-box-12000-wholesale\/\">Randm Digital Box 12000 Puffs 0% 2% 3% 5% Nicotina Display LED Ricaricabile Acquista all&#039;ingrosso Vape monouso<\/a><\/p>\n<\/div>","protected":false},"excerpt":{"rendered":"<p>Discover the premium Elf Bar BC5000 disposable vape at Gleevape, designed with advanced dual-coil technology, a rechargeable 650mAh battery, 13ml<\/p>","protected":false},"featured_media":1974,"comment_status":"open","ping_status":"closed","template":"","meta":[],"product_brand":[903],"product_cat":[352,353,354],"product_tag":[356,355,357],"class_list":{"0":"post-1949","1":"product","2":"type-product","3":"status-publish","4":"has-post-thumbnail","6":"product_brand-elf-bar","7":"product_cat-elf-bar","8":"product_cat-elf-bar-5000","9":"product_cat-elf-bar-bc5000","10":"product_tag-elf-bar-vape","11":"product_tag-elfbaar","12":"product_tag-elfbar-vape","14":"first","15":"instock","16":"shipping-taxable","17":"purchasable","18":"product-type-variable"},"tiered_pricing_type":"fixed","tiered_pricing_fixed_rules":[],"tiered_pricing_product_settings":{"layout":"default","base_unit_name":{"singular":null,"plural":null},"default_variation":null},"tiered_pricing_minimum_quantity":null,"tiered_pricing_roles_data":[],"tiered_pricing_percentage_rules":[],"tiered_pricing_maximum_quantity":null,"tiered_pricing_quantity_step":null,"_links":{"self":[{"href":"https:\/\/vapealps.com\/it\/wp-json\/wp\/v2\/product\/1949","targetHints":{"allow":["GET"]}}],"collection":[{"href":"https:\/\/vapealps.com\/it\/wp-json\/wp\/v2\/product"}],"about":[{"href":"https:\/\/vapealps.com\/it\/wp-json\/wp\/v2\/types\/product"}],"replies":[{"embeddable":true,"href":"https:\/\/vapealps.com\/it\/wp-json\/wp\/v2\/comments?post=1949"}],"version-history":[{"count":5,"href":"https:\/\/vapealps.com\/it\/wp-json\/wp\/v2\/product\/1949\/revisions"}],"predecessor-version":[{"id":18440,"href":"https:\/\/vapealps.com\/it\/wp-json\/wp\/v2\/product\/1949\/revisions\/18440"}],"wp:featuredmedia":[{"embeddable":true,"href":"https:\/\/vapealps.com\/it\/wp-json\/wp\/v2\/media\/1974"}],"wp:attachment":[{"href":"https:\/\/vapealps.com\/it\/wp-json\/wp\/v2\/media?parent=1949"}],"wp:term":[{"taxonomy":"product_brand","embeddable":true,"href":"https:\/\/vapealps.com\/it\/wp-json\/wp\/v2\/product_brand?post=1949"},{"taxonomy":"product_cat","embeddable":true,"href":"https:\/\/vapealps.com\/it\/wp-json\/wp\/v2\/product_cat?post=1949"},{"taxonomy":"product_tag","embeddable":true,"href":"https:\/\/vapealps.com\/it\/wp-json\/wp\/v2\/product_tag?post=1949"}],"curies":[{"name":"wp","href":"https:\/\/api.w.org\/{rel}","templated":true}]}}