{"id":2001,"date":"2026-01-06T03:47:10","date_gmt":"2026-01-06T03:47:10","guid":{"rendered":"https:\/\/vapealps.com\/?post_type=product&#038;p=2001"},"modified":"2026-01-21T07:39:30","modified_gmt":"2026-01-21T07:39:30","slug":"randm-digital-box-12000-wholesale","status":"publish","type":"product","link":"https:\/\/vapealps.com\/it\/prodotto\/randm-digital-box-12000-wholesale\/","title":{"rendered":"Randm Digital Box 12000 Puffs 0% 2% 3% 5% Nicotina Display LED Ricaricabile Acquista all&#039;ingrosso Vape monouso"},"content":{"rendered":"<h2 data-path-to-node=\"0\">RandM Digital Box 12000 Puffs: una moderna sigaretta elettronica usa e getta<\/h2>\n<p data-path-to-node=\"1\">IL <a href=\"https:\/\/vapealps.com\/it\/categoria-prodotto\/fumot\/\">FUMOT<\/a>\u00a0<b data-path-to-node=\"1\" data-index-in-node=\"4\">RandM Digital Box 12000 tiri<\/b> \u00e8 un dispositivo monouso ad alte prestazioni di Gleevape, progettato per gli svapatori che danno priorit\u00e0 alla longevit\u00e0 e alla tecnologia intelligente. Presenta un design robusto e un display integrato, che lo rendono la scelta ideale per gli utenti abituali.<\/p>\n<h3 data-path-to-node=\"2\">Prestazioni potenti e design intelligente<\/h3>\n<p data-path-to-node=\"3\">Questo dispositivo \u00e8 progettato per un&#039;esperienza fluida e coerente:<\/p>\n<div class=\"___SFlex_n3dnq-red-team _use_primary_a2h7d-red-team __use_a2h7d-red-team __fixed_a2h7d-red-team ___SCell_a2h7d-red-team\" role=\"cell\" data-ui-name=\"Flex\">\n<div data-ui-name=\"Box\">\n<div class=\"___SFlex_n3dnq-red-team\" data-ui-name=\"Flex\">\n<div class=\"style-module__wrapper___cwu6x\" data-ui-name=\"Box\">\n<div class=\"style-module__inline___GLMW_\" data-ui-name=\"Box\"><span class=\"___SText_pr68d-red-team\" data-ui-name=\"Link.Text\">fumot digital box 12000<\/span><\/div>\n<\/div>\n<\/div>\n<\/div>\n<\/div>\n<ul data-path-to-node=\"4\">\n<li>\n<p data-path-to-node=\"4,0,0\"><b data-path-to-node=\"4,0,0\" data-index-in-node=\"0\">Potenza di lunga durata<\/b>: \u00c8 dotato di un <b data-path-to-node=\"4,0,0\" data-index-in-node=\"35\">850 mAh<\/b> batteria ricaricabile.<\/p>\n<\/li>\n<li>\n<p data-path-to-node=\"4,1,0\"><b data-path-to-node=\"4,1,0\" data-index-in-node=\"0\">Ricarica rapida<\/b>: La batteria \u00e8 ricaricabile tramite un <b data-path-to-node=\"4,1,0\" data-index-in-node=\"49\">Tipo C<\/b> porta.<\/p>\n<\/li>\n<li>\n<p data-path-to-node=\"4,2,0\"><b data-path-to-node=\"4,2,0\" data-index-in-node=\"0\">Numero elevato di tiri<\/b>: Consegna fino a <b data-path-to-node=\"4,2,0\" data-index-in-node=\"32\">12.000 boccate<\/b> di vapore.<\/p>\n<\/li>\n<li>\n<p data-path-to-node=\"4,3,0\"><b data-path-to-node=\"4,3,0\" data-index-in-node=\"0\">Grande capacit\u00e0<\/b>: Viene fornito con un <b data-path-to-node=\"4,3,0\" data-index-in-node=\"29\">20 ml<\/b> serbatoio pre-riempito per ridurre la necessit\u00e0 di sostituzioni frequenti.<\/p>\n<\/li>\n<li>\n<p data-path-to-node=\"4,4,0\"><b data-path-to-node=\"4,4,0\" data-index-in-node=\"0\">Monitoraggio in tempo reale<\/b>: Include uno schermo integrato che visualizza entrambi <b data-path-to-node=\"4,4,0\" data-index-in-node=\"68\">livello della batteria<\/b> E <b data-path-to-node=\"4,4,0\" data-index-in-node=\"86\">e-liquid rimanente<\/b>.<\/p>\n<\/li>\n<\/ul>\n<h3 data-path-to-node=\"5\">Opzioni di nicotina<\/h3>\n<p data-path-to-node=\"6\">Personalizza la tua esperienza con diverse concentrazioni di nicotina:<\/p>\n<ul data-path-to-node=\"7\">\n<li>\n<p data-path-to-node=\"7,0,0\">Scegli tra <b data-path-to-node=\"7,0,0\" data-index-in-node=\"12\">0%, 2%, 3% o 5%<\/b> contenuto di nicotina.<\/p>\n<\/li>\n<\/ul>\n<h3 data-path-to-node=\"8\">Ampia selezione di gusti<\/h3>\n<p data-path-to-node=\"9\">Scegli tra un&#039;ampia gamma di gusti estratti dagli elenchi forniti:<\/p>\n<table data-path-to-node=\"10\">\n<thead>\n<tr>\n<td><strong>Ghiacciato e rinfrescante<\/strong><\/td>\n<td><strong>Miscele di frutta<\/strong><\/td>\n<td><strong>Dolci e bevande<\/strong><\/td>\n<\/tr>\n<\/thead>\n<tbody>\n<tr>\n<td><span data-path-to-node=\"10,1,0,0\">Menta fresca<\/span><\/td>\n<td><span data-path-to-node=\"10,1,1,0\">Mirtillo Lampone<\/span><\/td>\n<td><span data-path-to-node=\"10,1,2,0\">Ciambella alla fragola<\/span><\/td>\n<\/tr>\n<tr>\n<td><span data-path-to-node=\"10,2,0,0\">Ghiaccio all&#039;anguria<\/span><\/td>\n<td><span data-path-to-node=\"10,2,1,0\">Fragola e anguria<\/span><\/td>\n<td><span data-path-to-node=\"10,2,2,0\">Cola alla ciliegia<\/span><\/td>\n<\/tr>\n<tr>\n<td><span data-path-to-node=\"10,3,0,0\">Ghiaccio all&#039;uva<\/span><\/td>\n<td><span data-path-to-node=\"10,3,1,0\">Fragola e banana<\/span><\/td>\n<td><span data-path-to-node=\"10,3,2,0\">Limonata rosa<\/span><\/td>\n<\/tr>\n<tr>\n<td><span data-path-to-node=\"10,4,0,0\">Ghiaccio lussureggiante<\/span><\/td>\n<td><span data-path-to-node=\"10,4,1,0\">Frutti di bosco misti<\/span><\/td>\n<td><span data-path-to-node=\"10,4,2,0\">Ghiacciolo<\/span><\/td>\n<\/tr>\n<tr>\n<td><span data-path-to-node=\"10,5,0,0\">Ghiaccio alla fragola<\/span><\/td>\n<td><span data-path-to-node=\"10,5,1,0\">Uva fragola<\/span><\/td>\n<td><span data-path-to-node=\"10,5,2,0\">Red Bull alla fragola<\/span><\/td>\n<\/tr>\n<tr>\n<td><span data-path-to-node=\"10,6,0,0\">Mango sul ghiaccio<\/span><\/td>\n<td><span data-path-to-node=\"10,6,1,0\">Kiwi Frutto della Passione Guava<\/span><\/td>\n<td><span data-path-to-node=\"10,6,2,0\">Limonata ai frutti di bosco<\/span><\/td>\n<\/tr>\n<tr>\n<td><span data-path-to-node=\"10,7,0,0\">Mirtillo sul ghiaccio<\/span><\/td>\n<td><span data-path-to-node=\"10,7,1,0\">Fragola Kiwi<\/span><\/td>\n<td><span data-path-to-node=\"10,7,2,0\">Limonata Blue Razz<\/span><\/td>\n<\/tr>\n<tr>\n<td><span data-path-to-node=\"10,8,0,0\">Pesca ghiacciata<\/span><\/td>\n<td><span data-path-to-node=\"10,8,1,0\">Pesca e mango<\/span><\/td>\n<td><span data-path-to-node=\"10,8,2,0\">T\u00e8 freddo al limone e ghiaccio<\/span><\/td>\n<\/tr>\n<tr>\n<td><span data-path-to-node=\"10,9,0,0\">Ghiaccio alla mela rossa<\/span><\/td>\n<td><span data-path-to-node=\"10,9,1,0\">Esplosione di bacche di mela<\/span><\/td>\n<td><span data-path-to-node=\"10,9,2,0\">T\u00e8 freddo alla pesca<\/span><\/td>\n<\/tr>\n<tr>\n<td><span data-path-to-node=\"10,10,0,0\">Banana Ice<\/span><\/td>\n<td><span data-path-to-node=\"10,10,1,0\">Mirtillo Ciliegia Mirtillo Rosso<\/span><\/td>\n<td><span data-path-to-node=\"10,10,2,0\">Vimto<\/span><\/td>\n<\/tr>\n<tr>\n<td><span data-path-to-node=\"10,11,0,0\">Ghiaccio al frutto del drago<\/span><\/td>\n<td><span data-path-to-node=\"10,11,1,0\">Anguria al lampone<\/span><\/td>\n<td><span data-path-to-node=\"10,11,2,0\">Cola Ice<\/span><\/td>\n<\/tr>\n<tr>\n<td><span data-path-to-node=\"10,12,0,0\">Ghiaccio nero<\/span><\/td>\n<td><span data-path-to-node=\"10,12,1,0\">Fragola Melograno<\/span><\/td>\n<td><span data-path-to-node=\"10,12,2,0\">Bingo Crush<\/span><\/td>\n<\/tr>\n<tr>\n<td><span data-path-to-node=\"10,13,0,0\">Ghiaccio all&#039;ananas<\/span><\/td>\n<td><span data-path-to-node=\"10,13,1,0\">Mirtillo Kiwi<\/span><\/td>\n<td><span data-path-to-node=\"10,13,2,0\">Amore 66<\/span><\/td>\n<\/tr>\n<tr>\n<td><span data-path-to-node=\"10,14,0,0\">Ghiaccio energetico rosso<\/span><\/td>\n<td><span data-path-to-node=\"10,14,1,0\">Fusione di frutta<\/span><\/td>\n<td><span data-path-to-node=\"10,14,2,0\">Gomma da masticare al mirtillo<\/span><\/td>\n<\/tr>\n<\/tbody>\n<\/table>\n<p data-path-to-node=\"11\"><i data-path-to-node=\"11\" data-index-in-node=\"0\">Nota: Altri gusti unici includono <b data-path-to-node=\"11\" data-index-in-node=\"40\">Dottor Blue<\/b>, <b data-path-to-node=\"11\" data-index-in-node=\"49\">Lampone blu acido<\/b>, E <b data-path-to-node=\"11\" data-index-in-node=\"74\">Menta all&#039;uva<\/b>. Per chi non riesce a decidere, un <b data-path-to-node=\"11\" data-index-in-node=\"116\">Sapore casuale<\/b> \u00e8 disponibile l&#039;opzione per una consegna rapida.<\/i><\/p>\n<p data-path-to-node=\"11\"><img loading=\"lazy\" decoding=\"async\" class=\"lazy-load-active alignnone wp-image-7439 size-full\" src=\"https:\/\/gleevape.com\/wp-content\/uploads\/2024\/05\/RANDM_DIGITAL_BOX_12000_puffs_1.webp\" alt=\"Randm Digital Box 12000 Puffs 0% 2% 3% 5% Nicotine LED Display Rechargeable Bulk Buy Disposable Vape Wholesale\" width=\"800\" height=\"800\" data-src=\"https:\/\/gleevape.com\/wp-content\/uploads\/2024\/05\/RANDM_DIGITAL_BOX_12000_puffs_1.webp\" data-srcset=\"https:\/\/i0.wp.com\/gleevape.com\/wp-content\/uploads\/2024\/05\/RANDM_DIGITAL_BOX_12000_puffs_1.webp?w=800&amp;ssl=1 800w, https:\/\/i0.wp.com\/gleevape.com\/wp-content\/uploads\/2024\/05\/RANDM_DIGITAL_BOX_12000_puffs_1.webp?resize=400%2C400&amp;ssl=1 400w, https:\/\/i0.wp.com\/gleevape.com\/wp-content\/uploads\/2024\/05\/RANDM_DIGITAL_BOX_12000_puffs_1.webp?resize=280%2C280&amp;ssl=1 280w, https:\/\/i0.wp.com\/gleevape.com\/wp-content\/uploads\/2024\/05\/RANDM_DIGITAL_BOX_12000_puffs_1.webp?resize=768%2C768&amp;ssl=1 768w, https:\/\/i0.wp.com\/gleevape.com\/wp-content\/uploads\/2024\/05\/RANDM_DIGITAL_BOX_12000_puffs_1.webp?resize=12%2C12&amp;ssl=1 12w, https:\/\/i0.wp.com\/gleevape.com\/wp-content\/uploads\/2024\/05\/RANDM_DIGITAL_BOX_12000_puffs_1.webp?resize=300%2C300&amp;ssl=1 300w, https:\/\/i0.wp.com\/gleevape.com\/wp-content\/uploads\/2024\/05\/RANDM_DIGITAL_BOX_12000_puffs_1.webp?resize=600%2C600&amp;ssl=1 600w, https:\/\/i0.wp.com\/gleevape.com\/wp-content\/uploads\/2024\/05\/RANDM_DIGITAL_BOX_12000_puffs_1.webp?resize=100%2C100&amp;ssl=1 100w\" data- title=\"\"><\/p>\n<div class=\"product-navigation\">\n<p>Prodotto precedente: <a href=\"https:\/\/vapealps.com\/it\/prodotto\/elf-bar-bc5000-wholesale\/\">ELF BAR BC5000 5% Nicotina Ricaricabile Acquista all&#039;ingrosso Vape monouso<\/a><\/p>\n<p>Prodotto successivo: <a href=\"https:\/\/vapealps.com\/it\/prodotto\/randm-tornado-15000-wholesale\/\">RandM Tornado 15000 Puffs 0% 2% 3% 5% Nicotina Bulk Acquista all&#039;ingrosso Vape monouso<\/a><\/p>\n<\/div>","protected":false},"excerpt":{"rendered":"<p>RandM Digital Box 12000 Puffs: A Modern Disposable Vape The FUMOT\u00a0RandM Digital Box 12000 Puffs is a high-performance disposable device<\/p>","protected":false},"featured_media":2004,"comment_status":"open","ping_status":"closed","template":"","meta":[],"product_brand":[1340],"product_cat":[408,411,412,410,409,416],"product_tag":[414,413,415],"class_list":{"0":"post-2001","1":"product","2":"type-product","3":"status-publish","4":"has-post-thumbnail","6":"product_brand-fumot","7":"product_cat-randm-digital-box-12000-puffs","8":"product_cat-fumot","9":"product_cat-fumot-12000","10":"product_cat-fumot-digital-box-12000","11":"product_cat-fumot-disposable-vapes","12":"product_cat-randm-disposable-vapes","13":"product_tag-fp-fumot","14":"product_tag-fumot-vape","15":"product_tag-randm-vape","17":"first","18":"instock","19":"shipping-taxable","20":"purchasable","21":"product-type-variable"},"tiered_pricing_type":"fixed","tiered_pricing_fixed_rules":{"30":"8.3","60":"7.57","100":"6.95","200":"6.47","500":"6.10","1000":"5.85"},"tiered_pricing_product_settings":{"layout":"default","base_unit_name":{"singular":null,"plural":null},"default_variation":{}},"tiered_pricing_minimum_quantity":10,"tiered_pricing_roles_data":[],"tiered_pricing_percentage_rules":[],"tiered_pricing_maximum_quantity":null,"tiered_pricing_quantity_step":"10","_links":{"self":[{"href":"https:\/\/vapealps.com\/it\/wp-json\/wp\/v2\/product\/2001","targetHints":{"allow":["GET"]}}],"collection":[{"href":"https:\/\/vapealps.com\/it\/wp-json\/wp\/v2\/product"}],"about":[{"href":"https:\/\/vapealps.com\/it\/wp-json\/wp\/v2\/types\/product"}],"replies":[{"embeddable":true,"href":"https:\/\/vapealps.com\/it\/wp-json\/wp\/v2\/comments?post=2001"}],"version-history":[{"count":4,"href":"https:\/\/vapealps.com\/it\/wp-json\/wp\/v2\/product\/2001\/revisions"}],"predecessor-version":[{"id":18441,"href":"https:\/\/vapealps.com\/it\/wp-json\/wp\/v2\/product\/2001\/revisions\/18441"}],"wp:featuredmedia":[{"embeddable":true,"href":"https:\/\/vapealps.com\/it\/wp-json\/wp\/v2\/media\/2004"}],"wp:attachment":[{"href":"https:\/\/vapealps.com\/it\/wp-json\/wp\/v2\/media?parent=2001"}],"wp:term":[{"taxonomy":"product_brand","embeddable":true,"href":"https:\/\/vapealps.com\/it\/wp-json\/wp\/v2\/product_brand?post=2001"},{"taxonomy":"product_cat","embeddable":true,"href":"https:\/\/vapealps.com\/it\/wp-json\/wp\/v2\/product_cat?post=2001"},{"taxonomy":"product_tag","embeddable":true,"href":"https:\/\/vapealps.com\/it\/wp-json\/wp\/v2\/product_tag?post=2001"}],"curies":[{"name":"wp","href":"https:\/\/api.w.org\/{rel}","templated":true}]}}