{"id":2302,"date":"2026-01-07T06:11:42","date_gmt":"2026-01-07T06:11:42","guid":{"rendered":"https:\/\/vapealps.com\/?post_type=product&#038;p=2302"},"modified":"2026-01-21T07:39:29","modified_gmt":"2026-01-21T07:39:29","slug":"fumot-leopard-40k-puffs-wholesale","status":"publish","type":"product","link":"https:\/\/vapealps.com\/it\/prodotto\/fumot-leopard-40k-puffs-wholesale\/","title":{"rendered":"Fumot Leopard 40K Puffs a basso contenuto di nicotina Acquista all&#039;ingrosso sigarette elettroniche usa e getta autentiche"},"content":{"rendered":"<h2 data-path-to-node=\"0\">Fumot Leopard 40.000 tiri: la sigaretta elettronica usa e getta all&#039;ingrosso a basso contenuto di nicotina per eccellenza<\/h2>\n<p data-path-to-node=\"1\">Stai cercando una sigaretta elettronica usa e getta ad alta capacit\u00e0 e alte prestazioni che combini longevit\u00e0 con un&#039;estetica audace? <b data-path-to-node=\"1\" data-index-in-node=\"122\">Fumot Leopard 40K<\/b> (<a href=\"https:\/\/vapealps.com\/it\/categoria-prodotto\/fumot\/\">Clicca per selezionare pi\u00f9 vaporizzatori Fumot<\/a>) \u00e8 progettato per ridefinire l&#039;esperienza dello svapo. <span class=\"citation-35\">Offrendo un&#039;esperienza senza precedenti <\/span><b data-path-to-node=\"1\" data-index-in-node=\"215\"><span class=\"citation-35\">40.000 boccate<\/span><\/b><span class=\"citation-35 citation-end-35\">, questo dispositivo \u00e8 una vera potenza, progettato sia per gli amanti delle nuvole che per chi cerca sapori particolari.<sup class=\"superscript\" data-turn-source-index=\"1\">1<\/sup><\/span> Per i grossisti e i dettaglianti che desiderano dominare il mercato con un prodotto di qualit\u00e0 e di lunga durata, il Leopard 40K \u00e8 la scelta definitiva per il vostro inventario.<\/p>\n<hr data-path-to-node=\"2\" \/>\n<h3 data-path-to-node=\"3\">\u00a0Panoramica del prodotto Fumot Leopard 40.000 Puffs<\/h3>\n<p data-path-to-node=\"4\">Il Fumot Leopard 40K non \u00e8 solo uno svapo: \u00e8 una dimostrazione di durevolezza e tecnologia avanzata. <span class=\"citation-34\">Al suo centro c&#039;\u00e8 un <\/span><b data-path-to-node=\"4\" data-index-in-node=\"114\"><span class=\"citation-34\">Batteria ricaricabile ad alta capacit\u00e0 da 700 mAh<\/span><\/b><span class=\"citation-34 citation-end-34\">, garantendo agli utenti di poter godere fino all&#039;ultima goccia di e-liquid senza che il dispositivo si scarichi prematuramente.<\/span><\/p>\n<p data-path-to-node=\"5\"><span class=\"citation-33\">La caratteristica distintiva \u00e8 la <\/span><b data-path-to-node=\"5\" data-index-in-node=\"28\"><span class=\"citation-33\">schermo di visualizzazione digitale integrato<\/span><\/b><span class=\"citation-33 citation-end-33\">, che fornisce il monitoraggio in tempo reale sia della durata della batteria che dei livelli di e-liquid.<sup class=\"superscript\" data-turn-source-index=\"3\">3<\/sup><\/span> Niente pi\u00f9 congetture o risultati incerti: gli utenti restano informati a colpo d&#039;occhio. <span class=\"citation-32\">Guidato da un sofisticato <\/span><b data-path-to-node=\"5\" data-index-in-node=\"232\"><span class=\"citation-32\">sistema di bobine a doppia maglia<\/span><\/b><span class=\"citation-32 citation-end-32\">, il Leopard 40K massimizza la superficie per produrre un sapore ricco e uniforme e nuvole di vapore voluminose dal primo tiro fino al 40.000\u00b0.<\/span><\/p>\n<h3>Personalizzazione e prestazioni<\/h3>\n<p data-path-to-node=\"7\"><span class=\"citation-31\">Adatto a un&#039;ampia fascia demografica, il Leopard 40K \u00e8 disponibile in diverse concentrazioni di nicotina: <\/span><b data-path-to-node=\"7\" data-index-in-node=\"93\"><span class=\"citation-31\">0%, 2%, 3% e 5%<\/span><\/b><span class=\"citation-31 citation-end-31\">.<\/span>Che i tuoi clienti vogliano smettere completamente di usare la nicotina o preferiscano un tiro pi\u00f9 forte, questo dispositivo si adatta alle loro esigenze. Con il suo design moderno <b data-path-to-node=\"7\" data-index-in-node=\"251\">Porta di ricarica rapida di tipo C<\/b>, i tempi di inattivit\u00e0 sono ridotti al minimo, mantenendo il dispositivo pronto all&#039;uso.<\/p>\n<hr data-path-to-node=\"8\" \/>\n<h3 data-path-to-node=\"9\">Caratteristiche e specifiche principali<\/h3>\n<table data-path-to-node=\"10\">\n<thead>\n<tr>\n<td><strong>Caratteristica<\/strong><\/td>\n<td><strong>Dettagli delle specifiche<\/strong><\/td>\n<\/tr>\n<\/thead>\n<tbody>\n<tr>\n<td><span data-path-to-node=\"10,1,0,0\"><b data-path-to-node=\"10,1,0,0\" data-index-in-node=\"0\">Conteggio dei tiri<\/b><\/span><\/td>\n<td><span data-path-to-node=\"10,1,1,0\">Fino a 40.000 tiri<\/span><\/td>\n<\/tr>\n<tr>\n<td><span data-path-to-node=\"10,2,0,0\"><b data-path-to-node=\"10,2,0,0\" data-index-in-node=\"0\">Batteria<\/b><\/span><\/td>\n<td><span data-path-to-node=\"10,2,1,0\">700 mAh (ricaricabile)<\/span><\/td>\n<\/tr>\n<tr>\n<td><span data-path-to-node=\"10,3,0,0\"><b data-path-to-node=\"10,3,0,0\" data-index-in-node=\"0\">Ricarica<\/b><\/span><\/td>\n<td><span data-path-to-node=\"10,3,1,0\">Ricarica rapida di tipo C<\/span><\/td>\n<\/tr>\n<tr>\n<td><span data-path-to-node=\"10,4,0,0\"><b data-path-to-node=\"10,4,0,0\" data-index-in-node=\"0\">Tipo di bobina<\/b><\/span><\/td>\n<td><span data-path-to-node=\"10,4,1,0\">Tecnologia a doppia bobina a maglia<\/span><\/td>\n<\/tr>\n<tr>\n<td><span data-path-to-node=\"10,5,0,0\"><b data-path-to-node=\"10,5,0,0\" data-index-in-node=\"0\">Display<\/b><\/span><\/td>\n<td><span data-path-to-node=\"10,5,1,0\">Schermo digitale intelligente per olio e batteria<\/span><\/td>\n<\/tr>\n<tr>\n<td><span data-path-to-node=\"10,6,0,0\"><b data-path-to-node=\"10,6,0,0\" data-index-in-node=\"0\">Punti di forza della nicotina<\/b><\/span><\/td>\n<td><span data-path-to-node=\"10,6,1,0\">0% \/ 2% \/ 3% \/ 5%<\/span><\/td>\n<\/tr>\n<tr>\n<td><span data-path-to-node=\"10,7,0,0\"><b data-path-to-node=\"10,7,0,0\" data-index-in-node=\"0\">Qualit\u00e0 costruttiva<\/b><\/span><\/td>\n<td><span data-path-to-node=\"10,7,1,0\">Estetica ergonomica ed elegante &quot;Leopard&quot;<\/span><\/td>\n<\/tr>\n<tr>\n<td><span data-path-to-node=\"10,8,0,0\"><b data-path-to-node=\"10,8,0,0\" data-index-in-node=\"0\">Unit\u00e0 all&#039;ingrosso<\/b><\/span><\/td>\n<td><span data-path-to-node=\"10,8,1,0\">160 unit\u00e0 per cartone<\/span><\/td>\n<\/tr>\n<tr>\n<td><span data-path-to-node=\"10,9,0,0\"><b data-path-to-node=\"10,9,0,0\" data-index-in-node=\"0\">Peso della scatola<\/b><\/span><\/td>\n<td><span data-path-to-node=\"10,9,1,0\">20,1 kg (peso di spedizione standardizzato)<\/span><\/td>\n<\/tr>\n<\/tbody>\n<\/table>\n<hr data-path-to-node=\"11\" \/>\n<h3 data-path-to-node=\"12\">Profili aromatici del Fumot Leopard 40K<\/h3>\n<p data-path-to-node=\"13\">Esplora un mondo di sapori vivaci con la nostra variegata gamma di aromi.<a href=\"https:\/\/vapealps.com\/it\/categoria-prodotto\/fumot\/\">Clicca per selezionare pi\u00f9 vaporizzatori Fumot<\/a>) Ogni opzione \u00e8 realizzata utilizzando ingredienti di prima qualit\u00e0 per garantire un retrogusto morbido e persistente.<\/p>\n<table data-path-to-node=\"14\">\n<thead>\n<tr>\n<td><strong>Nome del sapore<\/strong><\/td>\n<td><strong>Descrizione del sapore<\/strong><\/td>\n<\/tr>\n<\/thead>\n<tbody>\n<tr>\n<td><span data-path-to-node=\"14,1,0,0\"><b data-path-to-node=\"14,1,0,0\" data-index-in-node=\"0\">Frutti di bosco misti<\/b><\/span><\/td>\n<td><span data-path-to-node=\"14,1,1,0\">Un&#039;esplosione dolce e aspra di frutti di bosco.<\/span><\/td>\n<\/tr>\n<tr>\n<td><span data-path-to-node=\"14,2,0,0\"><b data-path-to-node=\"14,2,0,0\" data-index-in-node=\"0\">Mirtillo Lampone<\/b><\/span><\/td>\n<td><span data-path-to-node=\"14,2,1,0\">Un classico duo di frutti blu aciduli.<\/span><\/td>\n<\/tr>\n<tr>\n<td><span data-path-to-node=\"14,3,0,0\"><b data-path-to-node=\"14,3,0,0\" data-index-in-node=\"0\">Fragola e anguria<\/b><\/span><\/td>\n<td><span data-path-to-node=\"14,3,1,0\">L&#039;estate in uno svapo: dolci bacche incontrano il succoso melone.<\/span><\/td>\n<\/tr>\n<tr>\n<td><span data-path-to-node=\"14,4,0,0\"><b data-path-to-node=\"14,4,0,0\" data-index-in-node=\"0\">Ghiaccio alla fragola<\/b><\/span><\/td>\n<td><span data-path-to-node=\"14,4,1,0\">Fragole appena raccolte con un rinfrescante finale mentolato.<\/span><\/td>\n<\/tr>\n<tr>\n<td><span data-path-to-node=\"14,5,0,0\"><b data-path-to-node=\"14,5,0,0\" data-index-in-node=\"0\">Ghiaccio alla ciliegia<\/b><\/span><\/td>\n<td><span data-path-to-node=\"14,5,1,0\">Note intense e scure di ciliegia, completate da una brezza fresca.<\/span><\/td>\n<\/tr>\n<tr>\n<td><span data-path-to-node=\"14,6,0,0\"><b data-path-to-node=\"14,6,0,0\" data-index-in-node=\"0\">Ghiaccio all&#039;anguria<\/b><\/span><\/td>\n<td><span data-path-to-node=\"14,6,1,0\">Anguria rinfrescante con un&#039;espirazione frizzante e ghiacciata.<\/span><\/td>\n<\/tr>\n<tr>\n<td><span data-path-to-node=\"14,7,0,0\"><b data-path-to-node=\"14,7,0,0\" data-index-in-node=\"0\">Kiwi Frutto della Passione Guava<\/b><\/span><\/td>\n<td><span data-path-to-node=\"14,7,1,0\">Un trio tropicale, esotico e acidulo.<\/span><\/td>\n<\/tr>\n<tr>\n<td><span data-path-to-node=\"14,8,0,0\"><b data-path-to-node=\"14,8,0,0\" data-index-in-node=\"0\">Dottor Blue<\/b><\/span><\/td>\n<td><span data-path-to-node=\"14,8,1,0\">Una miscela segreta di frutti blu con un tocco nostalgico di soda.<\/span><\/td>\n<\/tr>\n<tr>\n<td><span data-path-to-node=\"14,9,0,0\"><b data-path-to-node=\"14,9,0,0\" data-index-in-node=\"0\">Mirtillo su ghiaccio<\/b><\/span><\/td>\n<td><span data-path-to-node=\"14,9,1,0\">Pura dolcezza di mirtilli servita su &quot;ghiaccio tritato&quot;.\u201c<\/span><\/td>\n<\/tr>\n<tr>\n<td><span data-path-to-node=\"14,10,0,0\"><b data-path-to-node=\"14,10,0,0\" data-index-in-node=\"0\">Pesca e bacche<\/b><\/span><\/td>\n<td><span data-path-to-node=\"14,10,1,0\">Pesche succose mescolate a una manciata di frutti di bosco misti.<\/span><\/td>\n<\/tr>\n<tr>\n<td><span data-path-to-node=\"14,11,0,0\"><b data-path-to-node=\"14,11,0,0\" data-index-in-node=\"0\">Limonata rosa<\/b><\/span><\/td>\n<td><span data-path-to-node=\"14,11,1,0\">Una delizia agrumata, frizzante e leggermente dolce.<\/span><\/td>\n<\/tr>\n<tr>\n<td><span data-path-to-node=\"14,12,0,0\"><b data-path-to-node=\"14,12,0,0\" data-index-in-node=\"0\">Fragola e banana<\/b><\/span><\/td>\n<td><span data-path-to-node=\"14,12,1,0\">Una miscela cremosa, simile a un frullato, dei migliori frutti.<\/span><\/td>\n<\/tr>\n<tr>\n<td><span data-path-to-node=\"14,13,0,0\"><b data-path-to-node=\"14,13,0,0\" data-index-in-node=\"0\">Gomma da masticare all&#039;anguria<\/b><\/span><\/td>\n<td><span data-path-to-node=\"14,13,1,0\">Giocoso e zuccherino: il massimo della caramella da svapare.<\/span><\/td>\n<\/tr>\n<tr>\n<td><span data-path-to-node=\"14,14,0,0\"><b data-path-to-node=\"14,14,0,0\" data-index-in-node=\"0\">Mango pesca e ananas<\/b><\/span><\/td>\n<td><span data-path-to-node=\"14,14,1,0\">Un mix dorato di frutti tropicali maturati al sole.<\/span><\/td>\n<\/tr>\n<tr>\n<td><span data-path-to-node=\"14,15,0,0\"><b data-path-to-node=\"14,15,0,0\" data-index-in-node=\"0\">Drago Nero di Ghiaccio<\/b><\/span><\/td>\n<td><span data-path-to-node=\"14,15,1,0\">Frutto del drago esotico con un effetto rinfrescante distintivo.<\/span><\/td>\n<\/tr>\n<tr>\n<td><span data-path-to-node=\"14,16,0,0\"><b data-path-to-node=\"14,16,0,0\" data-index-in-node=\"0\">Mirtillo Ciliegia Mirtillo Rosso<\/b><\/span><\/td>\n<td><span data-path-to-node=\"14,16,1,0\">Una sofisticata combinazione di bacche, tripla minaccia.<\/span><\/td>\n<\/tr>\n<\/tbody>\n<\/table>\n<hr data-path-to-node=\"15\" \/>\n<h3 data-path-to-node=\"16\">Perch\u00e9 scegliere Fumot Leopard 40K all&#039;ingrosso?<\/h3>\n<p data-path-to-node=\"17\">L&#039;acquisto all&#039;ingrosso richiede fiducia sia nel prodotto che nella logistica. Il Fumot Leopard 40K (<a href=\"https:\/\/vapealps.com\/it\/categoria-prodotto\/fumot\/\">Clicca per selezionare pi\u00f9 vaporizzatori Fumot<\/a>)\u00e8 ottimizzato per il mercato all&#039;ingrosso:<\/p>\n<ul data-path-to-node=\"18\">\n<li>\n<p data-path-to-node=\"18,0,0\"><b data-path-to-node=\"18,0,0\" data-index-in-node=\"0\">Autenticit\u00e0 garantita:<\/b> Ogni unit\u00e0 \u00e8 un prodotto originale di fabbrica, per garantire ai tuoi clienti la qualit\u00e0 che si aspettano dal marchio Fumot.<\/p>\n<\/li>\n<li>\n<p data-path-to-node=\"18,1,0\"><b data-path-to-node=\"18,1,0\" data-index-in-node=\"0\">Efficienza dell&#039;inventario:<\/b> Con 160 unit\u00e0 per cartone e dimensioni standardizzate, gestire lo spazio del magazzino e calcolare i costi di spedizione \u00e8 semplice.<\/p>\n<\/li>\n<li>\n<p data-path-to-node=\"18,2,0\"><b data-path-to-node=\"18,2,0\" data-index-in-node=\"0\">Versatilit\u00e0 del mercato:<\/b> La gamma di livelli di nicotina (in particolare le opzioni 0% e 2%) rende questo prodotto molto interessante per i mercati europei e globali, dove le normative e le preferenze variano.<\/p>\n<\/li>\n<li>\n<p data-path-to-node=\"18,3,0\"><b data-path-to-node=\"18,3,0\" data-index-in-node=\"0\">Alto fatturato:<\/b> La combinazione di un elevato numero di tiri e di un display digitale rende questo dispositivo un &quot;must-have&quot; per gli svapatori, consentendo cicli di vendita pi\u00f9 rapidi per i rivenditori.<\/p>\n<\/li>\n<\/ul>\n<hr data-path-to-node=\"19\" \/>\n<h4 data-path-to-node=\"20\">Domande frequenti (FAQ)<\/h4>\n<h4><strong>Quanto dura effettivamente la capacit\u00e0 di 40.000 tiri?<\/strong><\/h4>\n<p>Per un utente medio, 40.000 tiri possono durare da diverse settimane a pi\u00f9 di un mese, il che lo rende una delle soluzioni di svapo pi\u00f9 convenienti sul mercato.<\/p>\n<h5>Il dispositivo \u00e8 facile da ricaricare?<\/h5>\n<p>S\u00ec! Il Leopard 40K utilizza una porta Type-C standard (comune per gli smartphone), consentendo una ricarica rapida e comoda ovunque.<\/p>\n<p>Quali sono le specifiche di spedizione per gli ordini all&#039;ingrosso?<\/p>\n<p>Gli ordini vengono spediti in scatole di cartone contenenti 160 pezzi. Ogni scatola pesa circa 20,1 kg, ed \u00e8 progettata per resistere al trasporto internazionale.<\/p>\n<h5>Queste sigarette elettroniche sono conformi alla TPD?<\/h5>\n<p>Offriamo diverse concentrazioni di nicotina, tra cui 0% e 2%, per aiutare i distributori a soddisfare i requisiti normativi locali nelle diverse regioni.<\/p>\n<div id=\"attachment_48416\" style=\"width: 1258px\" class=\"wp-caption alignnone\"><a href=\"https:\/\/vapealps.com\/it\/categoria-prodotto\/fumot\/\"><img loading=\"lazy\" decoding=\"async\" aria-describedby=\"caption-attachment-48416\" class=\"lazy-load-active wp-image-48416 size-large\" src=\"https:\/\/gleevape.com\/wp-content\/uploads\/2025\/06\/Fumot-Leopard-40K-Puffs-5-1248x800.webp\" alt=\"Fumot Leopard 40K Puffs Low Nicotine Bulk Buy Wholesale Authentic Disposable Vapes\" width=\"1248\" height=\"800\" data-src=\"https:\/\/gleevape.com\/wp-content\/uploads\/2025\/06\/Fumot-Leopard-40K-Puffs-5-1248x800.webp\" data-srcset=\"https:\/\/i0.wp.com\/gleevape.com\/wp-content\/uploads\/2025\/06\/Fumot-Leopard-40K-Puffs-5-scaled.webp?resize=1248%2C800&amp;ssl=1 1248w, https:\/\/i0.wp.com\/gleevape.com\/wp-content\/uploads\/2025\/06\/Fumot-Leopard-40K-Puffs-5-scaled.webp?resize=624%2C400&amp;ssl=1 624w, https:\/\/i0.wp.com\/gleevape.com\/wp-content\/uploads\/2025\/06\/Fumot-Leopard-40K-Puffs-5-scaled.webp?resize=768%2C492&amp;ssl=1 768w, https:\/\/i0.wp.com\/gleevape.com\/wp-content\/uploads\/2025\/06\/Fumot-Leopard-40K-Puffs-5-scaled.webp?resize=1536%2C985&amp;ssl=1 1536w, https:\/\/i0.wp.com\/gleevape.com\/wp-content\/uploads\/2025\/06\/Fumot-Leopard-40K-Puffs-5-scaled.webp?resize=2048%2C1313&amp;ssl=1 2048w, https:\/\/i0.wp.com\/gleevape.com\/wp-content\/uploads\/2025\/06\/Fumot-Leopard-40K-Puffs-5-scaled.webp?resize=18%2C12&amp;ssl=1 18w, https:\/\/i0.wp.com\/gleevape.com\/wp-content\/uploads\/2025\/06\/Fumot-Leopard-40K-Puffs-5-scaled.webp?resize=600%2C385&amp;ssl=1 600w\" data- title=\"\"><\/a><\/p>\n<p id=\"caption-attachment-48416\" class=\"wp-caption-text\">Fumot Leopard 40K Puffs a basso contenuto di nicotina Acquista all&#039;ingrosso sigarette elettroniche usa e getta autentiche<\/p>\n<\/div>\n<div class=\"product-navigation\">\n<p>Prodotto precedente: <a href=\"https:\/\/vapealps.com\/it\/prodotto\/fumot-tornado-20000-wholesale\/\">Randm Fumot Tornado 20000 tiri schermo digitale a doppia maglia 20K 0% 2% 3% 5% penna per svapo monouso ricaricabile a basso contenuto di nicotina all&#039;ingrosso<\/a><\/p>\n<p>Prodotto successivo: <a href=\"https:\/\/vapealps.com\/it\/prodotto\/fumot-tornado-25000-wholesale\/\">Fumot Tornado 25000 tiri 2% 5% a basso contenuto di nicotina, acquista all&#039;ingrosso sigarette elettroniche usa e getta ricaricabili con display digitale<\/a><\/p>\n<\/div>","protected":false},"excerpt":{"rendered":"<p>Fumot Leopard 40,000 Puffs: The Ultimate Low-Nicotine Wholesale Disposable Vape Are you searching for a high-capacity, high-performance disposable vape that<\/p>","protected":false},"featured_media":2336,"comment_status":"open","ping_status":"closed","template":"","meta":[],"product_brand":[1340],"product_cat":[411,409,572,458,416,324],"product_tag":[573,576,575,574],"class_list":{"0":"post-2302","1":"product","2":"type-product","3":"status-publish","4":"has-post-thumbnail","6":"product_brand-fumot","7":"product_cat-fumot","8":"product_cat-fumot-disposable-vapes","9":"product_cat-fumot-leopard-40k-puffs","10":"product_cat-randm","11":"product_cat-randm-disposable-vapes","12":"product_cat-randm-tornado","13":"product_tag-fd-fumot","14":"product_tag-fumot-puff","15":"product_tag-puff-fumot","16":"product_tag-vape-fumot","18":"first","19":"instock","20":"shipping-taxable","21":"purchasable","22":"product-type-variable"},"tiered_pricing_type":"fixed","tiered_pricing_fixed_rules":{"30":"8.85","60":"8.07","100":"7.42","200":"6.90","500":"6.51","1000":"6.25"},"tiered_pricing_product_settings":{"layout":"default","base_unit_name":{"singular":null,"plural":null},"default_variation":{}},"tiered_pricing_minimum_quantity":10,"tiered_pricing_roles_data":[],"tiered_pricing_percentage_rules":[],"tiered_pricing_maximum_quantity":null,"tiered_pricing_quantity_step":null,"_links":{"self":[{"href":"https:\/\/vapealps.com\/it\/wp-json\/wp\/v2\/product\/2302","targetHints":{"allow":["GET"]}}],"collection":[{"href":"https:\/\/vapealps.com\/it\/wp-json\/wp\/v2\/product"}],"about":[{"href":"https:\/\/vapealps.com\/it\/wp-json\/wp\/v2\/types\/product"}],"replies":[{"embeddable":true,"href":"https:\/\/vapealps.com\/it\/wp-json\/wp\/v2\/comments?post=2302"}],"version-history":[{"count":5,"href":"https:\/\/vapealps.com\/it\/wp-json\/wp\/v2\/product\/2302\/revisions"}],"predecessor-version":[{"id":18445,"href":"https:\/\/vapealps.com\/it\/wp-json\/wp\/v2\/product\/2302\/revisions\/18445"}],"wp:featuredmedia":[{"embeddable":true,"href":"https:\/\/vapealps.com\/it\/wp-json\/wp\/v2\/media\/2336"}],"wp:attachment":[{"href":"https:\/\/vapealps.com\/it\/wp-json\/wp\/v2\/media?parent=2302"}],"wp:term":[{"taxonomy":"product_brand","embeddable":true,"href":"https:\/\/vapealps.com\/it\/wp-json\/wp\/v2\/product_brand?post=2302"},{"taxonomy":"product_cat","embeddable":true,"href":"https:\/\/vapealps.com\/it\/wp-json\/wp\/v2\/product_cat?post=2302"},{"taxonomy":"product_tag","embeddable":true,"href":"https:\/\/vapealps.com\/it\/wp-json\/wp\/v2\/product_tag?post=2302"}],"curies":[{"name":"wp","href":"https:\/\/api.w.org\/{rel}","templated":true}]}}