{"id":2341,"date":"2026-01-07T06:44:52","date_gmt":"2026-01-07T06:44:52","guid":{"rendered":"https:\/\/vapealps.com\/?post_type=product&#038;p=2341"},"modified":"2026-01-21T07:39:29","modified_gmt":"2026-01-21T07:39:29","slug":"fumot-tornado-25000-wholesale","status":"publish","type":"product","link":"https:\/\/vapealps.com\/it\/prodotto\/fumot-tornado-25000-wholesale\/","title":{"rendered":"Fumot Tornado 25000 tiri 2% 5% a basso contenuto di nicotina, acquista all&#039;ingrosso sigarette elettroniche usa e getta ricaricabili con display digitale"},"content":{"rendered":"<h2 data-path-to-node=\"0\">Fumot Tornado 25.000 tiri: il nuovo standard di riferimento per lo svapo usa e getta intelligente<\/h2>\n<p data-path-to-node=\"1\">Immagina una sigaretta elettronica usa e getta che non duri solo giorni, ma settimane, pur mantenendo l&#039;aspetto elegante e intuitivo di un gadget tecnologico di fascia alta. <span class=\"citation-57\">IL <\/span><b data-path-to-node=\"1\" data-index-in-node=\"149\"><span class=\"citation-57\">Fumot Tornado 25.000 sbuffi<a href=\"https:\/\/vapealps.com\/it\/categoria-prodotto\/fumot\/\">(Clicca per selezionare pi\u00f9 vaporizzatori Fumot)<\/a><\/span><\/b><span class=\"citation-57 citation-end-57\"> \u00e8 progettato per colmare il divario tra i tradizionali dispositivi monouso e i sistemi avanzati a cialde.<\/span> <span class=\"citation-56\">Dotato di un robusto <\/span><b data-path-to-node=\"1\" data-index-in-node=\"283\"><span class=\"citation-56\">Batteria ricaricabile da 700 mAh<\/span><\/b><span class=\"citation-56\"> e un moderno <\/span><b data-path-to-node=\"1\" data-index-in-node=\"324\"><span class=\"citation-56\">Porta di ricarica di tipo C<\/span><\/b><span class=\"citation-56 citation-end-56\">, questo dispositivo ti garantisce di non rimanere mai bloccato.<\/span> Si ricarica in una frazione del tempo rispetto ai modelli pi\u00f9 vecchi, allontanandosi dagli sprechi &quot;una tantum&quot; del passato e andando verso un futuro pi\u00f9 sostenibile e ad alte prestazioni.<\/p>\n<hr data-path-to-node=\"2\" \/>\n<h3>Tecnologia e design intelligenti rivoluzionari<\/h3>\n<p data-path-to-node=\"4\">Il fulcro dell&#039;esperienza Fumot Tornado \u00e8 lo straordinario <b data-path-to-node=\"4\" data-index-in-node=\"64\">Display digitale TFT da 1,77 pollici<\/b>. Non si tratta di un semplice indicatore luminoso; \u00e8 una finestra a colori sui parametri vitali del tuo dispositivo. A colpo d&#039;occhio, gli utenti possono monitorare:<\/p>\n<ul data-path-to-node=\"5\">\n<li>\n<p data-path-to-node=\"5,0,0\"><b data-path-to-node=\"5,0,0\" data-index-in-node=\"0\">Durata della batteria:<\/b> Monitoraggio percentuale esatto per sapere esattamente quando collegarlo.<\/p>\n<\/li>\n<li>\n<p data-path-to-node=\"5,1,0\"><b data-path-to-node=\"5,1,0\" data-index-in-node=\"0\"><span class=\"citation-55\">Livelli di e-liquid:<\/span><\/b><span class=\"citation-55 citation-end-55\"> Monitoraggio del succo in tempo reale per evitare tiri a secco.<\/span><\/p>\n<\/li>\n<li>\n<p data-path-to-node=\"5,2,0\"><b data-path-to-node=\"5,2,0\" data-index-in-node=\"0\">Contatore di sbuffi:<\/b> Tieni traccia dei tuoi modelli di utilizzo con facilit\u00e0.<\/p>\n<\/li>\n<\/ul>\n<p data-path-to-node=\"6\">Il controllo \u00e8 completamente a portata di mano con il <b data-path-to-node=\"6\" data-index-in-node=\"48\">interruttore touch integrato<\/b>. <span class=\"citation-54 citation-end-54\">Toccando semplicemente il sensore tre volte, gli utenti possono modificare le impostazioni di potenza per personalizzare la produzione di vapore, senza bisogno di pulsanti ingombranti o menu complicati.<\/span><\/p>\n<hr data-path-to-node=\"7\" \/>\n<h3 data-path-to-node=\"8\">\u00a0Le prestazioni incontrano la longevit\u00e0<\/h3>\n<p data-path-to-node=\"9\">Ogni Fumot Tornado \u00e8 pre-riempito con <b data-path-to-node=\"9\" data-index-in-node=\"41\">20 ml di e-liquid di prima qualit\u00e0<\/b>.<b data-path-to-node=\"1\" data-index-in-node=\"149\"><span class=\"citation-57\"><a href=\"https:\/\/vapealps.com\/it\/categoria-prodotto\/fumot\/\">(Clicca per selezionare pi\u00f9 vaporizzatori Fumot)<\/a><\/span><\/b> <span class=\"citation-53\">Per garantire che l&#039;ultimo tiro abbia un sapore vibrante come il primo, il dispositivo utilizza un avanzato <\/span><b data-path-to-node=\"9\" data-index-in-node=\"166\"><span class=\"citation-53\">sistema a doppia bobina a maglie<\/span><\/b><span class=\"citation-53 citation-end-53\">.<sup class=\"superscript\" data-turn-source-index=\"5\">5<\/sup><\/span> Questa tecnologia raddoppia la superficie riscaldante, garantendo tiri pi\u00f9 fluidi, profili aromatici pi\u00f9 ricchi e nuvole dense e soddisfacenti.<\/p>\n<p data-path-to-node=\"10\">Con un massiccio <b data-path-to-node=\"10\" data-index-in-node=\"15\">Capacit\u00e0 di 25.000 tiri<\/b>, questo dispositivo \u00e8 la scelta definitiva per gli utenti abituali o per coloro che desiderano la comodit\u00e0 di una soluzione di svapo a lungo termine senza la seccatura di dover cambiare le resistenze o riempire i serbatoi.<\/p>\n<hr data-path-to-node=\"11\" \/>\n<h3 data-path-to-node=\"12\">Specifiche tecniche e dati all&#039;ingrosso<\/h3>\n<table data-path-to-node=\"13\">\n<thead>\n<tr>\n<td><strong>Specifica<\/strong><\/td>\n<td><strong>Dettagli<\/strong><\/td>\n<\/tr>\n<\/thead>\n<tbody>\n<tr>\n<td><span data-path-to-node=\"13,1,0,0\"><b data-path-to-node=\"13,1,0,0\" data-index-in-node=\"0\">Conteggio dei tiri<\/b><\/span><\/td>\n<td><span data-path-to-node=\"13,1,1,0\">Circa 25.000 sbuffi<\/span><\/td>\n<\/tr>\n<tr>\n<td><span data-path-to-node=\"13,2,0,0\"><b data-path-to-node=\"13,2,0,0\" data-index-in-node=\"0\">Capacit\u00e0 di e-liquid<\/b><\/span><\/td>\n<td><span data-path-to-node=\"13,2,1,0\">20 ml<\/span><\/td>\n<\/tr>\n<tr>\n<td><span data-path-to-node=\"13,3,0,0\"><b data-path-to-node=\"13,3,0,0\" data-index-in-node=\"0\">Capacit\u00e0 della batteria<\/b><\/span><\/td>\n<td><span data-path-to-node=\"13,3,1,0\">700 mAh (ricaricabile internamente)<\/span><\/td>\n<\/tr>\n<tr>\n<td><span data-path-to-node=\"13,4,0,0\"><b data-path-to-node=\"13,4,0,0\" data-index-in-node=\"0\">Sistema a bobina<\/b><\/span><\/td>\n<td><span data-path-to-node=\"13,4,1,0\">Bobina a doppia maglia<\/span><\/td>\n<\/tr>\n<tr>\n<td><span data-path-to-node=\"13,5,0,0\"><b data-path-to-node=\"13,5,0,0\" data-index-in-node=\"0\">Schermo di visualizzazione<\/b><\/span><\/td>\n<td><span data-path-to-node=\"13,5,1,0\">Display TFT a colori da 1,77 pollici<\/span><\/td>\n<\/tr>\n<tr>\n<td><span data-path-to-node=\"13,6,0,0\"><b data-path-to-node=\"13,6,0,0\" data-index-in-node=\"0\">Punti di forza della nicotina<\/b><\/span><\/td>\n<td><span data-path-to-node=\"13,6,1,0\">0% \/ 2% \/ 3% \/ 5%<\/span><\/td>\n<\/tr>\n<tr>\n<td><span data-path-to-node=\"13,7,0,0\"><b data-path-to-node=\"13,7,0,0\" data-index-in-node=\"0\">Porta di ricarica<\/b><\/span><\/td>\n<td><span data-path-to-node=\"13,7,1,0\">Ricarica rapida di tipo C<\/span><\/td>\n<\/tr>\n<tr>\n<td><span data-path-to-node=\"13,8,0,0\"><b data-path-to-node=\"13,8,0,0\" data-index-in-node=\"0\">Imballaggio alla rinfusa<\/b><\/span><\/td>\n<td><span data-path-to-node=\"13,8,1,0\">160 unit\u00e0 per cartone<\/span><\/td>\n<\/tr>\n<tr>\n<td><span data-path-to-node=\"13,9,0,0\"><b data-path-to-node=\"13,9,0,0\" data-index-in-node=\"0\">Peso della scatola<\/b><\/span><\/td>\n<td><span data-path-to-node=\"13,9,1,0\">18,5 kg<\/span><\/td>\n<\/tr>\n<\/tbody>\n<\/table>\n<hr data-path-to-node=\"14\" \/>\n<h3 data-path-to-node=\"15\">\u00a0Men\u00f9 dei gusti Fumot Tornado 25.000 Puffs<\/h3>\n<p data-path-to-node=\"16\"><span class=\"citation-52 citation-end-52\">La serie Tornado \u00e8 famosa per la sua vasta gamma di gusti curati, che spaziano dalle classiche miscele di frutta ghiacciata alle nostalgiche sensazioni di caramelle<b data-path-to-node=\"1\" data-index-in-node=\"149\"><span class=\"citation-57\"><a href=\"https:\/\/vapealps.com\/it\/categoria-prodotto\/fumot\/\">(Clicca per selezionare pi\u00f9 vaporizzatori Fumot)<\/a><\/span><\/b>.<\/span><\/p>\n<table data-path-to-node=\"17\">\n<thead>\n<tr>\n<td><strong>Classici di frutta e ghiaccio<\/strong><\/td>\n<td><strong>Tropicale ed esotico<\/strong><\/td>\n<td><strong>Bevande e caramelle<\/strong><\/td>\n<\/tr>\n<\/thead>\n<tbody>\n<tr>\n<td><span data-path-to-node=\"17,1,0,0\"><b data-path-to-node=\"17,1,0,0\" data-index-in-node=\"0\">Banana Ice<\/b><\/span><\/td>\n<td><span data-path-to-node=\"17,1,1,0\"><b data-path-to-node=\"17,1,1,0\" data-index-in-node=\"0\">Esplosione arcobaleno tropicale<\/b><\/span><\/td>\n<td><span data-path-to-node=\"17,1,2,0\"><b data-path-to-node=\"17,1,2,0\" data-index-in-node=\"0\">Ghiaccio gommoso bianco<\/b><\/span><\/td>\n<\/tr>\n<tr>\n<td><span data-path-to-node=\"17,2,0,0\"><b data-path-to-node=\"17,2,0,0\" data-index-in-node=\"0\">Ghiaccio alla fragola<\/b><\/span><\/td>\n<td><span data-path-to-node=\"17,2,1,0\"><b data-path-to-node=\"17,2,1,0\" data-index-in-node=\"0\">Kiwi Frutto della Passione Guava<\/b><\/span><\/td>\n<td><span data-path-to-node=\"17,2,2,0\"><b data-path-to-node=\"17,2,2,0\" data-index-in-node=\"0\">Caramelle alla menta e fragola<\/b><\/span><\/td>\n<\/tr>\n<tr>\n<td><span data-path-to-node=\"17,3,0,0\"><b data-path-to-node=\"17,3,0,0\" data-index-in-node=\"0\">Ghiaccio all&#039;anguria<\/b><\/span><\/td>\n<td><span data-path-to-node=\"17,3,1,0\"><b data-path-to-node=\"17,3,1,0\" data-index-in-node=\"0\">Fragola Mango<\/b><\/span><\/td>\n<td><span data-path-to-node=\"17,3,2,0\"><b data-path-to-node=\"17,3,2,0\" data-index-in-node=\"0\">Limonata rosa<\/b><\/span><\/td>\n<\/tr>\n<tr>\n<td><span data-path-to-node=\"17,4,0,0\"><b data-path-to-node=\"17,4,0,0\" data-index-in-node=\"0\">Mirtillo sul ghiaccio<\/b><\/span><\/td>\n<td><span data-path-to-node=\"17,4,1,0\"><b data-path-to-node=\"17,4,1,0\" data-index-in-node=\"0\">Pesca Mango Anguria<\/b><\/span><\/td>\n<td><span data-path-to-node=\"17,4,2,0\"><b data-path-to-node=\"17,4,2,0\" data-index-in-node=\"0\">Cola alla ciliegia<\/b><\/span><\/td>\n<\/tr>\n<tr>\n<td><span data-path-to-node=\"17,5,0,0\"><b data-path-to-node=\"17,5,0,0\" data-index-in-node=\"0\">Ghiaccio all&#039;uva<\/b><\/span><\/td>\n<td><span data-path-to-node=\"17,5,1,0\"><b data-path-to-node=\"17,5,1,0\" data-index-in-node=\"0\">Ghiaccio alla pesca succosa<\/b><\/span><\/td>\n<td><span data-path-to-node=\"17,5,2,0\"><b data-path-to-node=\"17,5,2,0\" data-index-in-node=\"0\">Red Bull alla fragola<\/b><\/span><\/td>\n<\/tr>\n<tr>\n<td><span data-path-to-node=\"17,6,0,0\"><b data-path-to-node=\"17,6,0,0\" data-index-in-node=\"0\">Ghiaccio all&#039;ananas<\/b><\/span><\/td>\n<td><span data-path-to-node=\"17,6,1,0\"><b data-path-to-node=\"17,6,1,0\" data-index-in-node=\"0\">Zecca di Miami<\/b><\/span><\/td>\n<td><span data-path-to-node=\"17,6,2,0\"><b data-path-to-node=\"17,6,2,0\" data-index-in-node=\"0\">Dottor Blue<\/b><\/span><\/td>\n<\/tr>\n<tr>\n<td><span data-path-to-node=\"17,7,0,0\"><b data-path-to-node=\"17,7,0,0\" data-index-in-node=\"0\">Ghiaccio lussureggiante<\/b><\/span><\/td>\n<td><span data-path-to-node=\"17,7,1,0\"><b data-path-to-node=\"17,7,1,0\" data-index-in-node=\"0\">Ghiaccio nero<\/b><\/span><\/td>\n<td><span data-path-to-node=\"17,7,2,0\"><b data-path-to-node=\"17,7,2,0\" data-index-in-node=\"0\">Doppia mela<\/b><\/span><\/td>\n<\/tr>\n<tr>\n<td><span data-path-to-node=\"17,8,0,0\"><b data-path-to-node=\"17,8,0,0\" data-index-in-node=\"0\">Cherry Bomb<\/b><\/span><\/td>\n<td><span data-path-to-node=\"17,8,1,0\"><b data-path-to-node=\"17,8,1,0\" data-index-in-node=\"0\">Mirtillo Lampone<\/b><\/span><\/td>\n<td><span data-path-to-node=\"17,8,2,0\"><b data-path-to-node=\"17,8,2,0\" data-index-in-node=\"0\">Uva e limone<\/b><\/span><\/td>\n<\/tr>\n<\/tbody>\n<\/table>\n<hr data-path-to-node=\"18\" \/>\n<h3 data-path-to-node=\"19\">\u00a0Perch\u00e9 avere in magazzino il Fumot Tornado 25.000?<\/h3>\n<p data-path-to-node=\"20\">Per rivenditori e distributori, Fumot Tornado 25.000 Puffs \u00e8 un &quot;prodotto eroe&quot; che incrementa gli affari grazie all&#039;affidabilit\u00e0 e alla variet\u00e0.<\/p>\n<ul data-path-to-node=\"21\">\n<li>\n<p data-path-to-node=\"21,0,0\"><b data-path-to-node=\"21,0,0\" data-index-in-node=\"0\"><span class=\"citation-51\">Opzioni versatili di nicotina:<\/span><\/b><span class=\"citation-51\"> Disponibile in <\/span><b data-path-to-node=\"21,0,0\" data-index-in-node=\"41\"><span class=\"citation-51\">0%, 2%, 3% e 5%<\/span><\/b><span class=\"citation-51 citation-end-51\"> punti di forza, rendendolo adatto a un pubblico globale con preferenze e normative diverse.<\/span><\/p>\n<\/li>\n<li>\n<p data-path-to-node=\"21,1,0\"><b data-path-to-node=\"21,1,0\" data-index-in-node=\"0\">Appello eco-consapevole:<\/b><span class=\"citation-50 citation-end-50\"> Poich\u00e9 \u00e8 ricaricabile, dura molto pi\u00f9 a lungo dei prodotti usa e getta standard, il che lo rende attraente per il consumatore moderno e attento.<\/span><\/p>\n<\/li>\n<li>\n<p data-path-to-node=\"21,2,0\"><b data-path-to-node=\"21,2,0\" data-index-in-node=\"0\">Pronto per la vendita all&#039;ingrosso:<\/b> Spedito in formato standardizzato <b data-path-to-node=\"21,2,0\" data-index-in-node=\"41\">cartoni da 160 unit\u00e0 (18,5 kg)<\/b>, Questi dispositivi sono facili da immagazzinare, impilare e spedire, garantendo l&#039;efficienza della logistica.<\/p>\n<\/li>\n<li>\n<p data-path-to-node=\"21,3,0\"><b data-path-to-node=\"21,3,0\" data-index-in-node=\"0\">Facile da usare:<\/b> Ogni dispositivo \u00e8 dotato di un manuale completo, che lo rende accessibile anche ai principianti, offrendo al contempo la potenza e le funzionalit\u00e0 di dati che i vapers pi\u00f9 esperti desiderano.<\/p>\n<\/li>\n<\/ul>\n<p data-path-to-node=\"22\"><b data-path-to-node=\"22\" data-index-in-node=\"0\">Vorresti che generassi una descrizione di marketing per un gusto specifico o che creassi una tabella comparativa tra i modelli da 25K e 40K?<a href=\"https:\/\/vapealps.com\/it\/categoria-prodotto\/fumot\/\"><img loading=\"lazy\" decoding=\"async\" class=\"lazy-load-active alignnone wp-image-48229 size-large\" src=\"https:\/\/gleevape.com\/wp-content\/uploads\/2025\/06\/Fumot-Tornado-25000-Puffs-2-5-Low-Nicotine-Bulk-Buy-Wholesale-Rechargeable-Digital-Display-Disposable-Vapes1-800x800.webp\" alt=\"Fumot Tornado 25000 Puffs 2% 5% Low Nicotine Bulk Buy Wholesale Rechargeable Digital Display Disposable Vapes\" width=\"800\" height=\"800\" data-src=\"https:\/\/gleevape.com\/wp-content\/uploads\/2025\/06\/Fumot-Tornado-25000-Puffs-2-5-Low-Nicotine-Bulk-Buy-Wholesale-Rechargeable-Digital-Display-Disposable-Vapes1-800x800.webp\" data-srcset=\"https:\/\/i0.wp.com\/gleevape.com\/wp-content\/uploads\/2025\/06\/Fumot-Tornado-25000-Puffs-2-5-Low-Nicotine-Bulk-Buy-Wholesale-Rechargeable-Digital-Display-Disposable-Vapes1.webp?resize=800%2C800&amp;ssl=1 800w, https:\/\/i0.wp.com\/gleevape.com\/wp-content\/uploads\/2025\/06\/Fumot-Tornado-25000-Puffs-2-5-Low-Nicotine-Bulk-Buy-Wholesale-Rechargeable-Digital-Display-Disposable-Vapes1.webp?resize=400%2C400&amp;ssl=1 400w, https:\/\/i0.wp.com\/gleevape.com\/wp-content\/uploads\/2025\/06\/Fumot-Tornado-25000-Puffs-2-5-Low-Nicotine-Bulk-Buy-Wholesale-Rechargeable-Digital-Display-Disposable-Vapes1.webp?resize=280%2C280&amp;ssl=1 280w, https:\/\/i0.wp.com\/gleevape.com\/wp-content\/uploads\/2025\/06\/Fumot-Tornado-25000-Puffs-2-5-Low-Nicotine-Bulk-Buy-Wholesale-Rechargeable-Digital-Display-Disposable-Vapes1.webp?resize=768%2C768&amp;ssl=1 768w, https:\/\/i0.wp.com\/gleevape.com\/wp-content\/uploads\/2025\/06\/Fumot-Tornado-25000-Puffs-2-5-Low-Nicotine-Bulk-Buy-Wholesale-Rechargeable-Digital-Display-Disposable-Vapes1.webp?resize=1536%2C1536&amp;ssl=1 1536w, https:\/\/i0.wp.com\/gleevape.com\/wp-content\/uploads\/2025\/06\/Fumot-Tornado-25000-Puffs-2-5-Low-Nicotine-Bulk-Buy-Wholesale-Rechargeable-Digital-Display-Disposable-Vapes1.webp?resize=12%2C12&amp;ssl=1 12w, https:\/\/i0.wp.com\/gleevape.com\/wp-content\/uploads\/2025\/06\/Fumot-Tornado-25000-Puffs-2-5-Low-Nicotine-Bulk-Buy-Wholesale-Rechargeable-Digital-Display-Disposable-Vapes1.webp?resize=300%2C300&amp;ssl=1 300w, https:\/\/i0.wp.com\/gleevape.com\/wp-content\/uploads\/2025\/06\/Fumot-Tornado-25000-Puffs-2-5-Low-Nicotine-Bulk-Buy-Wholesale-Rechargeable-Digital-Display-Disposable-Vapes1.webp?resize=600%2C600&amp;ssl=1 600w, https:\/\/i0.wp.com\/gleevape.com\/wp-content\/uploads\/2025\/06\/Fumot-Tornado-25000-Puffs-2-5-Low-Nicotine-Bulk-Buy-Wholesale-Rechargeable-Digital-Display-Disposable-Vapes1.webp?resize=100%2C100&amp;ssl=1 100w, https:\/\/i0.wp.com\/gleevape.com\/wp-content\/uploads\/2025\/06\/Fumot-Tornado-25000-Puffs-2-5-Low-Nicotine-Bulk-Buy-Wholesale-Rechargeable-Digital-Display-Disposable-Vapes1.webp?w=2000&amp;ssl=1 2000w\" data- title=\"\"><\/a><\/b><\/p>\n<div class=\"product-navigation\">\n<p>Prodotto precedente: <a href=\"https:\/\/vapealps.com\/it\/prodotto\/fumot-leopard-40k-puffs-wholesale\/\">Fumot Leopard 40K Puffs a basso contenuto di nicotina Acquista all&#039;ingrosso sigarette elettroniche usa e getta autentiche<\/a><\/p>\n<p>Prodotto successivo: <a href=\"https:\/\/vapealps.com\/it\/prodotto\/fumot-randm-tornado-9k\/\">FUMOT RANDM TORNADO 9K Puffs Acquista Vape monouso Nessun MOQ Magazzino europeo<\/a><\/p>\n<\/div>","protected":false},"excerpt":{"rendered":"<p>Fumot Tornado 25,000 Puffs: The New Gold Standard in Smart Disposable Vaping Imagine a disposable vape that doesn&#8217;t just last<\/p>","protected":false},"featured_media":2393,"comment_status":"open","ping_status":"closed","template":"","meta":[],"product_brand":[1340],"product_cat":[580,895,411,409,579,458,416,324],"product_tag":[],"class_list":{"0":"post-2341","1":"product","2":"type-product","3":"status-publish","4":"has-post-thumbnail","6":"product_brand-fumot","7":"product_cat-25k-puffs","8":"product_cat-disposable-vape","9":"product_cat-fumot","10":"product_cat-fumot-disposable-vapes","11":"product_cat-fumot-tornado-25000-puffs","12":"product_cat-randm","13":"product_cat-randm-disposable-vapes","14":"product_cat-randm-tornado","16":"first","17":"instock","18":"shipping-taxable","19":"purchasable","20":"product-type-variable"},"tiered_pricing_type":"fixed","tiered_pricing_fixed_rules":{"30":"9.57","60":"8.73","100":"8.03","200":"7.47","500":"7.05","1000":"6.77"},"tiered_pricing_product_settings":{"layout":"default","base_unit_name":{"singular":null,"plural":null},"default_variation":{}},"tiered_pricing_minimum_quantity":10,"tiered_pricing_roles_data":[],"tiered_pricing_percentage_rules":[],"tiered_pricing_maximum_quantity":null,"tiered_pricing_quantity_step":null,"_links":{"self":[{"href":"https:\/\/vapealps.com\/it\/wp-json\/wp\/v2\/product\/2341","targetHints":{"allow":["GET"]}}],"collection":[{"href":"https:\/\/vapealps.com\/it\/wp-json\/wp\/v2\/product"}],"about":[{"href":"https:\/\/vapealps.com\/it\/wp-json\/wp\/v2\/types\/product"}],"replies":[{"embeddable":true,"href":"https:\/\/vapealps.com\/it\/wp-json\/wp\/v2\/comments?post=2341"}],"version-history":[{"count":4,"href":"https:\/\/vapealps.com\/it\/wp-json\/wp\/v2\/product\/2341\/revisions"}],"predecessor-version":[{"id":18446,"href":"https:\/\/vapealps.com\/it\/wp-json\/wp\/v2\/product\/2341\/revisions\/18446"}],"wp:featuredmedia":[{"embeddable":true,"href":"https:\/\/vapealps.com\/it\/wp-json\/wp\/v2\/media\/2393"}],"wp:attachment":[{"href":"https:\/\/vapealps.com\/it\/wp-json\/wp\/v2\/media?parent=2341"}],"wp:term":[{"taxonomy":"product_brand","embeddable":true,"href":"https:\/\/vapealps.com\/it\/wp-json\/wp\/v2\/product_brand?post=2341"},{"taxonomy":"product_cat","embeddable":true,"href":"https:\/\/vapealps.com\/it\/wp-json\/wp\/v2\/product_cat?post=2341"},{"taxonomy":"product_tag","embeddable":true,"href":"https:\/\/vapealps.com\/it\/wp-json\/wp\/v2\/product_tag?post=2341"}],"curies":[{"name":"wp","href":"https:\/\/api.w.org\/{rel}","templated":true}]}}