{"id":3460,"date":"2026-01-08T06:51:36","date_gmt":"2026-01-08T06:51:36","guid":{"rendered":"https:\/\/vapealps.com\/product\/fizzy-twins-disposable-vape\/"},"modified":"2026-01-21T07:38:36","modified_gmt":"2026-01-21T07:38:36","slug":"fizzy-twins-disposable-vape","status":"publish","type":"product","link":"https:\/\/vapealps.com\/it\/prodotto\/fizzy-twins-disposable-vape\/","title":{"rendered":"Fizzy Twins 50000 50k Puffs 2% 5% Nicotina Doppio Gusto Display LCD Vape Usa e Getta Magazzino UE"},"content":{"rendered":"<h2 data-path-to-node=\"0\">Fizzy Twins 50000 tiri: il modello di punta di lusso a doppio serbatoio<\/h2>\n<p data-path-to-node=\"1\">IL <a href=\"https:\/\/vapealps.com\/it\/prodotto\/fizzy-twins-disposable-vape\/\"><b data-path-to-node=\"1\" data-index-in-node=\"4\">Fizzy Twins 50000 boccate<\/b><\/a> \u00e8 un apice di <a href=\"https:\/\/vapealps.com\/it\/categoria-prodotto\/disposable-vape\/\">sigaretta elettronica usa e getta<\/a> ingegneria, progettato per gli utenti che rifiutano di accontentarsi di un singolo sapore o di prestazioni di base. Dotato di un&#039;esperienza senza precedenti <b data-path-to-node=\"1\" data-index-in-node=\"182\">Capacit\u00e0 di 50.000 tiri<\/b>, questo dispositivo \u00e8 un compagno di svapo a lungo termine che unisce un&#039;estetica di alta qualit\u00e0 a funzionalit\u00e0 all&#039;avanguardia.<\/p>\n<p data-path-to-node=\"2\">La sua innovazione distintiva \u00e8 la <b data-path-to-node=\"2\" data-index-in-node=\"31\">Sistema a doppio sapore<\/b>, che ospita due serbatoi di e-liquid indipendenti all&#039;interno di un unico telaio, per un totale di un enorme <b data-path-to-node=\"2\" data-index-in-node=\"139\">Capacit\u00e0 50 ml<\/b>. Abbinato ad un avanzato <b data-path-to-node=\"2\" data-index-in-node=\"179\">display digitale LCD<\/b> E <b data-path-to-node=\"2\" data-index-in-node=\"203\">Modalit\u00e0 doppia<\/b> Grazie alla commutazione, i Fizzy Twins offrono un livello di personalizzazione e trasparenza solitamente riservato ai costosi sistemi mod.<\/p>\n<h3 data-path-to-node=\"4\">\u00a0Tecnologia di base e funzionalit\u00e0 d&#039;\u00e9lite<\/h3>\n<p data-path-to-node=\"5\">IL <a href=\"https:\/\/vapealps.com\/it\/categoria-prodotto\/fizzy-disposable-vapes\/\">Frizzante<\/a> Twins \u00e8 pensato per gli svapatori attenti alle prestazioni che apprezzano variet\u00e0, controllo e lusso.<\/p>\n<ul data-path-to-node=\"6\">\n<li>\n<p data-path-to-node=\"6,0,0\"><b data-path-to-node=\"6,0,0\" data-index-in-node=\"0\">Doppio sapore:<\/b> Passa da un aroma all&#039;altro con un semplice tocco. Questo design 2 in 1 elimina la &quot;stanchezza da sapore&quot; e offre il doppio della variet\u00e0 in un unico dispositivo.<\/p>\n<\/li>\n<li>\n<p data-path-to-node=\"6,1,0\"><b data-path-to-node=\"6,1,0\" data-index-in-node=\"0\">Display digitale LCD intelligente:<\/b> Uno schermo sofisticato fornisce il monitoraggio in tempo reale di <b data-path-to-node=\"6,1,0\" data-index-in-node=\"89\">durata della batteria<\/b> E <b data-path-to-node=\"6,1,0\" data-index-in-node=\"106\">livelli dell&#039;olio individuali per entrambi i serbatoi<\/b>. Hai sempre il controllo e sei informato esattamente sulla quantit\u00e0 di liquido rimasta in ogni lato.<\/p>\n<\/li>\n<li>\n<p data-path-to-node=\"6,2,0\"><b data-path-to-node=\"6,2,0\" data-index-in-node=\"0\">Doppia modalit\u00e0 di prestazione:<\/b><\/p>\n<ul data-path-to-node=\"6,2,1\">\n<li>\n<p data-path-to-node=\"6,2,1,0,0\"><b data-path-to-node=\"6,2,1,0,0\" data-index-in-node=\"0\">Modalit\u00e0 NORMALE:<\/b> Ottimizzato per un tiro fluido e costante e per la massima durata del tiro.<\/p>\n<\/li>\n<li>\n<p data-path-to-node=\"6,2,1,1,0\"><b data-path-to-node=\"6,2,1,1,0\" data-index-in-node=\"0\">Modalit\u00e0 BOOST:<\/b> Aumenta la potenza in uscita per un colpo in gola pi\u00f9 forte e una produzione di vapore massiccia.<\/p>\n<\/li>\n<\/ul>\n<\/li>\n<li>\n<p data-path-to-node=\"6,3,0\"><b data-path-to-node=\"6,3,0\" data-index-in-node=\"0\">Sistema di bobina a rete da 1,0\u03a9:<\/b> La tecnologia avanzata a rete garantisce un riscaldamento rapido e un&#039;eccezionale saturazione del sapore, offrendo un profilo di vapore ricco e di qualit\u00e0 superiore per tutte le 50.000 boccate.<\/p>\n<\/li>\n<li>\n<p data-path-to-node=\"6,4,0\"><b data-path-to-node=\"6,4,0\" data-index-in-node=\"0\">Potenza ad alta resistenza:<\/b> Alimentato da un <b data-path-to-node=\"6,4,0\" data-index-in-node=\"36\">Batteria ricaricabile da 850 mAh<\/b> con <b data-path-to-node=\"6,4,0\" data-index-in-node=\"69\">Ricarica rapida di tipo C<\/b>, garantendo che il dispositivo sia pronto quando lo sei tu con tempi di inattivit\u00e0 minimi.<\/p>\n<\/li>\n<li>\n<p data-path-to-node=\"6,5,0\"><b data-path-to-node=\"6,5,0\" data-index-in-node=\"0\">Texture e design squisiti:<\/b> Presenta una finitura tattile di alta qualit\u00e0 che garantisce una presa sicura e un&#039;estetica di lusso adatta a qualsiasi ambiente professionale.<\/p>\n<\/li>\n<\/ul>\n<hr data-path-to-node=\"7\" \/>\n<h3 data-path-to-node=\"8\">\u00a0Specifiche tecniche<\/h3>\n<p data-path-to-node=\"9\">Per <b data-path-to-node=\"9\" data-index-in-node=\"4\">all&#039;ingrosso<\/b> partner e <b data-path-to-node=\"9\" data-index-in-node=\"27\">vedere al dettaglio<\/b> dirigenti, il <a href=\"https:\/\/vapealps.com\/it\/categoria-prodotto\/fizzy-disposable-vapes\/\">Frizzante<\/a> Twins 50K fornisce parametri logistici leader del settore.<\/p>\n<table data-path-to-node=\"10\">\n<thead>\n<tr>\n<td><strong>Categoria di funzionalit\u00e0<\/strong><\/td>\n<td><strong>Dettagli delle specifiche<\/strong><\/td>\n<\/tr>\n<\/thead>\n<tbody>\n<tr>\n<td><span data-path-to-node=\"10,1,0,0\"><b data-path-to-node=\"10,1,0,0\" data-index-in-node=\"0\">Numero massimo di tiri<\/b><\/span><\/td>\n<td><span data-path-to-node=\"10,1,1,0\">Fino a 50.000 tiri<\/span><\/td>\n<\/tr>\n<tr>\n<td><span data-path-to-node=\"10,2,0,0\"><b data-path-to-node=\"10,2,0,0\" data-index-in-node=\"0\">Volume totale di e-liquid<\/b><\/span><\/td>\n<td><span data-path-to-node=\"10,2,1,0\">50 ml (sistema a doppio serbatoio)<\/span><\/td>\n<\/tr>\n<tr>\n<td><span data-path-to-node=\"10,3,0,0\"><b data-path-to-node=\"10,3,0,0\" data-index-in-node=\"0\">Resistenza della bobina<\/b><\/span><\/td>\n<td><span data-path-to-node=\"10,3,1,0\">Bobina a rete ad alte prestazioni da 1,0\u03a9<\/span><\/td>\n<\/tr>\n<tr>\n<td><span data-path-to-node=\"10,4,0,0\"><b data-path-to-node=\"10,4,0,0\" data-index-in-node=\"0\">Tipo di batteria<\/b><\/span><\/td>\n<td><span data-path-to-node=\"10,4,1,0\">850 mAh (interna e ricaricabile)<\/span><\/td>\n<\/tr>\n<tr>\n<td><span data-path-to-node=\"10,5,0,0\"><b data-path-to-node=\"10,5,0,0\" data-index-in-node=\"0\">Porta di ricarica<\/b><\/span><\/td>\n<td><span data-path-to-node=\"10,5,1,0\">Ricarica rapida USB di tipo C<\/span><\/td>\n<\/tr>\n<tr>\n<td><span data-path-to-node=\"10,6,0,0\"><b data-path-to-node=\"10,6,0,0\" data-index-in-node=\"0\">Modalit\u00e0 operative<\/b><\/span><\/td>\n<td><span data-path-to-node=\"10,6,1,0\">Doppio interruttore Normale\/Potenziamento<\/span><\/td>\n<\/tr>\n<tr>\n<td><span data-path-to-node=\"10,7,0,0\"><b data-path-to-node=\"10,7,0,0\" data-index-in-node=\"0\">Interfaccia di visualizzazione<\/b><\/span><\/td>\n<td><span data-path-to-node=\"10,7,1,0\">LCD (monitoraggio indipendente doppio olio e batteria)<\/span><\/td>\n<\/tr>\n<tr>\n<td><span data-path-to-node=\"10,8,0,0\"><b data-path-to-node=\"10,8,0,0\" data-index-in-node=\"0\">Punti di forza della nicotina<\/b><\/span><\/td>\n<td><span data-path-to-node=\"10,8,1,0\">2% (20 mg) \/ 5% (50 mg)<\/span><\/td>\n<\/tr>\n<\/tbody>\n<\/table>\n<hr data-path-to-node=\"11\" \/>\n<h3 data-path-to-node=\"12\">Fizzy Twins 50000: Men\u00f9 bi-gusto esclusivo<\/h3>\n<p data-path-to-node=\"13\">La serie presenta 12 abbinamenti selezionati, offrendo un viaggio di sapori dinamico all&#039;interno di ogni singolo dispositivo.<\/p>\n<table data-path-to-node=\"14\">\n<thead>\n<tr>\n<td><strong>Opzione<\/strong><\/td>\n<td><strong>Serbatoio del sapore A<\/strong><\/td>\n<td><strong>Serbatoio del sapore B<\/strong><\/td>\n<\/tr>\n<\/thead>\n<tbody>\n<tr>\n<td><span data-path-to-node=\"14,1,0,0\"><b data-path-to-node=\"14,1,0,0\" data-index-in-node=\"0\">01<\/b><\/span><\/td>\n<td><span data-path-to-node=\"14,1,1,0\">Ghiaccio all&#039;anguria<\/span><\/td>\n<td><span data-path-to-node=\"14,1,2,0\">Fragola Kiwi<\/span><\/td>\n<\/tr>\n<tr>\n<td><span data-path-to-node=\"14,2,0,0\"><b data-path-to-node=\"14,2,0,0\" data-index-in-node=\"0\">02<\/b><\/span><\/td>\n<td><span data-path-to-node=\"14,2,1,0\">Fragola Kiwi Melograno<\/span><\/td>\n<td><span data-path-to-node=\"14,2,2,0\">Toro Rosso<\/span><\/td>\n<\/tr>\n<tr>\n<td><span data-path-to-node=\"14,3,0,0\"><b data-path-to-node=\"14,3,0,0\" data-index-in-node=\"0\">03<\/b><\/span><\/td>\n<td><span data-path-to-node=\"14,3,1,0\">Mirtillo e cocco<\/span><\/td>\n<td><span data-path-to-node=\"14,3,2,0\">Ghiaccio all&#039;uva<\/span><\/td>\n<\/tr>\n<tr>\n<td><span data-path-to-node=\"14,4,0,0\"><b data-path-to-node=\"14,4,0,0\" data-index-in-node=\"0\">04<\/b><\/span><\/td>\n<td><span data-path-to-node=\"14,4,1,0\">Limonata Blue Razz<\/span><\/td>\n<td><span data-path-to-node=\"14,4,2,0\">Triplo melone<\/span><\/td>\n<\/tr>\n<tr>\n<td><span data-path-to-node=\"14,5,0,0\"><b data-path-to-node=\"14,5,0,0\" data-index-in-node=\"0\">05<\/b><\/span><\/td>\n<td><span data-path-to-node=\"14,5,1,0\">Fragola e anguria<\/span><\/td>\n<td><span data-path-to-node=\"14,5,2,0\">Ghiaccio al mirtillo<\/span><\/td>\n<\/tr>\n<tr>\n<td><span data-path-to-node=\"14,6,0,0\"><b data-path-to-node=\"14,6,0,0\" data-index-in-node=\"0\">06<\/b><\/span><\/td>\n<td><span data-path-to-node=\"14,6,1,0\">Pesca Mango Anguria<\/span><\/td>\n<td><span data-path-to-node=\"14,6,2,0\">Fragola e banana<\/span><\/td>\n<\/tr>\n<tr>\n<td><span data-path-to-node=\"14,7,0,0\"><b data-path-to-node=\"14,7,0,0\" data-index-in-node=\"0\">07<\/b><\/span><\/td>\n<td><span data-path-to-node=\"14,7,1,0\">Anguria al lampone<\/span><\/td>\n<td><span data-path-to-node=\"14,7,2,0\">Kiwi Frutto della Passione Guava<\/span><\/td>\n<\/tr>\n<tr>\n<td><span data-path-to-node=\"14,8,0,0\"><b data-path-to-node=\"14,8,0,0\" data-index-in-node=\"0\">08<\/b><\/span><\/td>\n<td><span data-path-to-node=\"14,8,1,0\">Ananas Pesca Frutto della Passione<\/span><\/td>\n<td><span data-path-to-node=\"14,8,2,0\">Mirtillo Lampone<\/span><\/td>\n<\/tr>\n<tr>\n<td><span data-path-to-node=\"14,9,0,0\"><b data-path-to-node=\"14,9,0,0\" data-index-in-node=\"0\">09<\/b><\/span><\/td>\n<td><span data-path-to-node=\"14,9,1,0\">Ghiaccio all&#039;anguria<\/span><\/td>\n<td><span data-path-to-node=\"14,9,2,0\">Limone e lime<\/span><\/td>\n<\/tr>\n<tr>\n<td><span data-path-to-node=\"14,10,0,0\"><b data-path-to-node=\"14,10,0,0\" data-index-in-node=\"0\">10<\/b><\/span><\/td>\n<td><span data-path-to-node=\"14,10,1,0\">Frutti di bosco misti<\/span><\/td>\n<td><span data-path-to-node=\"14,10,2,0\">Pesca ghiacciata<\/span><\/td>\n<\/tr>\n<tr>\n<td><span data-path-to-node=\"14,11,0,0\"><b data-path-to-node=\"14,11,0,0\" data-index-in-node=\"0\">11<\/b><\/span><\/td>\n<td><span data-path-to-node=\"14,11,1,0\">Ghiaccio alla fragola<\/span><\/td>\n<td><span data-path-to-node=\"14,11,2,0\">Ciliegia frizzante<\/span><\/td>\n<\/tr>\n<tr>\n<td><span data-path-to-node=\"14,12,0,0\"><b data-path-to-node=\"14,12,0,0\" data-index-in-node=\"0\">12<\/b><\/span><\/td>\n<td><span data-path-to-node=\"14,12,1,0\">Limonata al lampone<\/span><\/td>\n<td><span data-path-to-node=\"14,12,2,0\">Ghiaccio alla fragola<\/span><\/td>\n<\/tr>\n<\/tbody>\n<\/table>\n<hr data-path-to-node=\"15\" \/>\n<h3 data-path-to-node=\"16\">Vantaggi strategici per il commercio all&#039;ingrosso e al dettaglio<\/h3>\n<ol start=\"1\" data-path-to-node=\"17\">\n<li>\n<p data-path-to-node=\"17,0,0\"><b data-path-to-node=\"17,0,0\" data-index-in-node=\"0\">Valore finale per il consumatore:<\/b> Commercializzato come due dispositivi in uno con un numero di tiri pari a 50.000, offre il miglior rapporto &quot;tiri per dollaro&quot; sul mercato attuale.<\/p>\n<\/li>\n<li>\n<p data-path-to-node=\"17,1,0\"><b data-path-to-node=\"17,1,0\" data-index-in-node=\"0\">Punti di forza della tecnologia avanzata:<\/b> Caratteristiche come la <b data-path-to-node=\"17,1,0\" data-index-in-node=\"47\">Monitoraggio del doppio serbatoio dell&#039;olio<\/b> sullo schermo LCD e il <b data-path-to-node=\"17,1,0\" data-index-in-node=\"98\">Modalit\u00e0 Boost<\/b> trasformarlo in un prodotto \u201ceroe\u201d di grande interesse per le esposizioni al dettaglio.<\/p>\n<\/li>\n<li>\n<p data-path-to-node=\"17,2,0\"><b data-path-to-node=\"17,2,0\" data-index-in-node=\"0\">Efficienza dell&#039;inventario:<\/b> Tenendo a magazzino un&#039;unit\u00e0 Fizzy Twins puoi soddisfare efficacemente due preferenze di gusto, consentendoti di massimizzare lo spazio sugli scaffali e semplificare la gestione degli SKU.<\/p>\n<\/li>\n<li>\n<p data-path-to-node=\"17,3,0\"><b data-path-to-node=\"17,3,0\" data-index-in-node=\"0\">Posizionamento Premium:<\/b> IL <b data-path-to-node=\"17,3,0\" data-index-in-node=\"25\">consistenza squisita<\/b> e la struttura di fascia alta consente margini di vendita pi\u00f9 elevati, rivolgendosi a clienti che danno priorit\u00e0 al lusso e alla qualit\u00e0 del dispositivo.<\/p>\n<\/li>\n<\/ol>\n<div class=\"product-navigation\">\n<p>Prodotto precedente: <a href=\"https:\/\/vapealps.com\/it\/prodotto\/fizzy-nova-plus-disposable-vape\/\">Fizzy Nova Plus 40000 40K Puffs Original Edition Dual Mesh Display LCD Vape usa e getta Magazzino UE<\/a><\/p>\n<p>Prodotto successivo: <a href=\"https:\/\/vapealps.com\/it\/prodotto\/fizzy-great-disposable-vape\/\">Fizzy Great 10000 10K Puffs 2% 5% Nicotina Edizione Originale Vape Usa e Getta<\/a><\/p>\n<\/div>","protected":false},"excerpt":{"rendered":"<p>Fizzy Twins 50000 Puffs: The Dual-Tank Luxury Flagship The Fizzy Twins 50000 Puffs is a pinnacle of disposable vape engineering,<\/p>","protected":false},"featured_media":3447,"comment_status":"open","ping_status":"closed","template":"","meta":[],"product_brand":[1341],"product_cat":[783,928,895,1151,1171],"product_tag":[],"class_list":{"0":"post-3460","1":"product","2":"type-product","3":"status-publish","4":"has-post-thumbnail","6":"product_brand-fizzy","7":"product_cat-fizzy","8":"product_cat-50k-puffs","9":"product_cat-disposable-vape","10":"product_cat-fizzy-disposable-vapes","11":"product_cat-fizzy-twins-50k-puffs","13":"first","14":"instock","15":"shipping-taxable","16":"purchasable","17":"product-type-variable"},"tiered_pricing_type":"fixed","tiered_pricing_fixed_rules":[],"tiered_pricing_product_settings":{"layout":"default","base_unit_name":{"singular":null,"plural":null},"default_variation":null},"tiered_pricing_minimum_quantity":null,"tiered_pricing_roles_data":[],"tiered_pricing_percentage_rules":[],"tiered_pricing_maximum_quantity":null,"tiered_pricing_quantity_step":null,"_links":{"self":[{"href":"https:\/\/vapealps.com\/it\/wp-json\/wp\/v2\/product\/3460","targetHints":{"allow":["GET"]}}],"collection":[{"href":"https:\/\/vapealps.com\/it\/wp-json\/wp\/v2\/product"}],"about":[{"href":"https:\/\/vapealps.com\/it\/wp-json\/wp\/v2\/types\/product"}],"replies":[{"embeddable":true,"href":"https:\/\/vapealps.com\/it\/wp-json\/wp\/v2\/comments?post=3460"}],"version-history":[{"count":3,"href":"https:\/\/vapealps.com\/it\/wp-json\/wp\/v2\/product\/3460\/revisions"}],"predecessor-version":[{"id":18468,"href":"https:\/\/vapealps.com\/it\/wp-json\/wp\/v2\/product\/3460\/revisions\/18468"}],"wp:featuredmedia":[{"embeddable":true,"href":"https:\/\/vapealps.com\/it\/wp-json\/wp\/v2\/media\/3447"}],"wp:attachment":[{"href":"https:\/\/vapealps.com\/it\/wp-json\/wp\/v2\/media?parent=3460"}],"wp:term":[{"taxonomy":"product_brand","embeddable":true,"href":"https:\/\/vapealps.com\/it\/wp-json\/wp\/v2\/product_brand?post=3460"},{"taxonomy":"product_cat","embeddable":true,"href":"https:\/\/vapealps.com\/it\/wp-json\/wp\/v2\/product_cat?post=3460"},{"taxonomy":"product_tag","embeddable":true,"href":"https:\/\/vapealps.com\/it\/wp-json\/wp\/v2\/product_tag?post=3460"}],"curies":[{"name":"wp","href":"https:\/\/api.w.org\/{rel}","templated":true}]}}