{"id":2001,"date":"2026-01-06T03:47:10","date_gmt":"2026-01-06T03:47:10","guid":{"rendered":"https:\/\/vapealps.com\/?post_type=product&#038;p=2001"},"modified":"2026-01-21T07:39:30","modified_gmt":"2026-01-21T07:39:30","slug":"randm-digital-box-12000-wholesale","status":"publish","type":"product","link":"https:\/\/vapealps.com\/pl\/produkt\/randm-digital-box-12000-wholesale\/","title":{"rendered":"Randm Digital Box 12000 zaci\u0105gni\u0119\u0107 0% 2% 3% 5% Wy\u015bwietlacz LED nikotynowy Akumulatorowy Kup hurtowo Jednorazowy Vape"},"content":{"rendered":"<h2 data-path-to-node=\"0\">RandM Digital Box 12000 Puffs: Nowoczesny jednorazowy waporyzator<\/h2>\n<p data-path-to-node=\"1\">Ten <a href=\"https:\/\/vapealps.com\/pl\/kategoria-produktu\/fumot\/\">FUMOT<\/a>\u00a0<b data-path-to-node=\"1\" data-index-in-node=\"4\">RandM Digital Box 12000 Puff\u00f3w<\/b> to wydajne urz\u0105dzenie jednorazowe firmy Gleevape, przeznaczone dla waper\u00f3w, kt\u00f3rzy ceni\u0105 sobie trwa\u0142o\u015b\u0107 i inteligentn\u0105 technologi\u0119. Charakteryzuje si\u0119 solidn\u0105 konstrukcj\u0105 i zintegrowanym wy\u015bwietlaczem, co czyni je idealnym wyborem dla intensywnych u\u017cytkownik\u00f3w.<\/p>\n<h3 data-path-to-node=\"2\">Wysoka wydajno\u015b\u0107 i inteligentna konstrukcja<\/h3>\n<p data-path-to-node=\"3\">To urz\u0105dzenie zosta\u0142o zaprojektowane tak, aby zapewni\u0107 p\u0142ynne i sp\u00f3jne dzia\u0142anie:<\/p>\n<div class=\"___SFlex_n3dnq-red-team _use_primary_a2h7d-red-team __use_a2h7d-red-team __fixed_a2h7d-red-team ___SCell_a2h7d-red-team\" role=\"cell\" data-ui-name=\"Flex\">\n<div data-ui-name=\"Box\">\n<div class=\"___SFlex_n3dnq-red-team\" data-ui-name=\"Flex\">\n<div class=\"style-module__wrapper___cwu6x\" data-ui-name=\"Box\">\n<div class=\"style-module__inline___GLMW_\" data-ui-name=\"Box\"><span class=\"___SText_pr68d-red-team\" data-ui-name=\"Link.Text\">fumot cyfrowy dekoder 12000<\/span><\/div>\n<\/div>\n<\/div>\n<\/div>\n<\/div>\n<ul data-path-to-node=\"4\">\n<li>\n<p data-path-to-node=\"4,0,0\"><b data-path-to-node=\"4,0,0\" data-index-in-node=\"0\">D\u0142ugotrwa\u0142a moc<\/b>:Posiada <b data-path-to-node=\"4,0,0\" data-index-in-node=\"35\">850mAh<\/b> akumulator.<\/p>\n<\/li>\n<li>\n<p data-path-to-node=\"4,1,0\"><b data-path-to-node=\"4,1,0\" data-index-in-node=\"0\">Szybkie \u0142adowanie<\/b>:Bateri\u0119 mo\u017cna \u0142adowa\u0107 za pomoc\u0105 <b data-path-to-node=\"4,1,0\" data-index-in-node=\"49\">Typ C<\/b> port.<\/p>\n<\/li>\n<li>\n<p data-path-to-node=\"4,2,0\"><b data-path-to-node=\"4,2,0\" data-index-in-node=\"0\">Wysoka liczba zaci\u0105gni\u0119\u0107<\/b>:Dostarcza do <b data-path-to-node=\"4,2,0\" data-index-in-node=\"32\">12 000 zaci\u0105gni\u0119\u0107<\/b> pary.<\/p>\n<\/li>\n<li>\n<p data-path-to-node=\"4,3,0\"><b data-path-to-node=\"4,3,0\" data-index-in-node=\"0\">Du\u017ca pojemno\u015b\u0107<\/b>:Dostarczany z <b data-path-to-node=\"4,3,0\" data-index-in-node=\"29\">20 ml<\/b> wst\u0119pnie nape\u0142niony zbiornik, co zmniejsza potrzeb\u0119 cz\u0119stej wymiany.<\/p>\n<\/li>\n<li>\n<p data-path-to-node=\"4,4,0\"><b data-path-to-node=\"4,4,0\" data-index-in-node=\"0\">Monitorowanie w czasie rzeczywistym<\/b>:Zawiera wbudowany ekran, kt\u00f3ry wy\u015bwietla oba <b data-path-to-node=\"4,4,0\" data-index-in-node=\"68\">poziom na\u0142adowania baterii<\/b> I <b data-path-to-node=\"4,4,0\" data-index-in-node=\"86\">pozosta\u0142y e-liquid<\/b>.<\/p>\n<\/li>\n<\/ul>\n<h3 data-path-to-node=\"5\">Opcje nikotynowe<\/h3>\n<p data-path-to-node=\"6\">Dostosuj swoje do\u015bwiadczenie, wybieraj\u0105c r\u00f3\u017cne st\u0119\u017cenia nikotyny:<\/p>\n<ul data-path-to-node=\"7\">\n<li>\n<p data-path-to-node=\"7,0,0\">Wybierz z <b data-path-to-node=\"7,0,0\" data-index-in-node=\"12\">0%, 2%, 3% lub 5%<\/b> zawarto\u015b\u0107 nikotyny.<\/p>\n<\/li>\n<\/ul>\n<h3 data-path-to-node=\"8\">Szeroki wyb\u00f3r smak\u00f3w<\/h3>\n<p data-path-to-node=\"9\">Wybierz spo\u015br\u00f3d szerokiej gamy smak\u00f3w wyodr\u0119bnionych z dostarczonych list:<\/p>\n<table data-path-to-node=\"10\">\n<thead>\n<tr>\n<td><strong>Lodowaty i orze\u017awiaj\u0105cy<\/strong><\/td>\n<td><strong>Mieszanki owocowe<\/strong><\/td>\n<td><strong>S\u0142odycze i napoje<\/strong><\/td>\n<\/tr>\n<\/thead>\n<tbody>\n<tr>\n<td><span data-path-to-node=\"10,1,0,0\">Mi\u0119ta ch\u0142odna<\/span><\/td>\n<td><span data-path-to-node=\"10,1,1,0\">Jagoda Malina<\/span><\/td>\n<td><span data-path-to-node=\"10,1,2,0\">P\u0105czek truskawkowy<\/span><\/td>\n<\/tr>\n<tr>\n<td><span data-path-to-node=\"10,2,0,0\">Arbuzowy l\u00f3d<\/span><\/td>\n<td><span data-path-to-node=\"10,2,1,0\">Truskawka Arbuz<\/span><\/td>\n<td><span data-path-to-node=\"10,2,2,0\">Wi\u015bniowa Cola<\/span><\/td>\n<\/tr>\n<tr>\n<td><span data-path-to-node=\"10,3,0,0\">Lody winogronowe<\/span><\/td>\n<td><span data-path-to-node=\"10,3,1,0\">Truskawka Banan<\/span><\/td>\n<td><span data-path-to-node=\"10,3,2,0\">R\u00f3\u017cowa lemoniada<\/span><\/td>\n<\/tr>\n<tr>\n<td><span data-path-to-node=\"10,4,0,0\">Bujny l\u00f3d<\/span><\/td>\n<td><span data-path-to-node=\"10,4,1,0\">Mieszane jagody<\/span><\/td>\n<td><span data-path-to-node=\"10,4,2,0\">Lody na patyku<\/span><\/td>\n<\/tr>\n<tr>\n<td><span data-path-to-node=\"10,5,0,0\">Truskawkowy l\u00f3d<\/span><\/td>\n<td><span data-path-to-node=\"10,5,1,0\">Truskawka Winogrono<\/span><\/td>\n<td><span data-path-to-node=\"10,5,2,0\">Truskawkowy Red Bull<\/span><\/td>\n<\/tr>\n<tr>\n<td><span data-path-to-node=\"10,6,0,0\">Mango na lodzie<\/span><\/td>\n<td><span data-path-to-node=\"10,6,1,0\">Kiwi Marakuja Guawa<\/span><\/td>\n<td><span data-path-to-node=\"10,6,2,0\">Lemoniada jagodowa<\/span><\/td>\n<\/tr>\n<tr>\n<td><span data-path-to-node=\"10,7,0,0\">Jagody na lodzie<\/span><\/td>\n<td><span data-path-to-node=\"10,7,1,0\">Truskawka Kiwi<\/span><\/td>\n<td><span data-path-to-node=\"10,7,2,0\">Blue Razz Lemonade<\/span><\/td>\n<\/tr>\n<tr>\n<td><span data-path-to-node=\"10,8,0,0\">Brzoskwiniowy l\u00f3d<\/span><\/td>\n<td><span data-path-to-node=\"10,8,1,0\">Brzoskwinia i mango<\/span><\/td>\n<td><span data-path-to-node=\"10,8,2,0\">Mro\u017cona herbata z cytryn\u0105 i lodem<\/span><\/td>\n<\/tr>\n<tr>\n<td><span data-path-to-node=\"10,9,0,0\">Czerwony l\u00f3d jab\u0142kowy<\/span><\/td>\n<td><span data-path-to-node=\"10,9,1,0\">Jab\u0142kowo-jagodowy wybuch<\/span><\/td>\n<td><span data-path-to-node=\"10,9,2,0\">Mro\u017cona herbata brzoskwiniowa z lodem<\/span><\/td>\n<\/tr>\n<tr>\n<td><span data-path-to-node=\"10,10,0,0\">Lody bananowe<\/span><\/td>\n<td><span data-path-to-node=\"10,10,1,0\">Bor\u00f3wka Wi\u015bnia \u017burawina<\/span><\/td>\n<td><span data-path-to-node=\"10,10,2,0\">Vimto<\/span><\/td>\n<\/tr>\n<tr>\n<td><span data-path-to-node=\"10,11,0,0\">L\u00f3d z owocu smoka<\/span><\/td>\n<td><span data-path-to-node=\"10,11,1,0\">Malina Arbuz<\/span><\/td>\n<td><span data-path-to-node=\"10,11,2,0\">Cola Ice<\/span><\/td>\n<\/tr>\n<tr>\n<td><span data-path-to-node=\"10,12,0,0\">Czarny l\u00f3d<\/span><\/td>\n<td><span data-path-to-node=\"10,12,1,0\">Truskawka Granat<\/span><\/td>\n<td><span data-path-to-node=\"10,12,2,0\">Bingo Crush<\/span><\/td>\n<\/tr>\n<tr>\n<td><span data-path-to-node=\"10,13,0,0\">Lody ananasowe<\/span><\/td>\n<td><span data-path-to-node=\"10,13,1,0\">Bor\u00f3wka kiwi<\/span><\/td>\n<td><span data-path-to-node=\"10,13,2,0\">Mi\u0142o\u015b\u0107 66<\/span><\/td>\n<\/tr>\n<tr>\n<td><span data-path-to-node=\"10,14,0,0\">Czerwony l\u00f3d energetyczny<\/span><\/td>\n<td><span data-path-to-node=\"10,14,1,0\">Owocowa fuzja<\/span><\/td>\n<td><span data-path-to-node=\"10,14,2,0\">Jagodowa guma balonowa<\/span><\/td>\n<\/tr>\n<\/tbody>\n<\/table>\n<p data-path-to-node=\"11\"><i data-path-to-node=\"11\" data-index-in-node=\"0\">Uwaga: Dodatkowe wyj\u0105tkowe smaki obejmuj\u0105: <b data-path-to-node=\"11\" data-index-in-node=\"40\">Doktor Blue<\/b>, <b data-path-to-node=\"11\" data-index-in-node=\"49\">Niebieska kwa\u015bna malina<\/b>, I <b data-path-to-node=\"11\" data-index-in-node=\"74\">Mi\u0119ta winogronowa<\/b>. Dla tych, kt\u00f3rzy nie mog\u0105 si\u0119 zdecydowa\u0107, <b data-path-to-node=\"11\" data-index-in-node=\"116\">Losowy smak<\/b> Dost\u0119pna jest opcja szybkiej dostawy.<\/i><\/p>\n<p data-path-to-node=\"11\"><img loading=\"lazy\" decoding=\"async\" class=\"lazy-load-active alignnone wp-image-7439 size-full\" src=\"https:\/\/gleevape.com\/wp-content\/uploads\/2024\/05\/RANDM_DIGITAL_BOX_12000_puffs_1.webp\" alt=\"Randm Digital Box 12000 Puffs 0% 2% 3% 5% Nicotine LED Display Rechargeable Bulk Buy Disposable Vape Wholesale\" width=\"800\" height=\"800\" data-src=\"https:\/\/gleevape.com\/wp-content\/uploads\/2024\/05\/RANDM_DIGITAL_BOX_12000_puffs_1.webp\" data-srcset=\"https:\/\/i0.wp.com\/gleevape.com\/wp-content\/uploads\/2024\/05\/RANDM_DIGITAL_BOX_12000_puffs_1.webp?w=800&amp;ssl=1 800w, https:\/\/i0.wp.com\/gleevape.com\/wp-content\/uploads\/2024\/05\/RANDM_DIGITAL_BOX_12000_puffs_1.webp?resize=400%2C400&amp;ssl=1 400w, https:\/\/i0.wp.com\/gleevape.com\/wp-content\/uploads\/2024\/05\/RANDM_DIGITAL_BOX_12000_puffs_1.webp?resize=280%2C280&amp;ssl=1 280w, https:\/\/i0.wp.com\/gleevape.com\/wp-content\/uploads\/2024\/05\/RANDM_DIGITAL_BOX_12000_puffs_1.webp?resize=768%2C768&amp;ssl=1 768w, https:\/\/i0.wp.com\/gleevape.com\/wp-content\/uploads\/2024\/05\/RANDM_DIGITAL_BOX_12000_puffs_1.webp?resize=12%2C12&amp;ssl=1 12w, https:\/\/i0.wp.com\/gleevape.com\/wp-content\/uploads\/2024\/05\/RANDM_DIGITAL_BOX_12000_puffs_1.webp?resize=300%2C300&amp;ssl=1 300w, https:\/\/i0.wp.com\/gleevape.com\/wp-content\/uploads\/2024\/05\/RANDM_DIGITAL_BOX_12000_puffs_1.webp?resize=600%2C600&amp;ssl=1 600w, https:\/\/i0.wp.com\/gleevape.com\/wp-content\/uploads\/2024\/05\/RANDM_DIGITAL_BOX_12000_puffs_1.webp?resize=100%2C100&amp;ssl=1 100w\" data- title=\"\"><\/p>\n<div class=\"product-navigation\">\n<p>Previous Product: <a href=\"https:\/\/vapealps.com\/pl\/produkt\/elf-bar-bc5000-wholesale\/\">ELF BAR BC5000 5% Akumulator nikotynowy Kup hurtowo jednorazowy Vape<\/a><\/p>\n<p>Next Product: <a href=\"https:\/\/vapealps.com\/pl\/produkt\/randm-tornado-15000-wholesale\/\">RandM Tornado 15000 zaci\u0105gni\u0119\u0107 0% 2% 3% 5% Nikotyna hurtowo Kup jednorazowe waporyzatory hurtowo<\/a><\/p>\n<\/div>","protected":false},"excerpt":{"rendered":"<p>RandM Digital Box 12000 Puffs: A Modern Disposable Vape The FUMOT\u00a0RandM Digital Box 12000 Puffs is a high-performance disposable device<\/p>","protected":false},"featured_media":2004,"comment_status":"open","ping_status":"closed","template":"","meta":[],"product_brand":[1340],"product_cat":[408,411,412,410,409,416],"product_tag":[414,413,415],"class_list":{"0":"post-2001","1":"product","2":"type-product","3":"status-publish","4":"has-post-thumbnail","6":"product_brand-fumot","7":"product_cat-randm-digital-box-12000-puffs","8":"product_cat-fumot","9":"product_cat-fumot-12000","10":"product_cat-fumot-digital-box-12000","11":"product_cat-fumot-disposable-vapes","12":"product_cat-randm-disposable-vapes","13":"product_tag-fp-fumot","14":"product_tag-fumot-vape","15":"product_tag-randm-vape","17":"first","18":"instock","19":"shipping-taxable","20":"purchasable","21":"product-type-variable"},"tiered_pricing_type":"fixed","tiered_pricing_fixed_rules":{"30":"8.3","60":"7.57","100":"6.95","200":"6.47","500":"6.10","1000":"5.85"},"tiered_pricing_product_settings":{"layout":"default","base_unit_name":{"singular":null,"plural":null},"default_variation":{}},"tiered_pricing_minimum_quantity":10,"tiered_pricing_roles_data":[],"tiered_pricing_percentage_rules":[],"tiered_pricing_maximum_quantity":null,"tiered_pricing_quantity_step":"10","_links":{"self":[{"href":"https:\/\/vapealps.com\/pl\/wp-json\/wp\/v2\/product\/2001","targetHints":{"allow":["GET"]}}],"collection":[{"href":"https:\/\/vapealps.com\/pl\/wp-json\/wp\/v2\/product"}],"about":[{"href":"https:\/\/vapealps.com\/pl\/wp-json\/wp\/v2\/types\/product"}],"replies":[{"embeddable":true,"href":"https:\/\/vapealps.com\/pl\/wp-json\/wp\/v2\/comments?post=2001"}],"version-history":[{"count":4,"href":"https:\/\/vapealps.com\/pl\/wp-json\/wp\/v2\/product\/2001\/revisions"}],"predecessor-version":[{"id":18441,"href":"https:\/\/vapealps.com\/pl\/wp-json\/wp\/v2\/product\/2001\/revisions\/18441"}],"wp:featuredmedia":[{"embeddable":true,"href":"https:\/\/vapealps.com\/pl\/wp-json\/wp\/v2\/media\/2004"}],"wp:attachment":[{"href":"https:\/\/vapealps.com\/pl\/wp-json\/wp\/v2\/media?parent=2001"}],"wp:term":[{"taxonomy":"product_brand","embeddable":true,"href":"https:\/\/vapealps.com\/pl\/wp-json\/wp\/v2\/product_brand?post=2001"},{"taxonomy":"product_cat","embeddable":true,"href":"https:\/\/vapealps.com\/pl\/wp-json\/wp\/v2\/product_cat?post=2001"},{"taxonomy":"product_tag","embeddable":true,"href":"https:\/\/vapealps.com\/pl\/wp-json\/wp\/v2\/product_tag?post=2001"}],"curies":[{"name":"wp","href":"https:\/\/api.w.org\/{rel}","templated":true}]}}