{"id":11171,"date":"2026-01-14T03:24:18","date_gmt":"2026-01-14T03:24:18","guid":{"rendered":"https:\/\/vapealps.com\/product\/atvs-hookah-head-led-display-dtl-disposable-vape\/"},"modified":"2026-01-21T08:07:53","modified_gmt":"2026-01-21T08:07:53","slug":"atvs-hookah-head-led-display-dtl-disposable-vape","status":"publish","type":"product","link":"https:\/\/vapealps.com\/sv\/produkt\/atvs-hookah-head-led-display-dtl-disposable-vape\/","title":{"rendered":"ATVS 120000 120K Puffs Vattenpipa Huvud LED-Display DTL Eng\u00e5ngs Vape"},"content":{"rendered":"<h2 data-path-to-node=\"0\">ATVS 120000 Vattenpipahuvud: Den ultimata e-shisha-innovationen<\/h2>\n<p data-path-to-node=\"1\">De <b data-path-to-node=\"1\" data-index-in-node=\"4\"><a href=\"https:\/\/vapealps.com\/sv\/produkt-kategori\/atvs-disposable-vapes\/\">fyrhjulingar<\/a> 120000 Puffs Vattenpipahuvud<\/b> \u00e4r en revolutionerande hybridenhet som tar den autentiska shisha-upplevelsen in i den moderna eran av elektronisk vaping. <span class=\"citation-219\">Utformad som en h\u00f6gpresterande <\/span><b data-path-to-node=\"1\" data-index-in-node=\"184\"><span class=\"citation-219\">E-vattenpipahuvud<\/span><\/b><span class=\"citation-219 citation-end-219\">, den \u00e4r kompatibel med traditionella vattenpipsbaser, s\u00e5 att du kan njuta av massiva moln och rik smak utan r\u00f6ran fr\u00e5n tr\u00e4kol eller tobak.<\/span><\/p>\n<p data-path-to-node=\"2\"><span class=\"citation-218\">Med ett branschomskakande <\/span><b data-path-to-node=\"2\" data-index-in-node=\"28\"><span class=\"citation-218\">120 000 blosskapacitet<\/span><\/b><span class=\"citation-218\"> och en massiv <\/span><b data-path-to-node=\"2\" data-index-in-node=\"64\"><span class=\"citation-218\">50 ml e-v\u00e4tskebeh\u00e5llare<\/span><\/b><span class=\"citation-218 citation-end-218\">, den h\u00e4r enheten \u00e4r konstruerad f\u00f6r entusiaster av Direct-to-Lung (DTL).<\/span>Oavsett om du uppgraderar din shisha-anl\u00e4ggning f\u00f6r hemmabruk eller letar efter den kraftfullaste eng\u00e5ngspipan i &quot;Hookah-stil&quot; p\u00e5 marknaden, erbjuder ATVS 120K o\u00f6vertr\u00e4ffad livsl\u00e4ngd och prestanda.<\/p>\n<hr data-path-to-node=\"3\" \/>\n<h3 data-path-to-node=\"4\">K\u00e4rnteknik och professionella funktioner<\/h3>\n<p data-path-to-node=\"5\">TERR\u00c4TTINGUTV:arna 120000 <a href=\"https:\/\/vapealps.com\/sv\/produkt-kategori\/disposable-vape\/\">eng\u00e5ngsvapor<\/a> \u00e4r byggd f\u00f6r avancerade anv\u00e4ndare som kr\u00e4ver en premium, konsekvent och anpassningsbar session.<\/p>\n<ul data-path-to-node=\"6\">\n<li>\n<p data-path-to-node=\"6,0,0\"><b data-path-to-node=\"6,0,0\" data-index-in-node=\"0\"><span class=\"citation-217\">Innovativ 2-i-1-design:<\/span><\/b><span class=\"citation-217 citation-end-217\"> Fungerar b\u00e5de som en frist\u00e5ende e-vattenpipa med h\u00f6g kapacitet och som ers\u00e4ttningshuvud f\u00f6r traditionella skrivbordsvattenpipor.<\/span><\/p>\n<\/li>\n<li>\n<p data-path-to-node=\"6,1,0\"><b data-path-to-node=\"6,1,0\" data-index-in-node=\"0\">0,2\u03a9 dubbeln\u00e4tspole:<\/b><span class=\"citation-216\"> Speciellt avst\u00e4md f\u00f6r <\/span><b data-path-to-node=\"6,1,0\" data-index-in-node=\"44\"><span class=\"citation-216\">Sub-Ohm DTL-vaping<\/span><\/b><span class=\"citation-216 citation-end-216\">, denna coil ger omedelbara uppstartstider, t\u00e4t \u00e5ngproduktion och rena smakprofiler.<\/span><\/p>\n<\/li>\n<li>\n<p data-path-to-node=\"6,2,0\"><b data-path-to-node=\"6,2,0\" data-index-in-node=\"0\"><span class=\"citation-215\">Massiv 50 ml beh\u00e5llare:<\/span><\/b><span class=\"citation-215 citation-end-215\"> En av de st\u00f6rsta juicekapaciteterna n\u00e5gonsin i eng\u00e5ngsformat, vilket s\u00e4kerst\u00e4ller att enheten h\u00e5ller i veckor med intensiv anv\u00e4ndning.<\/span><\/p>\n<\/li>\n<li>\n<p data-path-to-node=\"6,3,0\"><b data-path-to-node=\"6,3,0\" data-index-in-node=\"0\"><span class=\"citation-214\">360\u00b0 roterande luftfl\u00f6desventil:<\/span><\/b><span class=\"citation-214 citation-end-214\"> En precisionskonstruerad reglerventil l\u00e5ter dig finjustera ditt dragmotst\u00e5nd med en enkel vridning, fr\u00e5n ett begr\u00e4nsat drag till ett \u00f6ppet vattenpipadrag.<\/span><\/p>\n<\/li>\n<li>\n<p data-path-to-node=\"6,4,0\"><b data-path-to-node=\"6,4,0\" data-index-in-node=\"0\">H\u00f6gh\u00e5llfast 2200mAh batteri:<\/b><span class=\"citation-213\"> Ett stort internt batteri utformat f\u00f6r att st\u00f6dja 0,2\u03a9-spolens str\u00f6mbehov, med <\/span><b data-path-to-node=\"6,4,0\" data-index-in-node=\"118\"><span class=\"citation-213\">Snabbladdning av typ C<\/span><\/b><span class=\"citation-213 citation-end-213\"> f\u00f6r att h\u00e5lla ig\u00e5ng sessionerna.<\/span><\/p>\n<\/li>\n<li>\n<p data-path-to-node=\"6,5,0\"><b data-path-to-node=\"6,5,0\" data-index-in-node=\"0\"><span class=\"citation-212\">Smart LED- och RGB-estetik:<\/span><\/b><span class=\"citation-212\"> Inkluderar en dedikerad <\/span><b data-path-to-node=\"6,5,0\" data-index-in-node=\"49\"><span class=\"citation-212\">LED-indikator<\/span><\/b><span class=\"citation-212\"> f\u00f6r realtids\u00f6vervakning av batteri och e-v\u00e4tska, plus livfull <\/span><b data-path-to-node=\"6,5,0\" data-index-in-node=\"123\"><span class=\"citation-212\">RGB-belysning<\/span><\/b><span class=\"citation-212 citation-end-212\"> f\u00f6r en elegant och modern shisha-vibe.<\/span><\/p>\n<\/li>\n<\/ul>\n<hr data-path-to-node=\"7\" \/>\n<h3 data-path-to-node=\"8\">\u00a0Tekniska specifikationer<\/h3>\n<p data-path-to-node=\"9\">F\u00f6r <b data-path-to-node=\"9\" data-index-in-node=\"4\">grossist-<\/b> partners och <b data-path-to-node=\"9\" data-index-in-node=\"27\">detaljhandel<\/b> chefer, f\u00f6ljande data belyser den logistiska och tekniska dominansen hos ATVS 120K.<\/p>\n<table data-path-to-node=\"10\">\n<thead>\n<tr>\n<td><strong>Funktionskategori<\/strong><\/td>\n<td><strong>Specifikationsdetaljer<\/strong><\/td>\n<\/tr>\n<\/thead>\n<tbody>\n<tr>\n<td><span data-path-to-node=\"10,1,0,0\"><b data-path-to-node=\"10,1,0,0\" data-index-in-node=\"0\">Max antal bloss<\/b><\/span><\/td>\n<td><span data-path-to-node=\"10,1,1,0\">Upp till 120 000 bloss<\/span><\/td>\n<\/tr>\n<tr>\n<td><span data-path-to-node=\"10,2,0,0\"><b data-path-to-node=\"10,2,0,0\" data-index-in-node=\"0\">E-v\u00e4tska volym<\/b><\/span><\/td>\n<td><span data-path-to-node=\"10,2,1,0\">50 ml f\u00f6rfylld<\/span><\/td>\n<\/tr>\n<tr>\n<td><span data-path-to-node=\"10,3,0,0\"><b data-path-to-node=\"10,3,0,0\" data-index-in-node=\"0\">Spolmotst\u00e5nd<\/b><\/span><\/td>\n<td><span data-path-to-node=\"10,3,1,0\">0,2\u03a9 subohm dubbeln\u00e4t<\/span><\/td>\n<\/tr>\n<tr>\n<td><span data-path-to-node=\"10,4,0,0\"><b data-path-to-node=\"10,4,0,0\" data-index-in-node=\"0\">Batterityp<\/b><\/span><\/td>\n<td><span data-path-to-node=\"10,4,1,0\">2200mAh (uppladdningsbart batteri med h\u00f6g kapacitet)<\/span><\/td>\n<\/tr>\n<tr>\n<td><span data-path-to-node=\"10,5,0,0\"><b data-path-to-node=\"10,5,0,0\" data-index-in-node=\"0\">Vaping-stil<\/b><\/span><\/td>\n<td><span data-path-to-node=\"10,5,1,0\">Direkt-till-lungan (DTL) \/ E-vattenpipa<\/span><\/td>\n<\/tr>\n<tr>\n<td><span data-path-to-node=\"10,6,0,0\"><b data-path-to-node=\"10,6,0,0\" data-index-in-node=\"0\">Luftfl\u00f6de<\/b><\/span><\/td>\n<td><span data-path-to-node=\"10,6,1,0\">360\u00b0 roterande reglerventil<\/span><\/td>\n<\/tr>\n<tr>\n<td><span data-path-to-node=\"10,7,0,0\"><b data-path-to-node=\"10,7,0,0\" data-index-in-node=\"0\">\u00d6vervakning<\/b><\/span><\/td>\n<td><span data-path-to-node=\"10,7,1,0\">LED-indikatorer f\u00f6r olja och batteri<\/span><\/td>\n<\/tr>\n<tr>\n<td><span data-path-to-node=\"10,8,0,0\"><b data-path-to-node=\"10,8,0,0\" data-index-in-node=\"0\">Estetik<\/b><\/span><\/td>\n<td><span data-path-to-node=\"10,8,1,0\">Flerf\u00e4rgad RGB-belysning<\/span><\/td>\n<\/tr>\n<\/tbody>\n<\/table>\n<hr data-path-to-node=\"11\" \/>\n<h3 data-path-to-node=\"12\"><a href=\"https:\/\/vapealps.com\/sv\/produkt-kategori\/atvs-disposable-vapes\/\">\u00a0fyrhjulingar<\/a> 120000: Meny med signatursmaker<\/h3>\n<p data-path-to-node=\"13\">120K-serien har 10 expertblandade smaker med h\u00f6g m\u00e4ttnadsgrad, utformade f\u00f6r att efterlikna den aromatiska intensiteten hos premium shishatobak.<\/p>\n<table data-path-to-node=\"14\">\n<thead>\n<tr>\n<td><strong>Frukt- och isprofiler<\/strong><\/td>\n<td><strong>Uppfriskande och blandade blandningar<\/strong><\/td>\n<\/tr>\n<\/thead>\n<tbody>\n<tr>\n<td><span data-path-to-node=\"14,1,0,0\"><b data-path-to-node=\"14,1,0,0\" data-index-in-node=\"0\">Frodig is<\/b><\/span><\/td>\n<td><span data-path-to-node=\"14,1,1,0\"><b data-path-to-node=\"14,1,1,0\" data-index-in-node=\"0\">Bl\u00e5 Razz-lemonad<\/b><\/span><\/td>\n<\/tr>\n<tr>\n<td><span data-path-to-node=\"14,2,0,0\"><b data-path-to-node=\"14,2,0,0\" data-index-in-node=\"0\">Mangois<\/b><\/span><\/td>\n<td><span data-path-to-node=\"14,2,1,0\"><b data-path-to-node=\"14,2,1,0\" data-index-in-node=\"0\">Citronmynta<\/b><\/span><\/td>\n<\/tr>\n<tr>\n<td><span data-path-to-node=\"14,3,0,0\"><b data-path-to-node=\"14,3,0,0\" data-index-in-node=\"0\">Persikois<\/b><\/span><\/td>\n<td><span data-path-to-node=\"14,3,1,0\"><b data-path-to-node=\"14,3,1,0\" data-index-in-node=\"0\">Dubbla \u00e4pplen<\/b><\/span><\/td>\n<\/tr>\n<tr>\n<td><span data-path-to-node=\"14,4,0,0\"><b data-path-to-node=\"14,4,0,0\" data-index-in-node=\"0\">Bl\u00e5b\u00e4rsglass<\/b><\/span><\/td>\n<td><span data-path-to-node=\"14,4,1,0\"><b data-path-to-node=\"14,4,1,0\" data-index-in-node=\"0\">Bj\u00f6rnb\u00e4rsis<\/b><\/span><\/td>\n<\/tr>\n<tr>\n<td><span data-path-to-node=\"14,5,0,0\"><b data-path-to-node=\"14,5,0,0\" data-index-in-node=\"0\">Druvis<\/b><\/span><\/td>\n<td><span data-path-to-node=\"14,5,1,0\"><b data-path-to-node=\"14,5,1,0\" data-index-in-node=\"0\">K\u00f6rsb\u00e4rsglass<\/b><\/span><\/td>\n<\/tr>\n<\/tbody>\n<\/table>\n<hr data-path-to-node=\"15\" \/>\n<h3 data-path-to-node=\"16\">\u00a0Strategiska f\u00f6rdelar f\u00f6r grossist- och detaljhandel<\/h3>\n<ol start=\"1\" data-path-to-node=\"17\">\n<li>\n<p data-path-to-node=\"17,0,0\"><b data-path-to-node=\"17,0,0\" data-index-in-node=\"0\">Unik marknadsnisch:<\/b> &quot;Hookah Head&quot;-formfaktorn \u00f6verbryggar klyftan mellan traditionella vattenpipor\u00f6kare och moderna vejpare, vilket \u00f6ppnar upp en massiv andrahandsmarknad f\u00f6r <b data-path-to-node=\"17,0,0\" data-index-in-node=\"163\">detaljhandel<\/b> butiker.<\/p>\n<\/li>\n<li>\n<p data-path-to-node=\"17,1,0\"><b data-path-to-node=\"17,1,0\" data-index-in-node=\"0\">Oslagbar kapacitet:<\/b> Betyget p\u00e5 120 000 bloss \u00e4r en &quot;hj\u00e4ltespecifikation&quot; som omedelbart f\u00e5ngar kundernas uppm\u00e4rksamhet och ger det h\u00f6gsta v\u00e4rdet per dollar i ditt lager.<\/p>\n<\/li>\n<li>\n<p data-path-to-node=\"17,2,0\"><b data-path-to-node=\"17,2,0\" data-index-in-node=\"0\">Bekv\u00e4mlighet utan kladd:<\/b><span class=\"citation-211 citation-end-211\"> Marknadsf\u00f6r detta som alternativet &quot;Clean Shisha&quot; \u2013 inget kol, inget vattenspill och ingen tobaksreng\u00f6ring \u2013 vilket g\u00f6r det perfekt f\u00f6r hemmabruk och loungebruk.<\/span><\/p>\n<\/li>\n<li>\n<p data-path-to-node=\"17,3,0\"><b data-path-to-node=\"17,3,0\" data-index-in-node=\"0\">Premium byggkvalitet:<\/b><span class=\"citation-210\"> 2200mAh-batteriet och 0,2\u03a9-spolen s\u00e4kerst\u00e4ller en h\u00f6geffektsupplevelse som \u00f6vertr\u00e4ffar vanliga eng\u00e5ngsbatterier, vilket motiverar ett premiumpris och b\u00e4ttre marginaler f\u00f6r <\/span><b data-path-to-node=\"17,3,0\" data-index-in-node=\"185\"><span class=\"citation-210\">grossist-<\/span><\/b><span class=\"citation-210 citation-end-210\"> distribut\u00f6rer.<\/span><\/p>\n<\/li>\n<\/ol>\n<div class=\"product-navigation\">\n<p>F\u00f6reg\u00e5ende produkt: <a href=\"https:\/\/vapealps.com\/sv\/produkt\/fihp-multi-rechargeable-disposable-vape\/\">FIHP MULTI 120000 120K Puffs 6 i 1 Smaker Nyaste Original Uppladdningsbar LED-Display Eng\u00e5ngsvape<\/a><\/p>\n<p>N\u00e4sta produkt: <a href=\"https:\/\/vapealps.com\/sv\/produkt\/bang-leader-disposable-vape\/\">Bang Leader 110000 110K Puffs 6-i-1-smaker Nyaste Original Uppladdningsbara LED-Display Eng\u00e5ngsvape<\/a><\/p>\n<\/div>","protected":false},"excerpt":{"rendered":"<p>ATVS 120000 Hookah Head: The Ultimate E-Shisha Innovation The ATVS 120000 Puffs Hookah Head is a revolutionary hybrid device that<\/p>","protected":false},"featured_media":11160,"comment_status":"open","ping_status":"closed","template":"","meta":[],"product_brand":[1327],"product_cat":[954,1137,1135,1131,895],"product_tag":[955],"class_list":{"0":"post-11171","1":"product","2":"type-product","3":"status-publish","4":"has-post-thumbnail","6":"product_brand-atvs","7":"product_cat-atvs","8":"product_cat-120k-puffs","9":"product_cat-atvs-120k-puffs","10":"product_cat-atvs-disposable-vapes","11":"product_cat-disposable-vape","12":"product_tag-atvs","14":"first","15":"instock","16":"sale","17":"shipping-taxable","18":"purchasable","19":"product-type-variable"},"tiered_pricing_type":"fixed","tiered_pricing_fixed_rules":[],"tiered_pricing_product_settings":{"layout":"default","base_unit_name":{"singular":null,"plural":null},"default_variation":null},"tiered_pricing_minimum_quantity":null,"tiered_pricing_roles_data":[],"tiered_pricing_percentage_rules":[],"tiered_pricing_maximum_quantity":null,"tiered_pricing_quantity_step":null,"_links":{"self":[{"href":"https:\/\/vapealps.com\/sv\/wp-json\/wp\/v2\/product\/11171","targetHints":{"allow":["GET"]}}],"collection":[{"href":"https:\/\/vapealps.com\/sv\/wp-json\/wp\/v2\/product"}],"about":[{"href":"https:\/\/vapealps.com\/sv\/wp-json\/wp\/v2\/types\/product"}],"replies":[{"embeddable":true,"href":"https:\/\/vapealps.com\/sv\/wp-json\/wp\/v2\/comments?post=11171"}],"version-history":[{"count":2,"href":"https:\/\/vapealps.com\/sv\/wp-json\/wp\/v2\/product\/11171\/revisions"}],"predecessor-version":[{"id":18530,"href":"https:\/\/vapealps.com\/sv\/wp-json\/wp\/v2\/product\/11171\/revisions\/18530"}],"wp:featuredmedia":[{"embeddable":true,"href":"https:\/\/vapealps.com\/sv\/wp-json\/wp\/v2\/media\/11160"}],"wp:attachment":[{"href":"https:\/\/vapealps.com\/sv\/wp-json\/wp\/v2\/media?parent=11171"}],"wp:term":[{"taxonomy":"product_brand","embeddable":true,"href":"https:\/\/vapealps.com\/sv\/wp-json\/wp\/v2\/product_brand?post=11171"},{"taxonomy":"product_cat","embeddable":true,"href":"https:\/\/vapealps.com\/sv\/wp-json\/wp\/v2\/product_cat?post=11171"},{"taxonomy":"product_tag","embeddable":true,"href":"https:\/\/vapealps.com\/sv\/wp-json\/wp\/v2\/product_tag?post=11171"}],"curies":[{"name":"wp","href":"https:\/\/api.w.org\/{rel}","templated":true}]}}