{"id":2302,"date":"2026-01-07T06:11:42","date_gmt":"2026-01-07T06:11:42","guid":{"rendered":"https:\/\/vapealps.com\/?post_type=product&#038;p=2302"},"modified":"2026-01-21T07:39:29","modified_gmt":"2026-01-21T07:39:29","slug":"fumot-leopard-40k-puffs-wholesale","status":"publish","type":"product","link":"https:\/\/vapealps.com\/sv\/produkt\/fumot-leopard-40k-puffs-wholesale\/","title":{"rendered":"Fumot Leopard 40K Puffs L\u00e5g Nikotinhalt K\u00f6p i Bulk Autentiska Eng\u00e5ngsvapes i Partihandel"},"content":{"rendered":"<h2 data-path-to-node=\"0\">Fumot Leopard 40 000 Puffs: Den ultimata nikotinfattiga eng\u00e5ngsvapen f\u00f6r grossister<\/h2>\n<p data-path-to-node=\"1\">Letar du efter en eng\u00e5ngsvape med h\u00f6g kapacitet och h\u00f6g prestanda som kombinerar l\u00e5ng livsl\u00e4ngd med dj\u00e4rv estetik? <b data-path-to-node=\"1\" data-index-in-node=\"122\">Fumot Leopard 40K<\/b> (<a href=\"https:\/\/vapealps.com\/sv\/produkt-kategori\/fumot\/\">Klicka f\u00f6r att v\u00e4lja fler Fumot-vapes<\/a>) \u00e4r konstruerad f\u00f6r att omdefiniera vaping-upplevelsen. <span class=\"citation-35\">Erbjuder en aldrig tidigare sk\u00e5dad <\/span><b data-path-to-node=\"1\" data-index-in-node=\"215\"><span class=\"citation-35\">40 000 bloss<\/span><\/b><span class=\"citation-35 citation-end-35\">, den h\u00e4r enheten \u00e4r ett kraftpaket designat f\u00f6r b\u00e5de molnentusiaster och smaks\u00f6kare.<sup class=\"superscript\" data-turn-source-index=\"1\">1<\/sup><\/span> F\u00f6r grossister och \u00e5terf\u00f6rs\u00e4ljare som vill dominera marknaden med en premiumprodukt med l\u00e5ng h\u00e5llbarhet \u00e4r Leopard 40K det definitiva valet f\u00f6r ert lager.<\/p>\n<hr data-path-to-node=\"2\" \/>\n<h3 data-path-to-node=\"3\">\u00a0Fumot Leopard 40 000 puffar Produkt\u00f6versikt<\/h3>\n<p data-path-to-node=\"4\">Fumot Leopard 40K \u00e4r inte bara en vape; den \u00e4r ett uttalande om h\u00e5llbarhet och avancerad teknologi. <span class=\"citation-34\">I sin k\u00e4rna finns en <\/span><b data-path-to-node=\"4\" data-index-in-node=\"114\"><span class=\"citation-34\">700mAh uppladdningsbart batteri med h\u00f6g kapacitet<\/span><\/b><span class=\"citation-34 citation-end-34\">, vilket s\u00e4kerst\u00e4ller att anv\u00e4ndarna kan njuta av varenda droppe e-v\u00e4tska utan att enheten d\u00f6r i f\u00f6rtid.<\/span><\/p>\n<p data-path-to-node=\"5\"><span class=\"citation-33\">Det utm\u00e4rkande draget \u00e4r <\/span><b data-path-to-node=\"5\" data-index-in-node=\"28\"><span class=\"citation-33\">integrerad digital sk\u00e4rm<\/span><\/b><span class=\"citation-33 citation-end-33\">, vilket ger realtids\u00f6vervakning av b\u00e5de batteritid och e-v\u00e4tskeniv\u00e5er.<sup class=\"superscript\" data-turn-source-index=\"3\">3<\/sup><\/span> Inget mer gissningslek eller ov\u00e4ntade resultat \u2013 anv\u00e4ndarna h\u00e5ller sig informerade med en snabb blick. <span class=\"citation-32\">Drivs av en sofistikerad <\/span><b data-path-to-node=\"5\" data-index-in-node=\"232\"><span class=\"citation-32\">dubbelt n\u00e4tspolsystem<\/span><\/b><span class=\"citation-32 citation-end-32\">, maximerar Leopard 40K ytan f\u00f6r att producera rik, j\u00e4mn smak och volumin\u00f6sa \u00e5ngmoln fr\u00e5n det allra f\u00f6rsta blosset till det 40 000:e.<\/span><\/p>\n<h3>Anpassning och prestanda<\/h3>\n<p data-path-to-node=\"7\"><span class=\"citation-31\">Leopard 40K riktar sig till en bred demografi och finns i flera nikotinstyrkor: <\/span><b data-path-to-node=\"7\" data-index-in-node=\"93\"><span class=\"citation-31\">0%, 2%, 3% och 5%<\/span><\/b><span class=\"citation-31 citation-end-31\">.<\/span>Oavsett om dina kunder vill sluta med nikotin helt eller f\u00f6redrar en starkare dos, anpassar sig den h\u00e4r apparaten till deras behov. Med sin moderna <b data-path-to-node=\"7\" data-index-in-node=\"251\">Typ-C snabbladdningsport<\/b>, driftstopp minimeras, vilket h\u00e5ller enheten redo f\u00f6r anv\u00e4ndning.<\/p>\n<hr data-path-to-node=\"8\" \/>\n<h3 data-path-to-node=\"9\">Viktiga funktioner och specifikationer<\/h3>\n<table data-path-to-node=\"10\">\n<thead>\n<tr>\n<td><strong>S\u00e4rdrag<\/strong><\/td>\n<td><strong>Specifikationsdetaljer<\/strong><\/td>\n<\/tr>\n<\/thead>\n<tbody>\n<tr>\n<td><span data-path-to-node=\"10,1,0,0\"><b data-path-to-node=\"10,1,0,0\" data-index-in-node=\"0\">Puffr\u00e4kning<\/b><\/span><\/td>\n<td><span data-path-to-node=\"10,1,1,0\">Upp till 40 000 bloss<\/span><\/td>\n<\/tr>\n<tr>\n<td><span data-path-to-node=\"10,2,0,0\"><b data-path-to-node=\"10,2,0,0\" data-index-in-node=\"0\">Batteri<\/b><\/span><\/td>\n<td><span data-path-to-node=\"10,2,1,0\">700mAh (uppladdningsbar)<\/span><\/td>\n<\/tr>\n<tr>\n<td><span data-path-to-node=\"10,3,0,0\"><b data-path-to-node=\"10,3,0,0\" data-index-in-node=\"0\">Laddning<\/b><\/span><\/td>\n<td><span data-path-to-node=\"10,3,1,0\">Typ-C snabbladdning<\/span><\/td>\n<\/tr>\n<tr>\n<td><span data-path-to-node=\"10,4,0,0\"><b data-path-to-node=\"10,4,0,0\" data-index-in-node=\"0\">Spoltyp<\/b><\/span><\/td>\n<td><span data-path-to-node=\"10,4,1,0\">Dubbelmaskig spolteknik<\/span><\/td>\n<\/tr>\n<tr>\n<td><span data-path-to-node=\"10,5,0,0\"><b data-path-to-node=\"10,5,0,0\" data-index-in-node=\"0\">Visa<\/b><\/span><\/td>\n<td><span data-path-to-node=\"10,5,1,0\">Smart digital olje- och batterisk\u00e4rm<\/span><\/td>\n<\/tr>\n<tr>\n<td><span data-path-to-node=\"10,6,0,0\"><b data-path-to-node=\"10,6,0,0\" data-index-in-node=\"0\">Nikotinstyrkor<\/b><\/span><\/td>\n<td><span data-path-to-node=\"10,6,1,0\">0% \/ 2% \/ 3% \/ 5%<\/span><\/td>\n<\/tr>\n<tr>\n<td><span data-path-to-node=\"10,7,0,0\"><b data-path-to-node=\"10,7,0,0\" data-index-in-node=\"0\">Byggkvalitet<\/b><\/span><\/td>\n<td><span data-path-to-node=\"10,7,1,0\">Ergonomisk, elegant &quot;Leopard&quot;-estetik<\/span><\/td>\n<\/tr>\n<tr>\n<td><span data-path-to-node=\"10,8,0,0\"><b data-path-to-node=\"10,8,0,0\" data-index-in-node=\"0\">Grossistenhet<\/b><\/span><\/td>\n<td><span data-path-to-node=\"10,8,1,0\">160 enheter per kartong<\/span><\/td>\n<\/tr>\n<tr>\n<td><span data-path-to-node=\"10,9,0,0\"><b data-path-to-node=\"10,9,0,0\" data-index-in-node=\"0\">Kartongvikt<\/b><\/span><\/td>\n<td><span data-path-to-node=\"10,9,1,0\">20,1 kg (standardiserad fraktvikt)<\/span><\/td>\n<\/tr>\n<\/tbody>\n<\/table>\n<hr data-path-to-node=\"11\" \/>\n<h3 data-path-to-node=\"12\">Fumot Leopard 40K smakprofiler<\/h3>\n<p data-path-to-node=\"13\">Utforska en v\u00e4rld av livfulla smaker med v\u00e5rt varierade smaksortiment.<a href=\"https:\/\/vapealps.com\/sv\/produkt-kategori\/fumot\/\">Klicka f\u00f6r att v\u00e4lja fler Fumot-vapes<\/a>Varje alternativ \u00e4r tillverkat med f\u00f6rstklassiga ingredienser f\u00f6r att garantera en len och l\u00e5ngvarig eftersmak.<\/p>\n<table data-path-to-node=\"14\">\n<thead>\n<tr>\n<td><strong>Smaknamn<\/strong><\/td>\n<td><strong>Smakbeskrivning<\/strong><\/td>\n<\/tr>\n<\/thead>\n<tbody>\n<tr>\n<td><span data-path-to-node=\"14,1,0,0\"><b data-path-to-node=\"14,1,0,0\" data-index-in-node=\"0\">Blandade b\u00e4r<\/b><\/span><\/td>\n<td><span data-path-to-node=\"14,1,1,0\">En s\u00f6t och syrlig explosion av skogsb\u00e4r.<\/span><\/td>\n<\/tr>\n<tr>\n<td><span data-path-to-node=\"14,2,0,0\"><b data-path-to-node=\"14,2,0,0\" data-index-in-node=\"0\">Bl\u00e5b\u00e4r Hallon<\/b><\/span><\/td>\n<td><span data-path-to-node=\"14,2,1,0\">En klassisk duo av syrliga bl\u00e5 frukter.<\/span><\/td>\n<\/tr>\n<tr>\n<td><span data-path-to-node=\"14,3,0,0\"><b data-path-to-node=\"14,3,0,0\" data-index-in-node=\"0\">Jordgubbsvattenmelon<\/b><\/span><\/td>\n<td><span data-path-to-node=\"14,3,1,0\">Sommar i en vape \u2013 s\u00f6ta b\u00e4r m\u00f6ts av saftig melon.<\/span><\/td>\n<\/tr>\n<tr>\n<td><span data-path-to-node=\"14,4,0,0\"><b data-path-to-node=\"14,4,0,0\" data-index-in-node=\"0\">Jordgubbsglass<\/b><\/span><\/td>\n<td><span data-path-to-node=\"14,4,1,0\">Nyplockade jordgubbar med en kylig mentol-avslutning.<\/span><\/td>\n<\/tr>\n<tr>\n<td><span data-path-to-node=\"14,5,0,0\"><b data-path-to-node=\"14,5,0,0\" data-index-in-node=\"0\">K\u00f6rsb\u00e4rsglass<\/b><\/span><\/td>\n<td><span data-path-to-node=\"14,5,1,0\">Djupa, m\u00f6rka k\u00f6rsb\u00e4rsnoter avrundade med en sval bris.<\/span><\/td>\n<\/tr>\n<tr>\n<td><span data-path-to-node=\"14,6,0,0\"><b data-path-to-node=\"14,6,0,0\" data-index-in-node=\"0\">Vattenmelonis<\/b><\/span><\/td>\n<td><span data-path-to-node=\"14,6,1,0\">Uppfriskande vattenmelon med en krispig, iskall utandning.<\/span><\/td>\n<\/tr>\n<tr>\n<td><span data-path-to-node=\"14,7,0,0\"><b data-path-to-node=\"14,7,0,0\" data-index-in-node=\"0\">Kiwi passionsfrukt guava<\/b><\/span><\/td>\n<td><span data-path-to-node=\"14,7,1,0\">En tropisk trio som \u00e4r exotisk och syrlig.<\/span><\/td>\n<\/tr>\n<tr>\n<td><span data-path-to-node=\"14,8,0,0\"><b data-path-to-node=\"14,8,0,0\" data-index-in-node=\"0\">Dr. Bl\u00e5<\/b><\/span><\/td>\n<td><span data-path-to-node=\"14,8,1,0\">En hemlig blandning av bl\u00e5 frukter med en nostalgisk l\u00e4sk-twist.<\/span><\/td>\n<\/tr>\n<tr>\n<td><span data-path-to-node=\"14,9,0,0\"><b data-path-to-node=\"14,9,0,0\" data-index-in-node=\"0\">Bl\u00e5b\u00e4r p\u00e5 is<\/b><\/span><\/td>\n<td><span data-path-to-node=\"14,9,1,0\">Ren bl\u00e5b\u00e4rss\u00f6tma serverad \u00f6ver &quot;krossad is&quot;.\u201c<\/span><\/td>\n<\/tr>\n<tr>\n<td><span data-path-to-node=\"14,10,0,0\"><b data-path-to-node=\"14,10,0,0\" data-index-in-node=\"0\">Persikab\u00e4r<\/b><\/span><\/td>\n<td><span data-path-to-node=\"14,10,1,0\">Saftiga persikor blandade med en n\u00e4ve blandade b\u00e4r.<\/span><\/td>\n<\/tr>\n<tr>\n<td><span data-path-to-node=\"14,11,0,0\"><b data-path-to-node=\"14,11,0,0\" data-index-in-node=\"0\">Rosa lemonad<\/b><\/span><\/td>\n<td><span data-path-to-node=\"14,11,1,0\">Sprudlande, bubbelig och l\u00e4tt s\u00f6t citruslycka.<\/span><\/td>\n<\/tr>\n<tr>\n<td><span data-path-to-node=\"14,12,0,0\"><b data-path-to-node=\"14,12,0,0\" data-index-in-node=\"0\">Jordgubb Banan<\/b><\/span><\/td>\n<td><span data-path-to-node=\"14,12,1,0\">En kr\u00e4mig, smoothie-liknande blandning av fruktfavoriter.<\/span><\/td>\n<\/tr>\n<tr>\n<td><span data-path-to-node=\"14,13,0,0\"><b data-path-to-node=\"14,13,0,0\" data-index-in-node=\"0\">Vattenmelon Bubblegum<\/b><\/span><\/td>\n<td><span data-path-to-node=\"14,13,1,0\">Lekfull och sockers\u00f6t \u2013 den ultimata godisvapen.<\/span><\/td>\n<\/tr>\n<tr>\n<td><span data-path-to-node=\"14,14,0,0\"><b data-path-to-node=\"14,14,0,0\" data-index-in-node=\"0\">Persika Mango Ananas<\/b><\/span><\/td>\n<td><span data-path-to-node=\"14,14,1,0\">En gyllene blandning av solmogna tropiska frukter.<\/span><\/td>\n<\/tr>\n<tr>\n<td><span data-path-to-node=\"14,15,0,0\"><b data-path-to-node=\"14,15,0,0\" data-index-in-node=\"0\">Svart drakeis<\/b><\/span><\/td>\n<td><span data-path-to-node=\"14,15,1,0\">Exotisk drakfrukt med en karakt\u00e4ristisk kylande effekt.<\/span><\/td>\n<\/tr>\n<tr>\n<td><span data-path-to-node=\"14,16,0,0\"><b data-path-to-node=\"14,16,0,0\" data-index-in-node=\"0\">Bl\u00e5b\u00e4r K\u00f6rsb\u00e4r Tranb\u00e4r<\/b><\/span><\/td>\n<td><span data-path-to-node=\"14,16,1,0\">En sofistikerad, trippelhotande b\u00e4rkombination.<\/span><\/td>\n<\/tr>\n<\/tbody>\n<\/table>\n<hr data-path-to-node=\"15\" \/>\n<h3 data-path-to-node=\"16\">Varf\u00f6r v\u00e4lja Fumot Leopard 40K f\u00f6r grossistf\u00f6rs\u00e4ljning?<\/h3>\n<p data-path-to-node=\"17\">Att k\u00f6pa i bulk kr\u00e4ver f\u00f6rtroende f\u00f6r b\u00e5de produkten och logistiken. Fumot Leopard 40K (<a href=\"https:\/\/vapealps.com\/sv\/produkt-kategori\/fumot\/\">Klicka f\u00f6r att v\u00e4lja fler Fumot-vapes<\/a>)\u00e4r optimerad f\u00f6r grossistmarknaden:<\/p>\n<ul data-path-to-node=\"18\">\n<li>\n<p data-path-to-node=\"18,0,0\"><b data-path-to-node=\"18,0,0\" data-index-in-node=\"0\">\u00c4kthetsgaranti:<\/b> Varje enhet \u00e4r en original fabriksprodukt, vilket garanterar att dina kunder f\u00e5r den kvalitet de f\u00f6rv\u00e4ntar sig av varum\u00e4rket Fumot.<\/p>\n<\/li>\n<li>\n<p data-path-to-node=\"18,1,0\"><b data-path-to-node=\"18,1,0\" data-index-in-node=\"0\">Lagereffektivitet:<\/b> Med 160 enheter per kartong och standardiserade m\u00e5tt \u00e4r det enkelt att hantera ditt lagerutrymme och ber\u00e4kna fraktkostnader.<\/p>\n<\/li>\n<li>\n<p data-path-to-node=\"18,2,0\"><b data-path-to-node=\"18,2,0\" data-index-in-node=\"0\">Marknadens m\u00e5ngsidighet:<\/b> Utbudet av nikotinniv\u00e5er (s\u00e4rskilt alternativen 0% och 2%) g\u00f6r denna produkt mycket attraktiv f\u00f6r de europeiska och globala marknaderna d\u00e4r regleringar och preferenser varierar.<\/p>\n<\/li>\n<li>\n<p data-path-to-node=\"18,3,0\"><b data-path-to-node=\"18,3,0\" data-index-in-node=\"0\">H\u00f6g oms\u00e4ttning:<\/b> Kombinationen av ett h\u00f6gt blossantal och en digital display g\u00f6r detta till ett &quot;m\u00e5ste&quot;-pryl f\u00f6r vejpare, vilket leder till snabbare f\u00f6rs\u00e4ljningscykler f\u00f6r \u00e5terf\u00f6rs\u00e4ljare.<\/p>\n<\/li>\n<\/ul>\n<hr data-path-to-node=\"19\" \/>\n<h4 data-path-to-node=\"20\">Vanliga fr\u00e5gor (FAQ)<\/h4>\n<h4><strong>Hur l\u00e4nge r\u00e4cker egentligen kapaciteten p\u00e5 40 000 bloss?<\/strong><\/h4>\n<p>F\u00f6r en genomsnittlig anv\u00e4ndare kan 40 000 bloss r\u00e4cka fr\u00e5n flera veckor till \u00f6ver en m\u00e5nad, vilket g\u00f6r det till en av de mest kostnadseffektiva vapingl\u00f6sningarna p\u00e5 marknaden.<\/p>\n<h5>\u00c4r enheten l\u00e4tt att ladda?<\/h5>\n<p>Ja! Leopard 40K anv\u00e4nder en vanlig typ-C-port (vanlig f\u00f6r smartphones), vilket m\u00f6jligg\u00f6r snabb och bekv\u00e4m laddning var som helst.<\/p>\n<p>Vilka \u00e4r fraktspecifikationerna f\u00f6r bulkbest\u00e4llningar?<\/p>\n<p>Best\u00e4llningar skickas i huvudkartonger inneh\u00e5llande 160 stycken. Varje kartong v\u00e4ger cirka 20,1 kg, utformad f\u00f6r h\u00e5llbarhet under internationell transport.<\/p>\n<h5>\u00c4r dessa vapes TPD-kompatibla?<\/h5>\n<p>Vi erbjuder olika nikotinstyrkor, inklusive 0% och 2%, f\u00f6r att hj\u00e4lpa distribut\u00f6rer att uppfylla lokala myndighetskrav i olika regioner.<\/p>\n<div id=\"attachment_48416\" style=\"width: 1258px\" class=\"wp-caption alignnone\"><a href=\"https:\/\/vapealps.com\/sv\/produkt-kategori\/fumot\/\"><img loading=\"lazy\" decoding=\"async\" aria-describedby=\"caption-attachment-48416\" class=\"lazy-load-active wp-image-48416 size-large\" src=\"https:\/\/gleevape.com\/wp-content\/uploads\/2025\/06\/Fumot-Leopard-40K-Puffs-5-1248x800.webp\" alt=\"Fumot Leopard 40K Puffs Low Nicotine Bulk Buy Wholesale Authentic Disposable Vapes\" width=\"1248\" height=\"800\" data-src=\"https:\/\/gleevape.com\/wp-content\/uploads\/2025\/06\/Fumot-Leopard-40K-Puffs-5-1248x800.webp\" data-srcset=\"https:\/\/i0.wp.com\/gleevape.com\/wp-content\/uploads\/2025\/06\/Fumot-Leopard-40K-Puffs-5-scaled.webp?resize=1248%2C800&amp;ssl=1 1248w, https:\/\/i0.wp.com\/gleevape.com\/wp-content\/uploads\/2025\/06\/Fumot-Leopard-40K-Puffs-5-scaled.webp?resize=624%2C400&amp;ssl=1 624w, https:\/\/i0.wp.com\/gleevape.com\/wp-content\/uploads\/2025\/06\/Fumot-Leopard-40K-Puffs-5-scaled.webp?resize=768%2C492&amp;ssl=1 768w, https:\/\/i0.wp.com\/gleevape.com\/wp-content\/uploads\/2025\/06\/Fumot-Leopard-40K-Puffs-5-scaled.webp?resize=1536%2C985&amp;ssl=1 1536w, https:\/\/i0.wp.com\/gleevape.com\/wp-content\/uploads\/2025\/06\/Fumot-Leopard-40K-Puffs-5-scaled.webp?resize=2048%2C1313&amp;ssl=1 2048w, https:\/\/i0.wp.com\/gleevape.com\/wp-content\/uploads\/2025\/06\/Fumot-Leopard-40K-Puffs-5-scaled.webp?resize=18%2C12&amp;ssl=1 18w, https:\/\/i0.wp.com\/gleevape.com\/wp-content\/uploads\/2025\/06\/Fumot-Leopard-40K-Puffs-5-scaled.webp?resize=600%2C385&amp;ssl=1 600w\" data- title=\"\"><\/a><\/p>\n<p id=\"caption-attachment-48416\" class=\"wp-caption-text\">Fumot Leopard 40K Puffs L\u00e5g Nikotinhalt K\u00f6p i Bulk Autentiska Eng\u00e5ngsvapes i Partihandel<\/p>\n<\/div>\n<div class=\"product-navigation\">\n<p>F\u00f6reg\u00e5ende produkt: <a href=\"https:\/\/vapealps.com\/sv\/produkt\/fumot-tornado-20000-wholesale\/\">Randm Fumot Tornado 20000 Puffs Dubbelmaskig Digital Sk\u00e4rm 20K 0% 2% 3% 5% L\u00e5g Nikotinhalt Bulk K\u00f6p Partihandel Uppladdningsbar Eng\u00e5ngs Vape Pen<\/a><\/p>\n<p>N\u00e4sta produkt: <a href=\"https:\/\/vapealps.com\/sv\/produkt\/fumot-tornado-25000-wholesale\/\">Fumot Tornado 25000 Puffs 2% 5% L\u00e5g nikotinhalt K\u00f6p i bulk Uppladdningsbara Digitala Displayer Eng\u00e5ngs-Vapes i Partihandel<\/a><\/p>\n<\/div>","protected":false},"excerpt":{"rendered":"<p>Fumot Leopard 40,000 Puffs: The Ultimate Low-Nicotine Wholesale Disposable Vape Are you searching for a high-capacity, high-performance disposable vape that<\/p>","protected":false},"featured_media":2336,"comment_status":"open","ping_status":"closed","template":"","meta":[],"product_brand":[1340],"product_cat":[411,409,572,458,416,324],"product_tag":[573,576,575,574],"class_list":{"0":"post-2302","1":"product","2":"type-product","3":"status-publish","4":"has-post-thumbnail","6":"product_brand-fumot","7":"product_cat-fumot","8":"product_cat-fumot-disposable-vapes","9":"product_cat-fumot-leopard-40k-puffs","10":"product_cat-randm","11":"product_cat-randm-disposable-vapes","12":"product_cat-randm-tornado","13":"product_tag-fd-fumot","14":"product_tag-fumot-puff","15":"product_tag-puff-fumot","16":"product_tag-vape-fumot","18":"first","19":"instock","20":"shipping-taxable","21":"purchasable","22":"product-type-variable"},"tiered_pricing_type":"fixed","tiered_pricing_fixed_rules":{"30":"8.85","60":"8.07","100":"7.42","200":"6.90","500":"6.51","1000":"6.25"},"tiered_pricing_product_settings":{"layout":"default","base_unit_name":{"singular":null,"plural":null},"default_variation":{}},"tiered_pricing_minimum_quantity":10,"tiered_pricing_roles_data":[],"tiered_pricing_percentage_rules":[],"tiered_pricing_maximum_quantity":null,"tiered_pricing_quantity_step":null,"_links":{"self":[{"href":"https:\/\/vapealps.com\/sv\/wp-json\/wp\/v2\/product\/2302","targetHints":{"allow":["GET"]}}],"collection":[{"href":"https:\/\/vapealps.com\/sv\/wp-json\/wp\/v2\/product"}],"about":[{"href":"https:\/\/vapealps.com\/sv\/wp-json\/wp\/v2\/types\/product"}],"replies":[{"embeddable":true,"href":"https:\/\/vapealps.com\/sv\/wp-json\/wp\/v2\/comments?post=2302"}],"version-history":[{"count":5,"href":"https:\/\/vapealps.com\/sv\/wp-json\/wp\/v2\/product\/2302\/revisions"}],"predecessor-version":[{"id":18445,"href":"https:\/\/vapealps.com\/sv\/wp-json\/wp\/v2\/product\/2302\/revisions\/18445"}],"wp:featuredmedia":[{"embeddable":true,"href":"https:\/\/vapealps.com\/sv\/wp-json\/wp\/v2\/media\/2336"}],"wp:attachment":[{"href":"https:\/\/vapealps.com\/sv\/wp-json\/wp\/v2\/media?parent=2302"}],"wp:term":[{"taxonomy":"product_brand","embeddable":true,"href":"https:\/\/vapealps.com\/sv\/wp-json\/wp\/v2\/product_brand?post=2302"},{"taxonomy":"product_cat","embeddable":true,"href":"https:\/\/vapealps.com\/sv\/wp-json\/wp\/v2\/product_cat?post=2302"},{"taxonomy":"product_tag","embeddable":true,"href":"https:\/\/vapealps.com\/sv\/wp-json\/wp\/v2\/product_tag?post=2302"}],"curies":[{"name":"wp","href":"https:\/\/api.w.org\/{rel}","templated":true}]}}