{"id":2600,"date":"2026-01-07T08:59:46","date_gmt":"2026-01-07T08:59:46","guid":{"rendered":"https:\/\/vapealps.com\/?post_type=product&#038;p=2600"},"modified":"2026-01-21T07:41:39","modified_gmt":"2026-01-21T07:41:39","slug":"elf-box-crystal-bar-600-puffs","status":"publish","type":"product","link":"https:\/\/vapealps.com\/sv\/produkt\/elf-box-crystal-bar-600-puffs\/","title":{"rendered":"ELF BOX CRYSTAL BAR 600 Puffs 0% 2% 5% L\u00e5g nikotinhalt K\u00f6p i bulk laddningsbar eng\u00e5ngspenna f\u00f6r vape i grossistledet"},"content":{"rendered":"<h2 data-path-to-node=\"0\">ELF BOX Crystal Bar 600 Puffs: Den eleganta och b\u00e4rbara vaping-essentiella<\/h2>\n<p data-path-to-node=\"1\">Letar du efter en p\u00e5litlig, kompakt och snygg vapingl\u00f6sning? <b data-path-to-node=\"1\" data-index-in-node=\"66\">ELF BOX Kristallbar 600 puffar<\/b><a href=\"https:\/\/vapealps.com\/sv\/produkt-kategori\/elf-box\/\"><span data-type=\"text\">(Klicka f\u00f6r att v\u00e4lja fler ELF BOX Vapes)<\/span><b data-path-to-node=\"1\" data-index-in-node=\"66\"><\/b> <\/a>\u00e4r den perfekta eng\u00e5ngsapparaten f\u00f6r instegsbruk som inte kompromissar med kvaliteten. Designad med ett fantastiskt kristallklart yttre, kombinerar denna apparat en premiumestetik med enkel funktionalitet. Det \u00e4r det perfekta valet f\u00f6r butiker och grossister som vill ge kunderna en h\u00f6gpresterande, TPD-kompatibel vapingupplevelse.<\/p>\n<hr data-path-to-node=\"2\" \/>\n<h3 data-path-to-node=\"3\">\u00a0Elegant design m\u00f6ter ultimat portabilitet<\/h3>\n<p data-path-to-node=\"4\">ELF BOX Crystal Bar \u00e4r konstruerad f\u00f6r v\u00e4gare p\u00e5 spr\u00e5ng. Dess smala, l\u00e4tta profil (v\u00e4ger endast ... <b data-path-to-node=\"4\" data-index-in-node=\"105\">38 g<\/b>) passar bekv\u00e4mt i vilken ficka eller handv\u00e4ska som helst, vilket g\u00f6r den till den ultimata resekompanjonen. &quot;Crystal&quot;-finishen ser inte bara sofistikerad ut utan ger ocks\u00e5 ett bekv\u00e4mt grepp.<\/p>\n<p data-path-to-node=\"5\">Eftersom den \u00e4r en &quot;drag-aktiverad&quot; enhet finns det inga komplicerade knappar eller inst\u00e4llningar att oroa sig f\u00f6r. Andas bara in f\u00f6r att aktivera v\u00e4rmeelementet och njut av ett j\u00e4mnt, j\u00e4mnt \u00e5ngfl\u00f6de. Den \u00e4r det perfekta valet f\u00f6r nyb\u00f6rjare som \u00f6verg\u00e5r fr\u00e5n traditionella cigaretter eller erfarna vapers som beh\u00f6ver en diskret reservenhet.<a href=\"https:\/\/vapealps.com\/sv\/produkt-kategori\/elf-box\/\"><span data-type=\"text\">(Klicka f\u00f6r att v\u00e4lja fler ELF BOX Vapes)<\/span><b data-path-to-node=\"1\" data-index-in-node=\"66\"><\/b> <\/a><\/p>\n<hr data-path-to-node=\"6\" \/>\n<h3 data-path-to-node=\"7\">\u00a0Teknisk excellens och prestanda<\/h3>\n<p data-path-to-node=\"8\">Trots sin lilla storlek \u00e4r ELF BOX Crystal Bar fullpackad med h\u00f6gkvalitativa komponenter:<\/p>\n<ul data-path-to-node=\"9\">\n<li>\n<p data-path-to-node=\"9,0,0\"><b data-path-to-node=\"9,0,0\" data-index-in-node=\"0\">H\u00f6geffektivt batteri:<\/b> De <b data-path-to-node=\"9,0,0\" data-index-in-node=\"29\">500mAh batteri<\/b> ger en j\u00e4mn kraft f\u00f6r att s\u00e4kerst\u00e4lla en j\u00e4mn smak fr\u00e5n f\u00f6rsta till sista blosset. <span class=\"citation-91\">Till skillnad fr\u00e5n m\u00e5nga sm\u00e5 eng\u00e5ngsartiklar har den h\u00e4r modellen en <\/span><b data-path-to-node=\"9,0,0\" data-index-in-node=\"180\"><span class=\"citation-91\">Typ-C-port<\/span><\/b><span class=\"citation-91 citation-end-91\">, s\u00e5 att du kan fylla p\u00e5 laddningen om det beh\u00f6vs.<\/span><\/p>\n<\/li>\n<li>\n<p data-path-to-node=\"9,1,0\"><b data-path-to-node=\"9,1,0\" data-index-in-node=\"0\">Precisionsspole:<\/b> Med en <b data-path-to-node=\"9,1,0\" data-index-in-node=\"28\">1,6\u03a9 resistansspole<\/b>, den h\u00e4r enheten \u00e4r optimerad f\u00f6r mun-till-lunga (MTL) vaping, vilket ger en tillfredsst\u00e4llande k\u00e4nsla i halsen och tydlig smakdefinition.<\/p>\n<\/li>\n<li>\n<p data-path-to-node=\"9,2,0\"><b data-path-to-node=\"9,2,0\" data-index-in-node=\"0\"><span class=\"citation-90\">TPD-klar:<\/span><\/b><span class=\"citation-90\"> Med en <\/span><b data-path-to-node=\"9,2,0\" data-index-in-node=\"18\"><span class=\"citation-90\">2 ml e-v\u00e4tska kapacitet<\/span><\/b><span class=\"citation-90 citation-end-90\">, den h\u00e4r enheten uppfyller standardkrav, vilket g\u00f6r den enkel att lagerf\u00f6ra p\u00e5 olika internationella marknader.<a href=\"https:\/\/vapealps.com\/sv\/produkt-kategori\/elf-box\/\"><span data-type=\"text\">(Klicka f\u00f6r att v\u00e4lja fler ELF BOX Vapes)<\/span><b data-path-to-node=\"1\" data-index-in-node=\"66\"><\/b> <\/a><\/span><\/p>\n<\/li>\n<\/ul>\n<hr data-path-to-node=\"10\" \/>\n<h3 data-path-to-node=\"11\">Produktspecifikationer<\/h3>\n<table data-path-to-node=\"12\">\n<thead>\n<tr>\n<td><strong>S\u00e4rdrag<\/strong><\/td>\n<td><strong>Specifikationsdetaljer<\/strong><\/td>\n<\/tr>\n<\/thead>\n<tbody>\n<tr>\n<td><span data-path-to-node=\"12,1,0,0\"><b data-path-to-node=\"12,1,0,0\" data-index-in-node=\"0\">Puffr\u00e4kning<\/b><\/span><\/td>\n<td><span data-path-to-node=\"12,1,1,0\">Upp till 600 bloss<\/span><\/td>\n<\/tr>\n<tr>\n<td><span data-path-to-node=\"12,2,0,0\"><b data-path-to-node=\"12,2,0,0\" data-index-in-node=\"0\">E-v\u00e4tskekapacitet<\/b><\/span><\/td>\n<td><span data-path-to-node=\"12,2,1,0\">2 ml f\u00f6rfylld<\/span><\/td>\n<\/tr>\n<tr>\n<td><span data-path-to-node=\"12,3,0,0\"><b data-path-to-node=\"12,3,0,0\" data-index-in-node=\"0\">Batteri<\/b><\/span><\/td>\n<td><span data-path-to-node=\"12,3,1,0\">500mAh (uppladdningsbar via Typ-C)<\/span><\/td>\n<\/tr>\n<tr>\n<td><span data-path-to-node=\"12,4,0,0\"><b data-path-to-node=\"12,4,0,0\" data-index-in-node=\"0\">Spolmotst\u00e5nd<\/b><\/span><\/td>\n<td><span data-path-to-node=\"12,4,1,0\">1,6\u03a9<\/span><\/td>\n<\/tr>\n<tr>\n<td><span data-path-to-node=\"12,5,0,0\"><b data-path-to-node=\"12,5,0,0\" data-index-in-node=\"0\">Vikt<\/b><\/span><\/td>\n<td><span data-path-to-node=\"12,5,1,0\">38 g per enhet<\/span><\/td>\n<\/tr>\n<tr>\n<td><span data-path-to-node=\"12,6,0,0\"><b data-path-to-node=\"12,6,0,0\" data-index-in-node=\"0\">Nikotinstyrkor<\/b><\/span><\/td>\n<td><span data-path-to-node=\"12,6,1,0\">0% \/ 2% \/ 5%<\/span><\/td>\n<\/tr>\n<tr>\n<td><span data-path-to-node=\"12,7,0,0\"><b data-path-to-node=\"12,7,0,0\" data-index-in-node=\"0\">Partihandelsf\u00f6rpackningar<\/b><\/span><\/td>\n<td><span data-path-to-node=\"12,7,1,0\">400 stycken per huvudkartong<\/span><\/td>\n<\/tr>\n<tr>\n<td><span data-path-to-node=\"12,8,0,0\"><b data-path-to-node=\"12,8,0,0\" data-index-in-node=\"0\">Kartongvikt<\/b><\/span><\/td>\n<td><span data-path-to-node=\"12,8,1,0\">17,52 kg<\/span><\/td>\n<\/tr>\n<\/tbody>\n<\/table>\n<hr data-path-to-node=\"13\" \/>\n<h3 data-path-to-node=\"14\">\u00a0ELF BOX Kristallbar 600 Smaker Meny<\/h3>\n<p data-path-to-node=\"15\"><span class=\"citation-89 citation-end-89\">Crystal Bar-serien erbjuder ett urval av livfulla, dessertinspirerade och fruktkylda smaker som tilltalar en m\u00e4ngd olika gommar.<\/span><\/p>\n<table data-path-to-node=\"16\">\n<thead>\n<tr>\n<td><strong>Smaknamn<\/strong><\/td>\n<td><strong>Smakprofil<\/strong><\/td>\n<\/tr>\n<\/thead>\n<tbody>\n<tr>\n<td><span data-path-to-node=\"16,1,0,0\"><b data-path-to-node=\"16,1,0,0\" data-index-in-node=\"0\">Blandade b\u00e4r<\/b><\/span><\/td>\n<td><span data-path-to-node=\"16,1,1,0\">En s\u00f6t och syrlig blandning av sommarens skogsfrukter.<\/span><\/td>\n<\/tr>\n<tr>\n<td><span data-path-to-node=\"16,2,0,0\"><b data-path-to-node=\"16,2,0,0\" data-index-in-node=\"0\">K\u00f6rsb\u00e4rsglass<\/b><\/span><\/td>\n<td><span data-path-to-node=\"16,2,1,0\">Rik, sammetslen gr\u00e4dde blandad med dj\u00e4rva m\u00f6rka k\u00f6rsb\u00e4r.<\/span><\/td>\n<\/tr>\n<tr>\n<td><span data-path-to-node=\"16,3,0,0\"><b data-path-to-node=\"16,3,0,0\" data-index-in-node=\"0\">Jordgubbsglass<\/b><\/span><\/td>\n<td><span data-path-to-node=\"16,3,1,0\">En nostalgisk, len och kr\u00e4mig jordgubbsgodis.<\/span><\/td>\n<\/tr>\n<tr>\n<td><span data-path-to-node=\"16,4,0,0\"><b data-path-to-node=\"16,4,0,0\" data-index-in-node=\"0\">Druvglass<\/b><\/span><\/td>\n<td><span data-path-to-node=\"16,4,1,0\">S\u00f6ta lila druvor med en unik kr\u00e4mig avslutning.<\/span><\/td>\n<\/tr>\n<tr>\n<td><span data-path-to-node=\"16,5,0,0\"><b data-path-to-node=\"16,5,0,0\" data-index-in-node=\"0\">Bl\u00e5b\u00e4rsglass<\/b><\/span><\/td>\n<td><span data-path-to-node=\"16,5,1,0\">Syltade bl\u00e5b\u00e4r virvlade in i en sval vaniljbas.<\/span><\/td>\n<\/tr>\n<tr>\n<td><span data-path-to-node=\"16,6,0,0\"><b data-path-to-node=\"16,6,0,0\" data-index-in-node=\"0\">Vattenmelonglass<\/b><\/span><\/td>\n<td><span data-path-to-node=\"16,6,1,0\">En uppfriskande tropisk twist p\u00e5 en klassisk kr\u00e4mig dessert.<\/span><\/td>\n<\/tr>\n<tr>\n<td><span data-path-to-node=\"16,7,0,0\"><b data-path-to-node=\"16,7,0,0\" data-index-in-node=\"0\">Jordgubbsvattenmelon<\/b><\/span><\/td>\n<td><span data-path-to-node=\"16,7,1,0\">Guldstandarden f\u00f6r fruktduoer \u2013 s\u00f6ta och saftiga.<\/span><\/td>\n<\/tr>\n<tr>\n<td><span data-path-to-node=\"16,8,0,0\"><b data-path-to-node=\"16,8,0,0\" data-index-in-node=\"0\">Bl\u00e5 hallon<\/b><\/span><\/td>\n<td><span data-path-to-node=\"16,8,1,0\">Syrliga, elektriskt bl\u00e5 hallon med en zest kick.<\/span><\/td>\n<\/tr>\n<tr>\n<td><span data-path-to-node=\"16,9,0,0\"><b data-path-to-node=\"16,9,0,0\" data-index-in-node=\"0\">Persikaglass<\/b><\/span><\/td>\n<td><span data-path-to-node=\"16,9,1,0\">Solmogna persikor blandade med mjuk, silkeslen gr\u00e4dde.<\/span><\/td>\n<\/tr>\n<tr>\n<td><span data-path-to-node=\"16,10,0,0\"><b data-path-to-node=\"16,10,0,0\" data-index-in-node=\"0\">Kiwi passionsfrukt<\/b><\/span><\/td>\n<td><span data-path-to-node=\"16,10,1,0\">En exotisk, syrlig explosion av tropisk godhet.<\/span><\/td>\n<\/tr>\n<\/tbody>\n<\/table>\n<hr data-path-to-node=\"17\" \/>\n<h3 data-path-to-node=\"18\">Varf\u00f6r lagerf\u00f6ra ELF BOX Crystal Bar f\u00f6r grossistf\u00f6rs\u00e4ljning?<\/h3>\n<p data-path-to-node=\"19\">ELF BOX Crystal Bar 600 \u00e4r en produkt med h\u00f6g oms\u00e4ttningshastighet, utformad f\u00f6r maximal effektivitet i detaljhandeln:<\/p>\n<ul data-path-to-node=\"20\">\n<li>\n<p data-path-to-node=\"20,0,0\"><b data-path-to-node=\"20,0,0\" data-index-in-node=\"0\">Kompakt logistik:<\/b> Med <b data-path-to-node=\"20,0,0\" data-index-in-node=\"24\">400 enheter per kartong<\/b> och en hanterbar vikt p\u00e5 <b data-path-to-node=\"20,0,0\" data-index-in-node=\"72\">17,52 kg<\/b>, frakt och lagring \u00e4r otroligt kostnadseffektiva.<\/p>\n<\/li>\n<li>\n<p data-path-to-node=\"20,1,0\"><b data-path-to-node=\"20,1,0\" data-index-in-node=\"0\">H\u00f6g marknadsefterfr\u00e5gan:<\/b> 600-puff-kategorin \u00e4r fortfarande det mest popul\u00e4ra segmentet f\u00f6r dagliga pendlare och sociala vejpare.<\/p>\n<\/li>\n<li>\n<p data-path-to-node=\"20,2,0\"><b data-path-to-node=\"20,2,0\" data-index-in-node=\"0\">Kvalitetss\u00e4kring:<\/b> Tillverkad med premiummaterial f\u00f6r att s\u00e4kerst\u00e4lla en l\u00e4ckages\u00e4ker upplevelse, vilket minskar sannolikheten f\u00f6r att kunderna returnerar produkten.<\/p>\n<\/li>\n<li>\n<p data-path-to-node=\"20,3,0\"><b data-path-to-node=\"20,3,0\" data-index-in-node=\"0\">Nikotins m\u00e5ngsidighet:<\/b> Erbjudande <b data-path-to-node=\"20,3,0\" data-index-in-node=\"31\">0%, 2% och 5%<\/b> alternativen l\u00e5ter dig rikta dig till en bredare publik, fr\u00e5n de som slutar med nikotin till de som s\u00f6ker en starkare dos.<\/p>\n<\/li>\n<\/ul>\n<hr data-path-to-node=\"21\" \/>\n<h2 data-path-to-node=\"22\">Vanliga fr\u00e5gor (FAQ)<\/h2>\n<h5>\u00c4r enheten laddningsbar?<\/h5>\n<p>Ja! Till skillnad fr\u00e5n de flesta eng\u00e5ngsf\u00f6rpackningar med 600 bloss har ELF BOX Crystal Bar en laddningsport av typ C.4 Detta s\u00e4kerst\u00e4ller att du kan anv\u00e4nda varenda droppe av 2 ml e-v\u00e4tska \u00e4ven om batteriet inte anv\u00e4nds under en l\u00e4ngre tid.<\/p>\n<h5>Vem \u00e4r den h\u00e4r enheten b\u00e4st f\u00f6r?<\/h5>\n<p>Den \u00e4r perfekt f\u00f6r privatkunder som letar efter en billig och elegant enhet, eller f\u00f6r f\u00f6retag som letar efter en p\u00e5litlig impulsk\u00f6psprodukt att placera n\u00e4ra kassorna.<\/p>\n<h5>Erbjuder ni bulkrabatter?<\/h5>\n<p>Absolut. Vi specialiserar oss p\u00e5 grossistdistribution. Ju fler kartonger du best\u00e4ller, desto mer konkurrenskraftigt blir ditt pris per enhet.<\/p>\n<div class=\"product-navigation\">\n<p>F\u00f6reg\u00e5ende produkt: <a href=\"https:\/\/vapealps.com\/sv\/produkt\/elf-box-digital-12000-puffs\/\">ELF Box Digital 12000 Puffs 0% 2% 3% 5% Nikotin LED-display Eng\u00e5ngs Vape K\u00f6p i Storformat Partihandel<\/a><\/p>\n<p>N\u00e4sta produkt: <a href=\"https:\/\/vapealps.com\/sv\/produkt\/aurora-replaceable-pod-kit\/\">JNR Aurora 27K 27000 Puffs 2+10ml Utbytbart Pod-kit P\u00e5fyllningsbart Original Eng\u00e5ngsvape<\/a><\/p>\n<\/div>","protected":false},"excerpt":{"rendered":"<p>ELF BOX Crystal Bar 600 Puffs: The Sleek &amp; Portable Vaping Essential Looking for a reliable, compact, and stylish vaping<\/p>","protected":false},"featured_media":2613,"comment_status":"open","ping_status":"closed","template":"","meta":[],"product_brand":[1339],"product_cat":[741,728,740,325],"product_tag":[],"class_list":{"0":"post-2600","1":"product","2":"type-product","3":"status-publish","4":"has-post-thumbnail","6":"product_brand-elf-box","7":"product_cat-600-puffs","8":"product_cat-elf-box","9":"product_cat-elf-box-crystal-bar-600-puffs","10":"product_cat-elf-box-disposable-vapes","12":"first","13":"instock","14":"shipping-taxable","15":"purchasable","16":"product-type-variable"},"tiered_pricing_type":"fixed","tiered_pricing_fixed_rules":{"30":"3.37","50":"3.05","100":"2.78","200":"2.57","500":"2.41","1000":"2.30"},"tiered_pricing_product_settings":{"layout":"default","base_unit_name":{"singular":null,"plural":null},"default_variation":{}},"tiered_pricing_minimum_quantity":10,"tiered_pricing_roles_data":[],"tiered_pricing_percentage_rules":[],"tiered_pricing_maximum_quantity":null,"tiered_pricing_quantity_step":"10","_links":{"self":[{"href":"https:\/\/vapealps.com\/sv\/wp-json\/wp\/v2\/product\/2600","targetHints":{"allow":["GET"]}}],"collection":[{"href":"https:\/\/vapealps.com\/sv\/wp-json\/wp\/v2\/product"}],"about":[{"href":"https:\/\/vapealps.com\/sv\/wp-json\/wp\/v2\/types\/product"}],"replies":[{"embeddable":true,"href":"https:\/\/vapealps.com\/sv\/wp-json\/wp\/v2\/comments?post=2600"}],"version-history":[{"count":4,"href":"https:\/\/vapealps.com\/sv\/wp-json\/wp\/v2\/product\/2600\/revisions"}],"predecessor-version":[{"id":18453,"href":"https:\/\/vapealps.com\/sv\/wp-json\/wp\/v2\/product\/2600\/revisions\/18453"}],"wp:featuredmedia":[{"embeddable":true,"href":"https:\/\/vapealps.com\/sv\/wp-json\/wp\/v2\/media\/2613"}],"wp:attachment":[{"href":"https:\/\/vapealps.com\/sv\/wp-json\/wp\/v2\/media?parent=2600"}],"wp:term":[{"taxonomy":"product_brand","embeddable":true,"href":"https:\/\/vapealps.com\/sv\/wp-json\/wp\/v2\/product_brand?post=2600"},{"taxonomy":"product_cat","embeddable":true,"href":"https:\/\/vapealps.com\/sv\/wp-json\/wp\/v2\/product_cat?post=2600"},{"taxonomy":"product_tag","embeddable":true,"href":"https:\/\/vapealps.com\/sv\/wp-json\/wp\/v2\/product_tag?post=2600"}],"curies":[{"name":"wp","href":"https:\/\/api.w.org\/{rel}","templated":true}]}}